{"id":100,"date":"2014-06-11T12:03:56","date_gmt":"2014-06-11T10:03:56","guid":{"rendered":"http:\/\/localhost:8888\/notamusic\/?post_type=product&#038;p=100"},"modified":"2025-04-15T09:54:19","modified_gmt":"2025-04-15T07:54:19","slug":"bar-italia","status":"publish","type":"product","link":"https:\/\/www.nota.it\/en\/prodotto\/bar-italia\/","title":{"rendered":"Bar Italia"},"content":{"rendered":"<p>Dall&#8217;archivio della memoria personale di Lino Straulino vengono fissate per la prima volta su CD le pi\u00f9 vecchie ed inedite canzoni composte in lingua italiana dal cantautore carnico. Significativamente riecheggiano in gran parte del CD atmosfere e sonorit\u00e0 degli anni 80, ci\u00f2 non toglie freschezza, immediatezza e attualit\u00e0 ai compact disc, anche grazie all&#8217;integrazione di alcuni brani pi\u00f9 recenti, compreso un inedito scritto a quattromani con Maurizio Mattiuzza.<\/p>\n<p class=\"p1\"><span class=\"s1\"><div  class='avia-button-wrap av-uj2igt-2dd975adab6625172d3bd26d753a33c1-wrap avia-button-left  avia-builder-el-0  el_before_av_button  avia-builder-el-first '><a href='https:\/\/www.nota.it\/prodotto\/bar-italia-digital-download'  class='avia-button av-uj2igt-2dd975adab6625172d3bd26d753a33c1 av-link-btn avia-icon_select-yes-left-icon avia-size-small avia-position-left avia-color-theme-color'  target=\"_blank\"  rel=\"noopener noreferrer\"  aria-label=\"Acquista il formato digitale\"><span class='avia_button_icon avia_button_icon_left avia-iconfont avia-font-entypo-fontello' data-av_icon='\ue82d' data-av_iconfont='entypo-fontello' ><\/span><span class='avia_iconbox_title' >Acquista il formato digitale<\/span><\/a><\/div> <div  class='avia-button-wrap av-uj2igt-1-eb51ad1c8d211ae23445012606d7e945-wrap avia-button-left  avia-builder-el-1  el_after_av_button  avia-builder-el-last '><a href='https:\/\/music.apple.com\/it\/album\/bar-italia\/1142416221'  class='avia-button av-uj2igt-1-eb51ad1c8d211ae23445012606d7e945 av-link-btn avia-icon_select-yes-left-icon avia-size-small avia-position-left avia-color-grey'  target=\"_blank\"  rel=\"noopener noreferrer\"  aria-label=\"Ascolta o acquista il CD su iTunes\"><span class='avia_button_icon avia_button_icon_left avia-iconfont avia-font-entypo-fontello' data-av_icon='\ue800' data-av_iconfont='entypo-fontello' ><\/span><span class='avia_iconbox_title' >Ascolta o acquista il CD su iTunes<\/span><\/a><\/div><\/span><\/p>\n","protected":false},"excerpt":{"rendered":"<p><strong>Ean\u00a08033481634848<\/strong><\/p>\n","protected":false},"featured_media":13994,"comment_status":"closed","ping_status":"closed","template":"","meta":[],"product_brand":[],"product_cat":[65],"product_tag":[866,394,867,64],"class_list":{"0":"post-100","1":"product","2":"type-product","3":"status-publish","4":"has-post-thumbnail","6":"product_cat-nota","7":"product_tag-bar-italia","8":"product_tag-lino-straulino","9":"product_tag-nota-cd-484","10":"product_tag-straulino-it","12":"first","13":"instock","14":"taxable","15":"shipping-taxable","16":"purchasable","17":"product-type-simple"},"_links":{"self":[{"href":"https:\/\/www.nota.it\/en\/wp-json\/wp\/v2\/product\/100","targetHints":{"allow":["GET"]}}],"collection":[{"href":"https:\/\/www.nota.it\/en\/wp-json\/wp\/v2\/product"}],"about":[{"href":"https:\/\/www.nota.it\/en\/wp-json\/wp\/v2\/types\/product"}],"replies":[{"embeddable":true,"href":"https:\/\/www.nota.it\/en\/wp-json\/wp\/v2\/comments?post=100"}],"wp:featuredmedia":[{"embeddable":true,"href":"https:\/\/www.nota.it\/en\/wp-json\/wp\/v2\/media\/13994"}],"wp:attachment":[{"href":"https:\/\/www.nota.it\/en\/wp-json\/wp\/v2\/media?parent=100"}],"wp:term":[{"taxonomy":"product_brand","embeddable":true,"href":"https:\/\/www.nota.it\/en\/wp-json\/wp\/v2\/product_brand?post=100"},{"taxonomy":"product_cat","embeddable":true,"href":"https:\/\/www.nota.it\/en\/wp-json\/wp\/v2\/product_cat?post=100"},{"taxonomy":"product_tag","embeddable":true,"href":"https:\/\/www.nota.it\/en\/wp-json\/wp\/v2\/product_tag?post=100"}],"curies":[{"name":"wp","href":"https:\/\/api.w.org\/{rel}","templated":true}]}}