{"id":11175,"date":"2015-10-30T10:47:47","date_gmt":"2015-10-30T09:47:47","guid":{"rendered":"https:\/\/www.notamusic.com\/?post_type=product&#038;p=11175"},"modified":"2018-04-04T10:30:31","modified_gmt":"2018-04-04T08:30:31","slug":"laudate-dominum","status":"publish","type":"product","link":"https:\/\/www.nota.it\/en\/prodotto\/laudate-dominum\/","title":{"rendered":"Laudate Dominum"},"content":{"rendered":"<div class=\"page\" title=\"Page 1\">\n<div class=\"section\">\n<div class=\"layoutArea\">\n<div class=\"column\">\n<p class=\"p1\">Nuovo capitolo discografico dedicato al canto sacro del Gruppo Polifonico\u00a0Claudio Monteverdi. Sotto la guida del maestro Matja\u017e \u0160\u010dek per la prima volta\u00a0il coro di Ruda (UD) propone una scelta combinata di autori dal Cinquecento\u00a0ad oggi che hanno come comun denominatore il sacro in musica. Diverse, e\u00a0apparentemente lontane, le provenienze storiche, geografi che, linguistiche dei\u00a0vari autori, significativamente interessante la compresenza della tradizione\u00a0classica con le nuove composizioni di autori contemporanei.<\/p>\n<div class=\"page\" title=\"Page 1\">\n<div class=\"section\">\n<div class=\"layoutArea\">\n<div class=\"column\">\n<p><em>Con musiche di:<\/em><br \/>\nMarjan Grdadolnik (1967)<br \/>\nFrancesco Corteccia (1502-1571)<br \/>\nGiovanni Battista Candotti (1809\u20131876)<br \/>\nMarco Maiero (1956)<br \/>\nClaude-Michel Sch\u00f6nberg (1944)<br \/>\nCecilia Seghizzi (1908)<br \/>\nMiran Rustja (1957)<\/p>\n<\/div>\n<\/div>\n<\/div>\n<\/div>\n<\/div>\n<\/div>\n<\/div>\n<\/div>\n","protected":false},"excerpt":{"rendered":"<p><strong>Booklet + CD &#8211; 20 pagine &#8211; ISBN 9788861631243<\/strong><\/p>\n","protected":false},"featured_media":13614,"comment_status":"closed","ping_status":"closed","template":"","meta":[],"product_brand":[],"product_cat":[1958],"product_tag":[],"class_list":{"0":"post-11175","1":"product","2":"type-product","3":"status-publish","4":"has-post-thumbnail","6":"product_cat-primamusica","8":"first","9":"instock","10":"purchasable","11":"product-type-simple"},"_links":{"self":[{"href":"https:\/\/www.nota.it\/en\/wp-json\/wp\/v2\/product\/11175","targetHints":{"allow":["GET"]}}],"collection":[{"href":"https:\/\/www.nota.it\/en\/wp-json\/wp\/v2\/product"}],"about":[{"href":"https:\/\/www.nota.it\/en\/wp-json\/wp\/v2\/types\/product"}],"replies":[{"embeddable":true,"href":"https:\/\/www.nota.it\/en\/wp-json\/wp\/v2\/comments?post=11175"}],"wp:featuredmedia":[{"embeddable":true,"href":"https:\/\/www.nota.it\/en\/wp-json\/wp\/v2\/media\/13614"}],"wp:attachment":[{"href":"https:\/\/www.nota.it\/en\/wp-json\/wp\/v2\/media?parent=11175"}],"wp:term":[{"taxonomy":"product_brand","embeddable":true,"href":"https:\/\/www.nota.it\/en\/wp-json\/wp\/v2\/product_brand?post=11175"},{"taxonomy":"product_cat","embeddable":true,"href":"https:\/\/www.nota.it\/en\/wp-json\/wp\/v2\/product_cat?post=11175"},{"taxonomy":"product_tag","embeddable":true,"href":"https:\/\/www.nota.it\/en\/wp-json\/wp\/v2\/product_tag?post=11175"}],"curies":[{"name":"wp","href":"https:\/\/api.w.org\/{rel}","templated":true}]}}