{"id":11207,"date":"2015-11-17T11:32:16","date_gmt":"2015-11-17T10:32:16","guid":{"rendered":"https:\/\/www.notamusic.com\/?post_type=product&#038;p=11207"},"modified":"2021-09-27T17:05:41","modified_gmt":"2021-09-27T15:05:41","slug":"margot","status":"publish","type":"product","link":"https:\/\/www.nota.it\/en\/prodotto\/margot\/","title":{"rendered":"Margot"},"content":{"rendered":"<div class=\"page\" title=\"Page 1\">\n<div class=\"section\">\n<div class=\"layoutArea\">\n<div class=\"column\">\n<p>16 nuove canzoni per il ritorno di Margot. Gi\u00e0 protagonista della storica stagione di \u201cCantacronache\u201d si ripropone oggi,\u00a0quasi non fosse cambiato nulla da allora, con la necessit\u00e0 della denuncia, la rabbia, solo alle volte mascherata dall\u2019ironia,\u00a0l\u2019urgenza di raccontare un sentimento, un fatto, l\u2019amarezza, la protesta, lo sgomento &#8230; insomma, una canzone \u201cnecessaria\u201d in quanto sentita come esigenza insopprimibile.<\/p>\n<p>Le canzoni di Margot disegnano e ridisegnano il \u201cteatrino\u201d della politica e della societ\u00e0 italiana. Canzoni capaci di mettere a nudo il re e l\u2019intera sua corte, disposte all\u2019invettiva, attente a cogliere anche nell\u2019intimo di una storia privata la componente obbligata dello sdegno e della denuncia.<\/p>\n<p>L\u2019impegno civile \u00e8 quello che sottende all\u2019attivit\u00e0 di Margot, nella canzone come nel teatro, e come dice bene Zanzotto nel suo illuminante contributo sul \u201cGran Teatrino\u201d: \u201cCos\u00ec va il mondo, cos\u00ec \u00e8 un gruppo di contraddizioni la realt\u00e0, che le marionette conoscono pi\u00f9 di chiunque, nel loro essere schema estremo, ostinatamente connesso ad un altrove\u201d.<\/p>\n<p><div  class='avia-button-wrap av-uj2igt-78c13d2f6225f96a715351c2af5db551-wrap avia-button-left  avia-builder-el-0  el_before_av_button  avia-builder-el-first '><a href='https:\/\/www.nota.it\/prodotto\/margot-digital-download'  class='avia-button av-uj2igt-78c13d2f6225f96a715351c2af5db551 av-link-btn avia-icon_select-yes-left-icon avia-size-small avia-position-left avia-color-theme-color'  target=\"_blank\"  rel=\"noopener noreferrer\"  aria-label=\"Acquista il formato digitale\"><span class='avia_button_icon avia_button_icon_left avia-iconfont avia-font-entypo-fontello' data-av_icon='\ue82d' data-av_iconfont='entypo-fontello' ><\/span><span class='avia_iconbox_title' >Acquista il formato digitale<\/span><\/a><\/div> <div  class='avia-button-wrap av-uj2igt-2f5245a4570007e5afb958befe0a0475-wrap avia-button-left  avia-builder-el-1  el_after_av_button  avia-builder-el-last '><a href='https:\/\/music.apple.com\/it\/album\/margot\/506569251'  class='avia-button av-uj2igt-2f5245a4570007e5afb958befe0a0475 av-link-btn avia-icon_select-yes-left-icon avia-size-small avia-position-left avia-color-grey'  target=\"_blank\"  rel=\"noopener noreferrer\"  aria-label=\"Ascolta o acquista il CD su iTunes\"><span class='avia_button_icon avia_button_icon_left avia-iconfont avia-font-entypo-fontello' data-av_icon='\ue800' data-av_iconfont='entypo-fontello' ><\/span><span class='avia_iconbox_title' >Ascolta o acquista il CD su iTunes<\/span><\/a><\/div><\/p>\n<p>&nbsp;<\/p>\n<\/div>\n<\/div>\n<\/div>\n<\/div>\n","protected":false},"excerpt":{"rendered":"<p><strong>Booklet + CD &#8211; 32 pagine &#8211; ISBN 9788861630741<\/strong><\/p>\n<p>&nbsp;<\/p>\n","protected":false},"featured_media":13774,"comment_status":"closed","ping_status":"closed","template":"","meta":[],"product_brand":[],"product_cat":[71],"product_tag":[1287,1288,136],"class_list":{"0":"post-11207","1":"product","2":"type-product","3":"status-publish","4":"has-post-thumbnail","6":"product_cat-block-nota","7":"product_tag-bn-cd-562","8":"product_tag-margherita","9":"product_tag-margot","11":"first","12":"instock","13":"purchasable","14":"product-type-simple"},"_links":{"self":[{"href":"https:\/\/www.nota.it\/en\/wp-json\/wp\/v2\/product\/11207","targetHints":{"allow":["GET"]}}],"collection":[{"href":"https:\/\/www.nota.it\/en\/wp-json\/wp\/v2\/product"}],"about":[{"href":"https:\/\/www.nota.it\/en\/wp-json\/wp\/v2\/types\/product"}],"replies":[{"embeddable":true,"href":"https:\/\/www.nota.it\/en\/wp-json\/wp\/v2\/comments?post=11207"}],"wp:featuredmedia":[{"embeddable":true,"href":"https:\/\/www.nota.it\/en\/wp-json\/wp\/v2\/media\/13774"}],"wp:attachment":[{"href":"https:\/\/www.nota.it\/en\/wp-json\/wp\/v2\/media?parent=11207"}],"wp:term":[{"taxonomy":"product_brand","embeddable":true,"href":"https:\/\/www.nota.it\/en\/wp-json\/wp\/v2\/product_brand?post=11207"},{"taxonomy":"product_cat","embeddable":true,"href":"https:\/\/www.nota.it\/en\/wp-json\/wp\/v2\/product_cat?post=11207"},{"taxonomy":"product_tag","embeddable":true,"href":"https:\/\/www.nota.it\/en\/wp-json\/wp\/v2\/product_tag?post=11207"}],"curies":[{"name":"wp","href":"https:\/\/api.w.org\/{rel}","templated":true}]}}