{"id":11230,"date":"2015-11-23T10:26:58","date_gmt":"2015-11-23T09:26:58","guid":{"rendered":"https:\/\/www.notamusic.com\/?post_type=product&#038;p=11230"},"modified":"2020-05-19T12:35:06","modified_gmt":"2020-05-19T10:35:06","slug":"benvenuto-un-taspettavo","status":"publish","type":"product","link":"https:\/\/www.nota.it\/en\/prodotto\/benvenuto-un-taspettavo\/","title":{"rendered":"Toscana: Benvenuto &#8216;un t&#8217;aspettavo"},"content":{"rendered":"<p>PASQUALINA RONCONI: canterina,\u00a0pastora, mezzadra e casalinga nella Valle del Sasso<\/p>\n<p>Il canto di Pasqualina, per quanto oggi possa apparire frammentario e marginale rispetto alla contemporaneit\u00e0, \u00e8 la testimonianza resistente di una modalit\u00e0 di pensiero che considera le persone come coloro che portano, tramandano, elaborano e creano cultura anzich\u00e9 esserne solo semplici fruitori.<\/p>\n<p><span class=\"s1\"><div  class='avia-button-wrap av-uj2igt-952a0ef764be638942aacaaddfd1055a-wrap avia-button-left  avia-builder-el-0  el_before_av_button  avia-builder-el-first '><a href='https:\/\/www.nota.it\/prodotto\/benvenuto-un-taspettavo-digital-download'  class='avia-button av-uj2igt-952a0ef764be638942aacaaddfd1055a av-link-btn avia-icon_select-yes-left-icon avia-size-small avia-position-left avia-color-theme-color'  target=\"_blank\"  rel=\"noopener noreferrer\"  aria-label=\"Acquista il formato digitale\"><span class='avia_button_icon avia_button_icon_left avia-iconfont avia-font-entypo-fontello' data-av_icon='\ue82d' data-av_iconfont='entypo-fontello' ><\/span><span class='avia_iconbox_title' >Acquista il formato digitale<\/span><\/a><\/div> <div  class='avia-button-wrap av-uj2igt-cb38dbb8ad9de9a05f25463b8f4adda1-wrap avia-button-left  avia-builder-el-1  el_after_av_button  avia-builder-el-last '><a href='https:\/\/music.apple.com\/it\/album\/toscana-benvenuto-taspettavo-pasqualina-ronconi-canterina\/1178832671'  class='avia-button av-uj2igt-cb38dbb8ad9de9a05f25463b8f4adda1 av-link-btn avia-icon_select-yes-left-icon avia-size-small avia-position-left avia-color-grey'  target=\"_blank\"  rel=\"noopener noreferrer\"  aria-label=\"Ascolta o acquista il CD su iTunes\"><span class='avia_button_icon avia_button_icon_left avia-iconfont avia-font-entypo-fontello' data-av_icon='\ue800' data-av_iconfont='entypo-fontello' ><\/span><span class='avia_iconbox_title' >Ascolta o acquista il CD su iTunes<\/span><\/a><\/div><\/span><\/p>\n","protected":false},"excerpt":{"rendered":"<p><strong>Booklet + CD &#8211; 36 pagine &#8211; ISBN 9788861630529<\/strong><\/p>\n<p>&nbsp;<\/p>\n","protected":false},"featured_media":13700,"comment_status":"closed","ping_status":"closed","template":"","meta":[],"product_brand":[],"product_cat":[63],"product_tag":[946,945],"class_list":{"0":"post-11230","1":"product","2":"type-product","3":"status-publish","4":"has-post-thumbnail","6":"product_cat-geos","7":"product_tag-geos-bn-cd-646","8":"product_tag-toscana-benvenuto-un-taspettavo","10":"first","11":"instock","12":"purchasable","13":"product-type-simple"},"_links":{"self":[{"href":"https:\/\/www.nota.it\/en\/wp-json\/wp\/v2\/product\/11230","targetHints":{"allow":["GET"]}}],"collection":[{"href":"https:\/\/www.nota.it\/en\/wp-json\/wp\/v2\/product"}],"about":[{"href":"https:\/\/www.nota.it\/en\/wp-json\/wp\/v2\/types\/product"}],"replies":[{"embeddable":true,"href":"https:\/\/www.nota.it\/en\/wp-json\/wp\/v2\/comments?post=11230"}],"wp:featuredmedia":[{"embeddable":true,"href":"https:\/\/www.nota.it\/en\/wp-json\/wp\/v2\/media\/13700"}],"wp:attachment":[{"href":"https:\/\/www.nota.it\/en\/wp-json\/wp\/v2\/media?parent=11230"}],"wp:term":[{"taxonomy":"product_brand","embeddable":true,"href":"https:\/\/www.nota.it\/en\/wp-json\/wp\/v2\/product_brand?post=11230"},{"taxonomy":"product_cat","embeddable":true,"href":"https:\/\/www.nota.it\/en\/wp-json\/wp\/v2\/product_cat?post=11230"},{"taxonomy":"product_tag","embeddable":true,"href":"https:\/\/www.nota.it\/en\/wp-json\/wp\/v2\/product_tag?post=11230"}],"curies":[{"name":"wp","href":"https:\/\/api.w.org\/{rel}","templated":true}]}}