{"id":11267,"date":"2015-11-26T14:48:30","date_gmt":"2015-11-26T13:48:30","guid":{"rendered":"https:\/\/www.notamusic.com\/?post_type=product&#038;p=11267"},"modified":"2020-04-16T10:22:46","modified_gmt":"2020-04-16T08:22:46","slug":"linfluenza-turco-ottomana-e-zingara-nella-musica-dei-balcani","status":"publish","type":"product","link":"https:\/\/www.nota.it\/en\/prodotto\/linfluenza-turco-ottomana-e-zingara-nella-musica-dei-balcani\/","title":{"rendered":"L&#8217;influenza turco ottomana e zingara nella musica dei balcani"},"content":{"rendered":"<p>Questo scritto non \u00e8 solo un modo per ricordare l&#8217;autore Roberto Leydi scomparso un anno e mezzo prima della pubblicazione, che in alcune particolari realt\u00e0 musicali dei Balcani aveva un suo campo privilegiato di interesse. Per la ricchezza di informazione che presenta e per la qualit\u00e0 dei materiali sonori allegati, esso rappresenta un contributo di primaria importanza per la conoscenza dei fenomeni musicali dell&#8217;area balcanica.<\/p>\n<p>Questo volume di Roberto Leydi,\u00a0pubblicato postumo, \u00e8 un testo di grande interesse e utilit\u00e0: per la ricchezza di informazioni che presenta e per la qualit\u00e0 dei materiali sonori dei due Cd allegati alla pubblicazione,\u00a0rappresenta un contributo di primaria importanza per la conoscenza dei fenomeni musicali dell\u2019area balcanica: dalla dominazione Ottomana agli sviluppi e contaminazioni dell\u2019ultimo secolo in Grecia, Turchia, Bosnia, Albania e nell\u2019area orientale del Mediterraneo.<\/p>\n<p>&nbsp;<\/p>\n<div class=\"column\">\n<p><div  class='avia-button-wrap av-uj2igt-5787def9883f9c3196925426eb5168dc-wrap avia-button-left  avia-builder-el-0  el_before_av_button  avia-builder-el-first '><a href='https:\/\/www.nota.it\/prodotto\/linfluenza-turco-ottomana-e-zingara-nella-musica-dei-balcani-digital-download\/'  class='avia-button av-uj2igt-5787def9883f9c3196925426eb5168dc av-link-btn avia-icon_select-yes-left-icon avia-size-small avia-position-left avia-color-theme-color'   aria-label=\"Acquista il formato digitale\"><span class='avia_button_icon avia_button_icon_left avia-iconfont avia-font-entypo-fontello' data-av_icon='\ue82d' data-av_iconfont='entypo-fontello' ><\/span><span class='avia_iconbox_title' >Acquista il formato digitale<\/span><\/a><\/div> <div  class='avia-button-wrap av-uj2igt-1f15f3b3ca2089bb4b1d6ebdf4dc6a5f-wrap avia-button-left  avia-builder-el-1  el_after_av_button  avia-builder-el-last '><a href='https:\/\/music.apple.com\/it\/album\/linfluenza-turco-ottomana-e-zingara-nella-musica-dei\/1155355805'  class='avia-button av-uj2igt-1f15f3b3ca2089bb4b1d6ebdf4dc6a5f av-link-btn avia-icon_select-yes-left-icon avia-size-small avia-position-left avia-color-grey'  target=\"_blank\"  rel=\"noopener noreferrer\"  aria-label=\"Ascolta o acquista il CD su iTunes\"><span class='avia_button_icon avia_button_icon_left avia-iconfont avia-font-entypo-fontello' data-av_icon='\ue800' data-av_iconfont='entypo-fontello' ><\/span><span class='avia_iconbox_title' >Ascolta o acquista il CD su iTunes<\/span><\/a><\/div><\/p>\n<\/div>\n","protected":false},"excerpt":{"rendered":"<p><strong>Libro + 2CD &#8211; 112 pagine &#8211; ISBN 9788861630208<\/strong><\/p>\n<p>&nbsp;<\/p>\n","protected":false},"featured_media":14130,"comment_status":"closed","ping_status":"closed","template":"","meta":[],"product_brand":[],"product_cat":[214],"product_tag":[563,561,562,189,2142],"class_list":{"0":"post-11267","1":"product","2":"type-product","3":"status-publish","4":"has-post-thumbnail","6":"product_cat-geos-en","7":"product_tag-geos-cdb-526","8":"product_tag-linfluenza-turco-ottomana-e-zingara-nella-musica-dei-balcani","9":"product_tag-nico-staiti","10":"product_tag-nicola-scaldaferri","11":"product_tag-roberto-leydi","13":"first","14":"instock","15":"purchasable","16":"product-type-simple"},"_links":{"self":[{"href":"https:\/\/www.nota.it\/en\/wp-json\/wp\/v2\/product\/11267","targetHints":{"allow":["GET"]}}],"collection":[{"href":"https:\/\/www.nota.it\/en\/wp-json\/wp\/v2\/product"}],"about":[{"href":"https:\/\/www.nota.it\/en\/wp-json\/wp\/v2\/types\/product"}],"replies":[{"embeddable":true,"href":"https:\/\/www.nota.it\/en\/wp-json\/wp\/v2\/comments?post=11267"}],"wp:featuredmedia":[{"embeddable":true,"href":"https:\/\/www.nota.it\/en\/wp-json\/wp\/v2\/media\/14130"}],"wp:attachment":[{"href":"https:\/\/www.nota.it\/en\/wp-json\/wp\/v2\/media?parent=11267"}],"wp:term":[{"taxonomy":"product_brand","embeddable":true,"href":"https:\/\/www.nota.it\/en\/wp-json\/wp\/v2\/product_brand?post=11267"},{"taxonomy":"product_cat","embeddable":true,"href":"https:\/\/www.nota.it\/en\/wp-json\/wp\/v2\/product_cat?post=11267"},{"taxonomy":"product_tag","embeddable":true,"href":"https:\/\/www.nota.it\/en\/wp-json\/wp\/v2\/product_tag?post=11267"}],"curies":[{"name":"wp","href":"https:\/\/api.w.org\/{rel}","templated":true}]}}