{"id":11285,"date":"2015-11-27T09:59:42","date_gmt":"2015-11-27T08:59:42","guid":{"rendered":"https:\/\/www.notamusic.com\/?post_type=product&#038;p=11285"},"modified":"2020-07-07T11:39:09","modified_gmt":"2020-07-07T09:39:09","slug":"un-giorno-nella-gioia-lindomani-nel-pianto","status":"publish","type":"product","link":"https:\/\/www.nota.it\/en\/prodotto\/un-giorno-nella-gioia-lindomani-nel-pianto\/","title":{"rendered":"Un giorno nella gioia l&#8217;indomani nel pianto"},"content":{"rendered":"<div class=\"page\" title=\"Page 1\">\n<div class=\"section\">\n<div class=\"layoutArea\">\n<div class=\"column\">\n<p><em>La musica dell\u2019isola di Karpathos &#8211; a cura di Giuliano D&#8217;Angiolini<\/em><\/p>\n<div class=\"page\" title=\"Page 1\">\n<div class=\"section\">\n<div class=\"layoutArea\">\n<div class=\"column\">\n<p>Nell\u2019estremo sud-est dell\u2019Europa, nell\u2019isola greca di Karpathos,\u00a0si conserva una cultura musicale integra, vivace e abbondante di forme. E&#8217; questo l\u2019estremo bastione di una secolare tradizione un tempo diffusa nelle isole greche. Questo libro affronta sia la problematica musicologica, organologica o relativa alle forme poetiche che gli aspetti antropologici e rituali che in modo cos\u00ec singolare sono legati alla musica, alle sue funzionalit\u00e0, alla maniera di concepirla, di farla e di viverla. Il lettore trover\u00e0 inoltre un importante numero di registrazioni che per la prima volta permettono di farsi un\u2019idea esaustiva di una realt\u00e0 musicale riccamente articolata.<\/p>\n<\/div>\n<\/div>\n<\/div>\n<\/div>\n<\/div>\n<\/div>\n<\/div>\n<\/div>\n","protected":false},"excerpt":{"rendered":"<p><strong>Libro + 2CD &#8211; 224 pagine &#8211; ISBN 9788861630321<\/strong><\/p>\n","protected":false},"featured_media":14084,"comment_status":"closed","ping_status":"closed","template":"","meta":[],"product_brand":[],"product_cat":[214],"product_tag":[323,242,243],"class_list":{"0":"post-11285","1":"product","2":"type-product","3":"status-publish","4":"has-post-thumbnail","6":"product_cat-geos-en","7":"product_tag-giuliano-dangiolini","8":"product_tag-grecia","9":"product_tag-karpathos","11":"first","12":"instock","13":"purchasable","14":"product-type-simple"},"_links":{"self":[{"href":"https:\/\/www.nota.it\/en\/wp-json\/wp\/v2\/product\/11285","targetHints":{"allow":["GET"]}}],"collection":[{"href":"https:\/\/www.nota.it\/en\/wp-json\/wp\/v2\/product"}],"about":[{"href":"https:\/\/www.nota.it\/en\/wp-json\/wp\/v2\/types\/product"}],"replies":[{"embeddable":true,"href":"https:\/\/www.nota.it\/en\/wp-json\/wp\/v2\/comments?post=11285"}],"wp:featuredmedia":[{"embeddable":true,"href":"https:\/\/www.nota.it\/en\/wp-json\/wp\/v2\/media\/14084"}],"wp:attachment":[{"href":"https:\/\/www.nota.it\/en\/wp-json\/wp\/v2\/media?parent=11285"}],"wp:term":[{"taxonomy":"product_brand","embeddable":true,"href":"https:\/\/www.nota.it\/en\/wp-json\/wp\/v2\/product_brand?post=11285"},{"taxonomy":"product_cat","embeddable":true,"href":"https:\/\/www.nota.it\/en\/wp-json\/wp\/v2\/product_cat?post=11285"},{"taxonomy":"product_tag","embeddable":true,"href":"https:\/\/www.nota.it\/en\/wp-json\/wp\/v2\/product_tag?post=11285"}],"curies":[{"name":"wp","href":"https:\/\/api.w.org\/{rel}","templated":true}]}}