{"id":11342,"date":"2016-01-19T12:09:31","date_gmt":"2016-01-19T11:09:31","guid":{"rendered":"https:\/\/www.notamusic.com\/?post_type=product&#038;p=11342"},"modified":"2017-07-24T10:16:07","modified_gmt":"2017-07-24T08:16:07","slug":"alzati-su-belin-che-il-giorno-e-chiaro","status":"publish","type":"product","link":"https:\/\/www.nota.it\/en\/prodotto\/alzati-su-belin-che-il-giorno-e-chiaro\/","title":{"rendered":"Alzati su bel\u00ecn ch\u00e8 il giorno \u00e8 chiaro"},"content":{"rendered":"<p><strong>Ean 8033481635128<\/strong><\/p>\n<p><em>L&#8217;Uva Grisa: gruppo di musica etnica e tradizionale della Romagna<\/em><\/p>\n","protected":false},"excerpt":{"rendered":"<p><strong>Ean 8033481635128<\/strong><\/p>\n<p><em>L&#8217;Uva Grisa: gruppo di musica etnica e tradizionale della Romagna<\/em><\/p>\n","protected":false},"featured_media":14387,"comment_status":"closed","ping_status":"closed","template":"","meta":[],"product_brand":[],"product_cat":[65],"product_tag":[],"class_list":{"0":"post-11342","1":"product","2":"type-product","3":"status-publish","4":"has-post-thumbnail","6":"product_cat-nota","8":"first","9":"instock","10":"taxable","11":"shipping-taxable","12":"purchasable","13":"product-type-simple"},"_links":{"self":[{"href":"https:\/\/www.nota.it\/en\/wp-json\/wp\/v2\/product\/11342","targetHints":{"allow":["GET"]}}],"collection":[{"href":"https:\/\/www.nota.it\/en\/wp-json\/wp\/v2\/product"}],"about":[{"href":"https:\/\/www.nota.it\/en\/wp-json\/wp\/v2\/types\/product"}],"replies":[{"embeddable":true,"href":"https:\/\/www.nota.it\/en\/wp-json\/wp\/v2\/comments?post=11342"}],"wp:featuredmedia":[{"embeddable":true,"href":"https:\/\/www.nota.it\/en\/wp-json\/wp\/v2\/media\/14387"}],"wp:attachment":[{"href":"https:\/\/www.nota.it\/en\/wp-json\/wp\/v2\/media?parent=11342"}],"wp:term":[{"taxonomy":"product_brand","embeddable":true,"href":"https:\/\/www.nota.it\/en\/wp-json\/wp\/v2\/product_brand?post=11342"},{"taxonomy":"product_cat","embeddable":true,"href":"https:\/\/www.nota.it\/en\/wp-json\/wp\/v2\/product_cat?post=11342"},{"taxonomy":"product_tag","embeddable":true,"href":"https:\/\/www.nota.it\/en\/wp-json\/wp\/v2\/product_tag?post=11342"}],"curies":[{"name":"wp","href":"https:\/\/api.w.org\/{rel}","templated":true}]}}