{"id":11415,"date":"2016-01-22T16:42:37","date_gmt":"2016-01-22T15:42:37","guid":{"rendered":"https:\/\/www.notamusic.com\/?post_type=product&#038;p=11415"},"modified":"2020-04-23T10:30:48","modified_gmt":"2020-04-23T08:30:48","slug":"le-biorche","status":"publish","type":"product","link":"https:\/\/www.nota.it\/en\/prodotto\/le-biorche\/","title":{"rendered":"Le Biorche"},"content":{"rendered":"<p>Le Biorche \u00e8 il nome di una localit\u00e0 isolata, fra i boschi del Veneto orientale dove Nello Da Pont da qualche tempo concentra la sua attivit\u00e0 di studio e ricerca musicale. Qui \u00e8 nata questa produzione in &#8220;solo&#8221;. Ne &#8220;Le Biorche&#8221; Da Pont si cimenta con la batteria, fischietti, richiami e con una miriade di oggetti capaci di produrre suoni. Ne esce un Cd vivo, vario, curioso e divertente dove emerge la grande creativit\u00e0 di un musicista &#8220;sincero&#8221;.<\/p>\n<p><div  class='avia-button-wrap av-uj2igt-cf9ebcc15ccfc5381dadcc1e2ee2efbe-wrap avia-button-left  avia-builder-el-0  el_before_av_button  avia-builder-el-first '><a href='https:\/\/www.nota.it\/prodotto\/le-biorche-digital-download'  class='avia-button av-uj2igt-cf9ebcc15ccfc5381dadcc1e2ee2efbe av-link-btn avia-icon_select-yes-left-icon avia-size-small avia-position-left avia-color-theme-color'  target=\"_blank\"  rel=\"noopener noreferrer\"  aria-label=\"Acquista il formato digitale\"><span class='avia_button_icon avia_button_icon_left avia-iconfont avia-font-entypo-fontello' data-av_icon='\ue82d' data-av_iconfont='entypo-fontello' ><\/span><span class='avia_iconbox_title' >Acquista il formato digitale<\/span><\/a><\/div> <div  class='avia-button-wrap av-uj2igt-0788ee458a76d35e0cc701703c905a7f-wrap avia-button-left  avia-builder-el-1  el_after_av_button  avia-builder-el-last '><a href='https:\/\/music.apple.com\/it\/album\/le-biorche\/364748842'  class='avia-button av-uj2igt-0788ee458a76d35e0cc701703c905a7f av-link-btn avia-icon_select-yes-left-icon avia-size-small avia-position-left avia-color-grey'  target=\"_blank\"  rel=\"noopener noreferrer\"  aria-label=\"Ascolta o acquista il CD su iTunes\"><span class='avia_button_icon avia_button_icon_left avia-iconfont avia-font-entypo-fontello' data-av_icon='\ue800' data-av_iconfont='entypo-fontello' ><\/span><span class='avia_iconbox_title' >Ascolta o acquista il CD su iTunes<\/span><\/a><\/div><\/p>\n","protected":false},"excerpt":{"rendered":"<p><strong>Ean 8033481633391<\/strong><\/p>\n<p>&nbsp;<\/p>\n","protected":false},"featured_media":14326,"comment_status":"closed","ping_status":"closed","template":"","meta":[],"product_brand":[],"product_cat":[151],"product_tag":[727,728,729],"class_list":{"0":"post-11415","1":"product","2":"type-product","3":"status-publish","4":"has-post-thumbnail","6":"product_cat-zeromusic","7":"product_tag-le-biorche","8":"product_tag-nello-da-pont","9":"product_tag-zeromusic-cd-339","11":"first","12":"instock","13":"taxable","14":"shipping-taxable","15":"purchasable","16":"product-type-simple"},"_links":{"self":[{"href":"https:\/\/www.nota.it\/en\/wp-json\/wp\/v2\/product\/11415","targetHints":{"allow":["GET"]}}],"collection":[{"href":"https:\/\/www.nota.it\/en\/wp-json\/wp\/v2\/product"}],"about":[{"href":"https:\/\/www.nota.it\/en\/wp-json\/wp\/v2\/types\/product"}],"replies":[{"embeddable":true,"href":"https:\/\/www.nota.it\/en\/wp-json\/wp\/v2\/comments?post=11415"}],"wp:featuredmedia":[{"embeddable":true,"href":"https:\/\/www.nota.it\/en\/wp-json\/wp\/v2\/media\/14326"}],"wp:attachment":[{"href":"https:\/\/www.nota.it\/en\/wp-json\/wp\/v2\/media?parent=11415"}],"wp:term":[{"taxonomy":"product_brand","embeddable":true,"href":"https:\/\/www.nota.it\/en\/wp-json\/wp\/v2\/product_brand?post=11415"},{"taxonomy":"product_cat","embeddable":true,"href":"https:\/\/www.nota.it\/en\/wp-json\/wp\/v2\/product_cat?post=11415"},{"taxonomy":"product_tag","embeddable":true,"href":"https:\/\/www.nota.it\/en\/wp-json\/wp\/v2\/product_tag?post=11415"}],"curies":[{"name":"wp","href":"https:\/\/api.w.org\/{rel}","templated":true}]}}