{"id":11482,"date":"2016-01-28T10:08:10","date_gmt":"2016-01-28T09:08:10","guid":{"rendered":"https:\/\/www.notamusic.com\/?post_type=product&#038;p=11482"},"modified":"2020-04-02T12:08:49","modified_gmt":"2020-04-02T10:08:49","slug":"furclap","status":"publish","type":"product","link":"https:\/\/www.nota.it\/en\/prodotto\/furclap\/","title":{"rendered":"F\u00fbrcl\u00e0p"},"content":{"rendered":"<p>Dopo dieci anni di attivit\u00e0, l&#8217;esordio su Cd per una delle band pi\u00f9 affermate della &#8220;nuova musica friulana&#8221;. Tradizione popolare e colta si fondono grazie anche ad un ensemble di valenti musicisti, senza mai cadere nell&#8217;esercizio di stile, ma con un marchio di fabbrica ormai riconoscibile.<\/p>\n<p>Giulio Venier &#8211; violini, violino elettrico, sintetizzatori, cornamusa e organetto diatonico<\/p>\n<p>Vanni Floreani &#8211; voce e bouzouki<br \/>\nFranco Stocco &#8211; batteria<br \/>\nPaolo Viezzi &#8211; basso elettrico<\/p>\n<p>Ospiti: Mariarosa Pizzo, Marisa Scuntaro, Emma Montanari (coro), Claudia Grimaz (coro e voce solista), U.T.Gandhi (percussioni) e Martina Bertoni (violoncello)<\/p>\n<div  class='avia-button-wrap av-uj2igt-93a06559a1100f54336eb8151f1c216a-wrap avia-button-left  avia-builder-el-0  el_before_av_button  avia-builder-el-first '><a href='https:\/\/www.nota.it\/prodotto\/furclap-digital-download'  class='avia-button av-uj2igt-93a06559a1100f54336eb8151f1c216a av-link-btn avia-icon_select-yes-left-icon avia-size-small avia-position-left avia-color-theme-color'  target=\"_blank\"  rel=\"noopener noreferrer\"  aria-label=\"Acquista il formato digitale\"><span class='avia_button_icon avia_button_icon_left avia-iconfont avia-font-entypo-fontello' data-av_icon='\ue82d' data-av_iconfont='entypo-fontello' ><\/span><span class='avia_iconbox_title' >Acquista il formato digitale<\/span><\/a><\/div>\n<div  class='avia-button-wrap av-uj2igt-d5808cc256a7ac484b3e2c4646c34411-wrap avia-button-left  avia-builder-el-1  el_after_av_button  avia-builder-el-last '><a href='https:\/\/music.apple.com\/it\/album\/f%C3%BBrcl%C3%A0p\/386505693'  class='avia-button av-uj2igt-d5808cc256a7ac484b3e2c4646c34411 av-link-btn avia-icon_select-yes-left-icon avia-size-small avia-position-left avia-color-grey'  target=\"_blank\"  rel=\"noopener noreferrer\"  aria-label=\"Ascolta o acquista il CD su iTunes\"><span class='avia_button_icon avia_button_icon_left avia-iconfont avia-font-entypo-fontello' data-av_icon='\ue800' data-av_iconfont='entypo-fontello' ><\/span><span class='avia_iconbox_title' >Ascolta o acquista il CD su iTunes<\/span><\/a><\/div>\n","protected":false},"excerpt":{"rendered":"<p><strong>Ean 8033481632486<\/strong><\/p>\n","protected":false},"featured_media":14282,"comment_status":"closed","ping_status":"closed","template":"","meta":[],"product_brand":[],"product_cat":[96],"product_tag":[435,433,434,436],"class_list":{"0":"post-11482","1":"product","2":"type-product","3":"status-publish","4":"has-post-thumbnail","6":"product_cat-suns","7":"product_tag-furclap","8":"product_tag-strepits","9":"product_tag-strepitz","10":"product_tag-suns-cd-248","12":"first","13":"instock","14":"taxable","15":"shipping-taxable","16":"purchasable","17":"product-type-simple"},"_links":{"self":[{"href":"https:\/\/www.nota.it\/en\/wp-json\/wp\/v2\/product\/11482","targetHints":{"allow":["GET"]}}],"collection":[{"href":"https:\/\/www.nota.it\/en\/wp-json\/wp\/v2\/product"}],"about":[{"href":"https:\/\/www.nota.it\/en\/wp-json\/wp\/v2\/types\/product"}],"replies":[{"embeddable":true,"href":"https:\/\/www.nota.it\/en\/wp-json\/wp\/v2\/comments?post=11482"}],"wp:featuredmedia":[{"embeddable":true,"href":"https:\/\/www.nota.it\/en\/wp-json\/wp\/v2\/media\/14282"}],"wp:attachment":[{"href":"https:\/\/www.nota.it\/en\/wp-json\/wp\/v2\/media?parent=11482"}],"wp:term":[{"taxonomy":"product_brand","embeddable":true,"href":"https:\/\/www.nota.it\/en\/wp-json\/wp\/v2\/product_brand?post=11482"},{"taxonomy":"product_cat","embeddable":true,"href":"https:\/\/www.nota.it\/en\/wp-json\/wp\/v2\/product_cat?post=11482"},{"taxonomy":"product_tag","embeddable":true,"href":"https:\/\/www.nota.it\/en\/wp-json\/wp\/v2\/product_tag?post=11482"}],"curies":[{"name":"wp","href":"https:\/\/api.w.org\/{rel}","templated":true}]}}