{"id":12476,"date":"2016-10-05T16:19:41","date_gmt":"2016-10-05T14:19:41","guid":{"rendered":"https:\/\/www.notamusic.com\/?post_type=product&#038;p=12476"},"modified":"2020-04-23T10:32:23","modified_gmt":"2020-04-23T08:32:23","slug":"formicus-1999","status":"publish","type":"product","link":"https:\/\/www.nota.it\/en\/prodotto\/formicus-1999\/","title":{"rendered":"Formicus 1999"},"content":{"rendered":"<p><i>Un convincente progetto pop anglo-friulano fra chitarre addolcite, tastiere vintage, inserti di fiati e delicate armonie vocali. Il friulano che finisce docile fra le seducenti spire albioniche, ma quando la scrittura \u00e8 cos\u00ec ispirata e di prim&#8217;ordine e l&#8217;equilibrio sonoro \u00e8 perfetto, ci si ritrova a fischiettare le serafiche melodie dei Prorastar. <\/i>(Il Mucchio Selvaggio)<\/p>\n<p>Simone &#8211; voce, chitarra brasiliana, G-fuzz, G-e-bow, altre chitarre<br \/>\nPierre &#8211; G-popstar, G-echo, G-flanged, G-spaziale<br \/>\nCoquito &#8211; sinusoid, piano, trombasynt, silon, hammond, percussioni<br \/>\nAlexia &#8211; basso, miss maracas<br \/>\nTano -batteria, mister cembalo<br \/>\nospiti: susi (flauto e voce); Piel (tromba); Ursus jr. (chitarra hawai); Libertin (muezzin)<\/p>\n<p><div  class='avia-button-wrap av-uj2igt-ae4f0c55f9e45113702f7177630cfea6-wrap avia-button-left  avia-builder-el-0  el_before_av_button  avia-builder-el-first '><a href='https:\/\/www.nota.it\/prodotto\/formicus-1999-digital-download'  class='avia-button av-uj2igt-ae4f0c55f9e45113702f7177630cfea6 av-link-btn avia-icon_select-yes-left-icon avia-size-small avia-position-left avia-color-theme-color'  target=\"_blank\"  rel=\"noopener noreferrer\"  aria-label=\"Acquista il formato digitale\"><span class='avia_button_icon avia_button_icon_left avia-iconfont avia-font-entypo-fontello' data-av_icon='\ue82d' data-av_iconfont='entypo-fontello' ><\/span><span class='avia_iconbox_title' >Acquista il formato digitale<\/span><\/a><\/div> <div  class='avia-button-wrap av-uj2igt-1a24d028c74f9617b473127be51927b4-wrap avia-button-left  avia-builder-el-1  el_after_av_button  avia-builder-el-last '><a href='https:\/\/music.apple.com\/it\/album\/formicus-1999\/1342621337'  class='avia-button av-uj2igt-1a24d028c74f9617b473127be51927b4 av-link-btn avia-icon_select-yes-left-icon avia-size-small avia-position-left avia-color-grey'  target=\"_blank\"  rel=\"noopener noreferrer\"  aria-label=\"Ascolta o acquista il CD su iTunes\"><span class='avia_button_icon avia_button_icon_left avia-iconfont avia-font-entypo-fontello' data-av_icon='\ue800' data-av_iconfont='entypo-fontello' ><\/span><span class='avia_iconbox_title' >Ascolta o acquista il CD su iTunes<\/span><\/a><\/div><\/p>\n","protected":false},"excerpt":{"rendered":"<p><strong>Ean\u00a08033481633353<\/strong><\/p>\n<p><em>Prorastar<\/em><\/p>\n","protected":false},"featured_media":13972,"comment_status":"closed","ping_status":"closed","template":"","meta":[],"product_brand":[],"product_cat":[215],"product_tag":[731,732,730],"class_list":{"0":"post-12476","1":"product","2":"type-product","3":"status-publish","4":"has-post-thumbnail","6":"product_cat-nota-en","7":"product_tag-formicus-1999","8":"product_tag-nota-cd-335","9":"product_tag-prorastar","11":"first","12":"instock","13":"taxable","14":"shipping-taxable","15":"purchasable","16":"product-type-simple"},"_links":{"self":[{"href":"https:\/\/www.nota.it\/en\/wp-json\/wp\/v2\/product\/12476","targetHints":{"allow":["GET"]}}],"collection":[{"href":"https:\/\/www.nota.it\/en\/wp-json\/wp\/v2\/product"}],"about":[{"href":"https:\/\/www.nota.it\/en\/wp-json\/wp\/v2\/types\/product"}],"replies":[{"embeddable":true,"href":"https:\/\/www.nota.it\/en\/wp-json\/wp\/v2\/comments?post=12476"}],"wp:featuredmedia":[{"embeddable":true,"href":"https:\/\/www.nota.it\/en\/wp-json\/wp\/v2\/media\/13972"}],"wp:attachment":[{"href":"https:\/\/www.nota.it\/en\/wp-json\/wp\/v2\/media?parent=12476"}],"wp:term":[{"taxonomy":"product_brand","embeddable":true,"href":"https:\/\/www.nota.it\/en\/wp-json\/wp\/v2\/product_brand?post=12476"},{"taxonomy":"product_cat","embeddable":true,"href":"https:\/\/www.nota.it\/en\/wp-json\/wp\/v2\/product_cat?post=12476"},{"taxonomy":"product_tag","embeddable":true,"href":"https:\/\/www.nota.it\/en\/wp-json\/wp\/v2\/product_tag?post=12476"}],"curies":[{"name":"wp","href":"https:\/\/api.w.org\/{rel}","templated":true}]}}