{"id":13393,"date":"2017-06-19T11:07:24","date_gmt":"2017-06-19T09:07:24","guid":{"rendered":"https:\/\/www.notamusic.com\/?post_type=product&#038;p=13393"},"modified":"2020-08-19T14:30:08","modified_gmt":"2020-08-19T12:30:08","slug":"a-descriptive-catalogue-of-sanskrit-manuscripts-in-the-alain-danielou-collection-at-the-giorgio-cini-foundation","status":"publish","type":"product","link":"https:\/\/www.nota.it\/en\/prodotto\/a-descriptive-catalogue-of-sanskrit-manuscripts-in-the-alain-danielou-collection-at-the-giorgio-cini-foundation\/","title":{"rendered":"A descriptive catalogue of Sanskrit manuscripts"},"content":{"rendered":"<p class=\"p2\">The Descriptive Catalogue of Sanskrit Manuscripts in the Alain Dani\u00e9lou Collection at the Giorgio Cini Foundation by Nicola Biondi, presents an important collection of over 300 copies of manuscripts, both hand-written and type-written, devoted mainly to Indian music and sound. In the 1950s, a team of scholars led by Alain Dani\u00e9lou searched for Sanskrit manuscripts dealing with music, <i>Sang\u012bta \u015b\u0101stra<\/i>, in the main Indian libraries and private collections. The texts were copied between 1946 and 1955 all around India (V\u0101r\u0101\u1e47asi, Kolkata, Chennai, Baroda, Thanjavur, Thiruvanathapuram, Pune, Bikaner).<\/p>\n<p class=\"p3\">The collection, donated by Dani\u00e9lou to the Giorgio Cini Foundation in 1971, is now thoroughly described in the attempt to offer a useful tool to researchers and all those interested in Indian music history and theory.<\/p>\n<div  class='avia-button-wrap av-uj2igt-84f95f65e87d50804f6ee6bef6c2ca73-wrap avia-button-left  avia-builder-el-0  avia-builder-el-no-sibling '><a href='https:\/\/www.nota.it\/prodotto\/a-descriptive-catalogue-of-sanskrit-manuscripts-digital-download\/'  class='avia-button av-uj2igt-84f95f65e87d50804f6ee6bef6c2ca73 av-link-btn avia-icon_select-yes-left-icon avia-size-small avia-position-left avia-color-theme-color'   aria-label=\"Acquista il formato digitale\"><span class='avia_button_icon avia_button_icon_left avia-iconfont avia-font-entypo-fontello' data-av_icon='\ue82d' data-av_iconfont='entypo-fontello' ><\/span><span class='avia_iconbox_title' >Acquista il formato digitale<\/span><\/a><\/div>\n","protected":false},"excerpt":{"rendered":"<h4>in the Alain Dani\u00e9lou Collection at the Giorgio Cini Foundation<\/h4>\n<p>Edited by Nicola Biondi<\/p>\n<div class=\"woocommerce-product-details__short-description\">\n<div>\n<p><strong>Libro \u2013 312 pagine \u2013 ISBN 9788861631595<\/strong><\/p>\n<\/div>\n<form class=\"cart\" enctype=\"multipart\/form-data\" method=\"post\"><\/form>\n<\/div>\n","protected":false},"featured_media":13800,"comment_status":"closed","ping_status":"closed","template":"","meta":[],"product_brand":[],"product_cat":[217],"product_tag":[],"class_list":{"0":"post-13393","1":"product","2":"type-product","3":"status-publish","4":"has-post-thumbnail","6":"product_cat-intersezioni-musicali-en","8":"first","9":"instock","10":"purchasable","11":"product-type-simple"},"_links":{"self":[{"href":"https:\/\/www.nota.it\/en\/wp-json\/wp\/v2\/product\/13393","targetHints":{"allow":["GET"]}}],"collection":[{"href":"https:\/\/www.nota.it\/en\/wp-json\/wp\/v2\/product"}],"about":[{"href":"https:\/\/www.nota.it\/en\/wp-json\/wp\/v2\/types\/product"}],"replies":[{"embeddable":true,"href":"https:\/\/www.nota.it\/en\/wp-json\/wp\/v2\/comments?post=13393"}],"wp:featuredmedia":[{"embeddable":true,"href":"https:\/\/www.nota.it\/en\/wp-json\/wp\/v2\/media\/13800"}],"wp:attachment":[{"href":"https:\/\/www.nota.it\/en\/wp-json\/wp\/v2\/media?parent=13393"}],"wp:term":[{"taxonomy":"product_brand","embeddable":true,"href":"https:\/\/www.nota.it\/en\/wp-json\/wp\/v2\/product_brand?post=13393"},{"taxonomy":"product_cat","embeddable":true,"href":"https:\/\/www.nota.it\/en\/wp-json\/wp\/v2\/product_cat?post=13393"},{"taxonomy":"product_tag","embeddable":true,"href":"https:\/\/www.nota.it\/en\/wp-json\/wp\/v2\/product_tag?post=13393"}],"curies":[{"name":"wp","href":"https:\/\/api.w.org\/{rel}","templated":true}]}}