{"id":14882,"date":"2018-02-14T11:36:41","date_gmt":"2018-02-14T10:36:41","guid":{"rendered":"https:\/\/www.notamusic.com\/?post_type=product&#038;p=14882\/"},"modified":"2020-02-18T12:52:30","modified_gmt":"2020-02-18T11:52:30","slug":"ogni-sera","status":"publish","type":"product","link":"https:\/\/www.nota.it\/en\/prodotto\/ogni-sera\/","title":{"rendered":"Ogni sera"},"content":{"rendered":"<p class=\"p2\"><b> <\/b>Leonardo Zanier (1935-2017)<\/p>\n<p class=\"p3\">De s\u00f4 poesie no si fin\u00ecs di scuvierzi col\u00f4rs, sfumaduris, sens e aspiets che cualchi volte a son imprevedibii. La scriture in aparence semplice, cualchi volte cuasi narative, e p\u00e2r che e descrivi fats, l\u00fbcs, oms e storiis, e tapone invezit une liricit\u00e2t che e rimande ai sintiments e che disp\u00e8s e je stade sotvalutade intal ricognossiment sempli\u00e7 e cuasi natur\u00e2l de urgjence prevalente dal so impegn soci\u00e2l. Ep\u00fbr cheste liricit\u00e2t e esist, e ven f\u00fbr disp\u00e8s e e \u00e0 une fuarce straordenarie. Chest al \u00e8 l\u2019aspiet che al \u00e0 colp\u00eet Lino Straulino, e ae poesie dai sintiments al \u00e8 dedic\u00e2t chest lav\u00f4r che al ripropon in musiche cualchi test di Zanier.<\/p>\n<p class=\"p4\">Della sua poesia non si finisce di scoprire colori, sfumature, senso e aspetti alle volte semplicemente imprevedibili. La scrittura apparentemente semplice, alle volte quasi narrativa, sembra descrivere fatti, luoghi, uomini e storie, nasconde invece una liricit\u00e0 che rimanda ai sentimenti che spesso \u00e8 stata sottovalutata nel semplice e quasi ovvio riconoscimento dell\u2019urgenza preponderante del suo impegno sociale. Eppure esiste e affiora frequentemente ed \u00e8 di una forza formidabile. Questo \u00e8 l\u2019aspetto che ha colpito Lino Straulino, e alla poesia dei sentimenti \u00e8 dedicato questo lavoro di riproposta in musica dei testi di Zanier.<\/p>\n<div  class='avia-button-wrap av-uj2igt-2b99977757cd8af1ff23ac1bbff440f0-wrap avia-button-left  avia-builder-el-0  el_before_av_button  avia-builder-el-first '><a href='https:\/\/www.nota.it\/prodotto\/ogni-sera-digital-download\/'  class='avia-button av-uj2igt-2b99977757cd8af1ff23ac1bbff440f0 av-link-btn avia-icon_select-yes-left-icon avia-size-small avia-position-left avia-color-theme-color'  target=\"_blank\"  rel=\"noopener noreferrer\"  aria-label=\"Acquista il formato digitale\"><span class='avia_button_icon avia_button_icon_left avia-iconfont avia-font-entypo-fontello' data-av_icon='\ue82d' data-av_iconfont='entypo-fontello' ><\/span><span class='avia_iconbox_title' >Acquista il formato digitale<\/span><\/a><\/div>\n<div  class='avia-button-wrap av-uj2igt-04a131116c33f2d29c11a2ea6ee8552f-wrap avia-button-left  avia-builder-el-1  el_after_av_button  el_before_av_heading '><a href='https:\/\/music.apple.com\/it\/album\/ogni-sera-lino-straulino-al-cjante-leonardo-zanier\/1374359739'  class='avia-button av-uj2igt-04a131116c33f2d29c11a2ea6ee8552f av-link-btn avia-icon_select-yes-left-icon avia-size-small avia-position-left avia-color-grey'  target=\"_blank\"  rel=\"noopener noreferrer\"  aria-label=\"Ascolta o acquista il CD su iTunes\"><span class='avia_button_icon avia_button_icon_left avia-iconfont avia-font-entypo-fontello' data-av_icon='\ue800' data-av_iconfont='entypo-fontello' ><\/span><span class='avia_iconbox_title' >Ascolta o acquista il CD su iTunes<\/span><\/a><\/div>\n\n<style type=\"text\/css\" data-created_by=\"avia_inline_auto\" id=\"style-css-av-18v0rmm-81667afd5c8ddb00db013dc3203f5792\">\n#top .av-special-heading.av-18v0rmm-81667afd5c8ddb00db013dc3203f5792{\npadding-bottom:10px;\n}\nbody .av-special-heading.av-18v0rmm-81667afd5c8ddb00db013dc3203f5792 .av-special-heading-tag .heading-char{\nfont-size:25px;\n}\n.av-special-heading.av-18v0rmm-81667afd5c8ddb00db013dc3203f5792 .av-subheading{\nfont-size:15px;\n}\n<\/style>\n<div  class='av-special-heading av-18v0rmm-81667afd5c8ddb00db013dc3203f5792 av-special-heading-h4 meta-heading  avia-builder-el-2  el_after_av_button  el_before_av_blog '><h4 class='av-special-heading-tag '  itemprop=\"headline\"  >Recensioni<\/h4><div class=\"special-heading-border\"><div class=\"special-heading-inner-border\"><\/div><\/div><\/div>\n<div  class='av-alb-blogposts template-blog  '  itemscope=\"itemscope\" itemtype=\"https:\/\/schema.org\/Blog\" >\t<article class=\"entry\">\n\t\t<header class=\"entry-content-header\" aria-label=\"No Posts Found\" >\n<h1 class='post-title entry-title '>Nothing Found<\/h1>\t\t<\/header>\n\n\t\t<p class=\"entry-content\"  itemprop=\"text\" >Sorry, no posts matched your criteria<\/p>\n\n\t\t<footer class=\"entry-footer\"><\/footer>\n\t<\/article>\n\n<div class='bloglist-compact'><\/div><\/div>\n","protected":false},"excerpt":{"rendered":"<p><strong>Booklet + 1\u00a0CD \u2013 32 pagine \u2013 ISBN 9788861631700<\/strong><\/p>\n<p class=\"p2\">Lino Straulino <span class=\"s2\">al cjante <\/span>Leonardo Zanier<\/p>\n","protected":false},"featured_media":14889,"comment_status":"closed","ping_status":"closed","template":"","meta":[],"product_brand":[],"product_cat":[71],"product_tag":[395,396,394,393],"class_list":{"0":"post-14882","1":"product","2":"type-product","3":"status-publish","4":"has-post-thumbnail","6":"product_cat-block-nota","7":"product_tag-bn-cd-463","8":"product_tag-leonardo-zanier","9":"product_tag-lino-straulino","10":"product_tag-ogni-sera","12":"first","13":"instock","14":"purchasable","15":"product-type-simple"},"_links":{"self":[{"href":"https:\/\/www.nota.it\/en\/wp-json\/wp\/v2\/product\/14882","targetHints":{"allow":["GET"]}}],"collection":[{"href":"https:\/\/www.nota.it\/en\/wp-json\/wp\/v2\/product"}],"about":[{"href":"https:\/\/www.nota.it\/en\/wp-json\/wp\/v2\/types\/product"}],"replies":[{"embeddable":true,"href":"https:\/\/www.nota.it\/en\/wp-json\/wp\/v2\/comments?post=14882"}],"wp:featuredmedia":[{"embeddable":true,"href":"https:\/\/www.nota.it\/en\/wp-json\/wp\/v2\/media\/14889"}],"wp:attachment":[{"href":"https:\/\/www.nota.it\/en\/wp-json\/wp\/v2\/media?parent=14882"}],"wp:term":[{"taxonomy":"product_brand","embeddable":true,"href":"https:\/\/www.nota.it\/en\/wp-json\/wp\/v2\/product_brand?post=14882"},{"taxonomy":"product_cat","embeddable":true,"href":"https:\/\/www.nota.it\/en\/wp-json\/wp\/v2\/product_cat?post=14882"},{"taxonomy":"product_tag","embeddable":true,"href":"https:\/\/www.nota.it\/en\/wp-json\/wp\/v2\/product_tag?post=14882"}],"curies":[{"name":"wp","href":"https:\/\/api.w.org\/{rel}","templated":true}]}}