{"id":14991,"date":"2018-03-14T13:03:18","date_gmt":"2018-03-14T12:03:18","guid":{"rendered":"https:\/\/www.notamusic.com\/?post_type=product&#038;p=14991"},"modified":"2023-02-22T10:29:17","modified_gmt":"2023-02-22T09:29:17","slug":"occitania-friuli-europa","status":"publish","type":"product","link":"https:\/\/www.nota.it\/en\/prodotto\/occitania-friuli-europa\/","title":{"rendered":"Occitania, Friuli, Europa"},"content":{"rendered":"<p class=\"p1\">Una delle manifestazioni pi\u00f9 interessanti di resistenza e vitalit\u00e0 culturale delle minoranze linguistiche e delle nazioni senza stato \u00e8 costituita dalla produzione musicale nella lingua propria. Ci\u00f2 vale per diverse comunit\u00e0 linguistiche d\u2019Europa e in particolare per l\u2019Occitania e il Friuli.<\/p>\n<p class=\"p1\">Il libro di Marco Stolfo presenta un\u2019approfondita e organica esplorazione delle realt\u00e0 occitana e friulana, dalla fine degli anni Sessanta ad oggi, e la collega e la confronta con quelle che si sono sviluppate altrove.<\/p>\n<p class=\"p1\">Accanto alla musica contemporanea in lingua d\u2019oc e al Friuli che canta e suona in friulano, sloveno e tedesco, il volume presenta una ricca panoramica di lingue, suoni, ritmi e artisti, dalla Sardegna, al Paese Basco, dalla Corsica alla Bretagna, dal Galles ai Paesi Catalani, dalle Asturie sino a Scozia e Frisia, ai sami del circolo polare artico e ai grecanici e agli albanesi dell\u2019Italia meridionale.<\/p>\n<p class=\"p1\">Il tutto avviene con un approccio multidisciplinare, che comprende musica, storia, politica, societ\u00e0, diritti linguistici, letteratura e tutela delle minoranze. Il volume d\u00e0 conto di una ricerca basata su diverse fonti, tra cui una serie di interviste con esponenti del panorama musicale occitano e friulano, come Sergio Berardo, Moussu Tatou, Lino Straulino e gli Arbe Garbe, e con altri esperti e musicisti sardi, bretoni, baschi, catalani, ladini e albanesi, protagonisti della tavola rotonda virtuale che costituisce la sezione conclusiva del libro.<\/p>\n<p class=\"p1\">Un lavoro di ricerca, documentazione e divulgazione, non solo da leggere ma anche da ascoltare. Al volume, infatti, \u00e8 allegato un cd con una selezione della musica occitana e friulana pi\u00f9 nuova e pi\u00f9 forte.<\/p>\n","protected":false},"excerpt":{"rendered":"<p><b><span style=\"color: #000000;\"><span class=\"s1\">Digital Download (PDF book)<\/span> \u2013 244 pagine \u2013 ISBN 9788861631779<\/span><\/b><\/p>\n<h6 class=\"p2\">La mia lingua suona il rock. Di Marco Stolfo<\/h6>\n<p class=\"p2\">Sono disponibili 3 download per questo articolo, scaricabili nell\u2019arco di 60gg. dalla data di acquisto. Il download sar\u00e0 disponibile solo dopo il pagamento.<\/p>\n","protected":false},"featured_media":14996,"comment_status":"closed","ping_status":"closed","template":"","meta":[],"product_brand":[],"product_cat":[65],"product_tag":[1415,1156,1414],"class_list":{"0":"post-14991","1":"product","2":"type-product","3":"status-publish","4":"has-post-thumbnail","6":"product_cat-nota","7":"product_tag-cdb-467","8":"product_tag-marco-stolfo","9":"product_tag-occitania-friuli-oriente","11":"first","12":"instock","13":"downloadable","14":"virtual","15":"purchasable","16":"product-type-simple"},"_links":{"self":[{"href":"https:\/\/www.nota.it\/en\/wp-json\/wp\/v2\/product\/14991","targetHints":{"allow":["GET"]}}],"collection":[{"href":"https:\/\/www.nota.it\/en\/wp-json\/wp\/v2\/product"}],"about":[{"href":"https:\/\/www.nota.it\/en\/wp-json\/wp\/v2\/types\/product"}],"replies":[{"embeddable":true,"href":"https:\/\/www.nota.it\/en\/wp-json\/wp\/v2\/comments?post=14991"}],"wp:featuredmedia":[{"embeddable":true,"href":"https:\/\/www.nota.it\/en\/wp-json\/wp\/v2\/media\/14996"}],"wp:attachment":[{"href":"https:\/\/www.nota.it\/en\/wp-json\/wp\/v2\/media?parent=14991"}],"wp:term":[{"taxonomy":"product_brand","embeddable":true,"href":"https:\/\/www.nota.it\/en\/wp-json\/wp\/v2\/product_brand?post=14991"},{"taxonomy":"product_cat","embeddable":true,"href":"https:\/\/www.nota.it\/en\/wp-json\/wp\/v2\/product_cat?post=14991"},{"taxonomy":"product_tag","embeddable":true,"href":"https:\/\/www.nota.it\/en\/wp-json\/wp\/v2\/product_tag?post=14991"}],"curies":[{"name":"wp","href":"https:\/\/api.w.org\/{rel}","templated":true}]}}