{"id":15462,"date":"2019-01-14T11:32:37","date_gmt":"2019-01-14T10:32:37","guid":{"rendered":"https:\/\/www.notamusic.com\/?post_type=product&#038;p=15462"},"modified":"2021-09-28T09:19:08","modified_gmt":"2021-09-28T07:19:08","slug":"il-picul-princip","status":"publish","type":"product","link":"https:\/\/www.nota.it\/en\/prodotto\/il-picul-princip\/","title":{"rendered":"Il Pi\u00e7ul Princip"},"content":{"rendered":"<p class=\"p1\"><span class=\"s1\">Un classico della letteratura per ragazzi, <b>tradotto in friulano<\/b> e qui supportato per la prima volta dal racconto integrale interpretato in lingua friulana da Andrea Zuccolo (audiolibro di oltre 2 ore contenuto in 2 CD allegati).<br \/>\n<\/span><span class=\"s1\">Un viaggio per cercare il senso della vita,\u00a0\u00a0<\/span><span class=\"s1\">il significato dell\u2019amore e dell\u2019amicizia.<br \/>\n<\/span><span class=\"s1\">Una storia poetica considerata universalmente una delle pi\u00f9 grandi opere letterarie del XX secolo gi\u00e0 tradotta in pi\u00f9 di trecento lingue.<\/span><\/p>\n<p class=\"p1\"><span class=\"s1\"><b>Antoine de Saint-Exup\u00e9ry <\/b>(1900-1944) scrittore francese, grande appassionato di aviazione a cui ha dedicato molti scritti. Universalmente riconosciuto fra i grandi letterati del 900 soprattutto per questa opera (Il Piccolo Pincipe, prima ediizone del 1943).<br \/>\n<\/span><b>Andrea Zuccolo<\/b> (1955) attore, doppiatore, regista e poeta friulano con una vasta esperienza teatrale internazionale.<br \/>\n<b>Vittorio Vella<\/b> (1960) editore musicale e compositore. Le sue competenze spaziano dalle colonne sonore alla musica contemporanea.<\/p>\n<p class=\"p1\"><span class=\"s1\">I 2 CD contengono la lettura integrale dell\u2019opera tradotta in friulano dall\u2019originale francese da un grupo di traduttori composto da Fiorella Angeli, Saverio Boezio, Renata Di Giusto, Giovanni e Maria Ermacora, Mariangela Forgiarini, Gjulio Ziraldo.<\/span><\/p>\n<p class=\"p3\"><span class=\"s1\">La regia e l\u2019interpretazione di Andrea Zuccolo e il commento di musicale di Vittorio Vella restituiscono\u00a0<\/span><span class=\"s1\">all\u2019ascolto il massimo valore poetico e letterario del testo. Viene valorizzata al meglio anche la lingua friulana completando cos\u00ec un\u2019opera dedicata un pubblico di ascoltatori e lettori di ogni et\u00e0.<\/span><\/p>\n<p>Progetto finanziato da ARLeF &#8211; Agjenzie Regjon\u00e2l pe Lenghe Furlane<\/p>\n<p><div  class='avia-button-wrap av-uj2igt-99d26b913dcee559afe7713cb68efc84-wrap avia-button-left  avia-builder-el-0  el_before_av_button  avia-builder-el-first '><a href='https:\/\/www.nota.it\/prodotto\/il-picul-princip-digital-download\/'  class='avia-button av-uj2igt-99d26b913dcee559afe7713cb68efc84 av-link-btn avia-icon_select-yes-left-icon avia-size-small avia-position-left avia-color-theme-color'   aria-label=\"Acquista il formato digitale\"><span class='avia_button_icon avia_button_icon_left avia-iconfont avia-font-entypo-fontello' data-av_icon='\ue82d' data-av_iconfont='entypo-fontello' ><\/span><span class='avia_iconbox_title' >Acquista il formato digitale<\/span><\/a><\/div> <div  class='avia-button-wrap av-uj2igt-e806a6f9f841b373037f151d2cd4985c-wrap avia-button-left  avia-builder-el-1  el_after_av_button  avia-builder-el-last '><a href='https:\/\/music.apple.com\/it\/album\/il-pi%C3%A7ul-princip-de-antoine-de-saint-exupery\/1474137591'  class='avia-button av-uj2igt-e806a6f9f841b373037f151d2cd4985c av-link-btn avia-icon_select-yes-left-icon avia-size-small avia-position-left avia-color-grey'  target=\"_blank\"  rel=\"noopener noreferrer\"  aria-label=\"Ascolta o acquista il CD su iTunes\"><span class='avia_button_icon avia_button_icon_left avia-iconfont avia-font-entypo-fontello' data-av_icon='\ue800' data-av_iconfont='entypo-fontello' ><\/span><span class='avia_iconbox_title' >Ascolta o acquista il CD su iTunes<\/span><\/a><\/div><\/p>\n","protected":false},"excerpt":{"rendered":"<div class=\"woocommerce-product-details__short-description\">\n<p><strong>Libro\u00a0 \u2013 100 pagine \u2013 ISBN\u00a0<span class=\"s1\">9788861631601<\/span><\/strong><\/p>\n<\/div>\n<p><b>Antoine de Saint-Exup\u00e9ry<\/b><\/p>\n<p class=\"p1\"><span class=\"s1\">Traduzione integrale in lingua friulana<br \/>\n<\/span><span class=\"s1\">Disegni dell&#8217;autore<br \/>\nAudiolibro di Andrea Zuccolo<\/span><\/p>\n","protected":false},"featured_media":15463,"comment_status":"closed","ping_status":"closed","template":"","meta":[],"product_brand":[],"product_cat":[232],"product_tag":[1272,1290,1289,1292,1291],"class_list":{"0":"post-15462","1":"product","2":"type-product","3":"status-publish","4":"has-post-thumbnail","6":"product_cat-logo","7":"product_tag-andrea-zuccolo","8":"product_tag-antoine-de-saint-exupery","9":"product_tag-il-picul-princip","10":"product_tag-logo02","11":"product_tag-vittorio-vella","13":"first","14":"instock","15":"purchasable","16":"product-type-simple"},"_links":{"self":[{"href":"https:\/\/www.nota.it\/en\/wp-json\/wp\/v2\/product\/15462","targetHints":{"allow":["GET"]}}],"collection":[{"href":"https:\/\/www.nota.it\/en\/wp-json\/wp\/v2\/product"}],"about":[{"href":"https:\/\/www.nota.it\/en\/wp-json\/wp\/v2\/types\/product"}],"replies":[{"embeddable":true,"href":"https:\/\/www.nota.it\/en\/wp-json\/wp\/v2\/comments?post=15462"}],"wp:featuredmedia":[{"embeddable":true,"href":"https:\/\/www.nota.it\/en\/wp-json\/wp\/v2\/media\/15463"}],"wp:attachment":[{"href":"https:\/\/www.nota.it\/en\/wp-json\/wp\/v2\/media?parent=15462"}],"wp:term":[{"taxonomy":"product_brand","embeddable":true,"href":"https:\/\/www.nota.it\/en\/wp-json\/wp\/v2\/product_brand?post=15462"},{"taxonomy":"product_cat","embeddable":true,"href":"https:\/\/www.nota.it\/en\/wp-json\/wp\/v2\/product_cat?post=15462"},{"taxonomy":"product_tag","embeddable":true,"href":"https:\/\/www.nota.it\/en\/wp-json\/wp\/v2\/product_tag?post=15462"}],"curies":[{"name":"wp","href":"https:\/\/api.w.org\/{rel}","templated":true}]}}