{"id":16010,"date":"2019-10-14T16:03:52","date_gmt":"2019-10-14T14:03:52","guid":{"rendered":"https:\/\/www.notamusic.com\/?post_type=product&#038;p=16010"},"modified":"2020-03-31T11:28:14","modified_gmt":"2020-03-31T09:28:14","slug":"da-herat-a-istanbul-digital-download","status":"publish","type":"product","link":"https:\/\/www.nota.it\/en\/prodotto\/da-herat-a-istanbul-digital-download\/","title":{"rendered":"Da Herat a Istanbul (digital download)"},"content":{"rendered":"<p>Ensemble B\u00eer\u00fbn,\u00a0Kudsi Erguner (flauto ney, direzione musicale)<\/p>\n<p>Opere di \/ <i>Compositions by <\/i>\u2018Abd-ul Q\u00e2dir Mar\u00e2gh\u00ee, 1360?1435; al-F\u00e2r\u00e2b\u00ee, 872?- 951; Sultan Veled, 1226-1312; Huseyn Baykara, 1469-1506; G\u00e2z\u00ee Giray Khan, 1554-1607.<\/p>\n<p class=\"p1\">A proposito della musica classica ottomana, Kudsi Erguner, direttore artistico del progetto, scrive: \u201cPurtroppo, per una concezione sbagliata, una simile eredit\u00e0 viene detta ancor oggi \u2018musica classica turca\u2019: per me si tratta invece della musica classica di molte genti che hanno condiviso una storia comune in seno all\u2019impero ottomano. Non \u00e8 quindi una musica fatta per essere apprezzata secondo l\u2019appartenenza nazionale ma secondo il gusto di una cultura comune, esattamente come la musica classica europea.\u201d<\/p>\n<p>&nbsp;<\/p>\n\n<style type=\"text\/css\" data-created_by=\"avia_inline_auto\" id=\"style-css-av-18v0rmm-81667afd5c8ddb00db013dc3203f5792\">\n#top .av-special-heading.av-18v0rmm-81667afd5c8ddb00db013dc3203f5792{\npadding-bottom:10px;\n}\nbody .av-special-heading.av-18v0rmm-81667afd5c8ddb00db013dc3203f5792 .av-special-heading-tag .heading-char{\nfont-size:25px;\n}\n.av-special-heading.av-18v0rmm-81667afd5c8ddb00db013dc3203f5792 .av-subheading{\nfont-size:15px;\n}\n<\/style>\n<div  class='av-special-heading av-18v0rmm-81667afd5c8ddb00db013dc3203f5792 av-special-heading-h4 meta-heading  avia-builder-el-0  el_before_av_blog  avia-builder-el-first '><h4 class='av-special-heading-tag '  itemprop=\"headline\"  >Recensioni<\/h4><div class=\"special-heading-border\"><div class=\"special-heading-inner-border\"><\/div><\/div><\/div>\n<div  class='av-alb-blogposts template-blog  '  itemscope=\"itemscope\" itemtype=\"https:\/\/schema.org\/Blog\" >\t<article class=\"entry\">\n\t\t<header class=\"entry-content-header\" aria-label=\"No Posts Found\" >\n<h1 class='post-title entry-title '>Nothing Found<\/h1>\t\t<\/header>\n\n\t\t<p class=\"entry-content\"  itemprop=\"text\" >Sorry, no posts matched your criteria<\/p>\n\n\t\t<footer class=\"entry-footer\"><\/footer>\n\t<\/article>\n\n<div class='bloglist-compact'><\/div><\/div>\n<p>&nbsp;<\/p>\n<div  class='avia-button-wrap av-uj2igt-ad38b886cf8fae759445c4fe37823c6f-wrap avia-button-left  avia-builder-el-2  el_after_av_blog  avia-builder-el-last '><a href='https:\/\/music.apple.com\/it\/album\/musica-delle-corti-da-herat-istanbul-music-courts-from\/1374469674'  class='avia-button av-uj2igt-ad38b886cf8fae759445c4fe37823c6f av-link-btn avia-icon_select-yes-left-icon avia-size-small avia-position-left avia-color-grey'  target=\"_blank\"  rel=\"noopener noreferrer\"  aria-label=\"Ascolta o acquista il CD su iTunes\"><span class='avia_button_icon avia_button_icon_left avia-iconfont avia-font-entypo-fontello' data-av_icon='\ue800' data-av_iconfont='entypo-fontello' ><\/span><span class='avia_iconbox_title' >Ascolta o acquista il CD su iTunes<\/span><\/a><\/div>\n<p>&nbsp;<\/p>\n","protected":false},"excerpt":{"rendered":"<p><b><span style=\"color: #000000;\"><span class=\"s1\">Digital Download (PDF booklet + Brani AAC)<\/span> \u2013 88 pagine \u2013 ISBN 9788861631762<\/span><\/b><\/p>\n<p><em>Musica delle corti<\/em><\/p>\n<p>Sono disponibili 3 download per questo articolo, scaricabili nell&#8217;arco di 60gg. dalla data di acquisto. Il download sar\u00e0 disponibile solo dopo il pagamento.<\/p>\n","protected":false},"featured_media":15067,"comment_status":"closed","ping_status":"closed","template":"","meta":[],"product_brand":[],"product_cat":[328],"product_tag":[],"class_list":{"0":"post-16010","1":"product","2":"type-product","3":"status-publish","4":"has-post-thumbnail","6":"product_cat-digitale","8":"first","9":"instock","10":"downloadable","11":"virtual","12":"purchasable","13":"product-type-simple"},"_links":{"self":[{"href":"https:\/\/www.nota.it\/en\/wp-json\/wp\/v2\/product\/16010","targetHints":{"allow":["GET"]}}],"collection":[{"href":"https:\/\/www.nota.it\/en\/wp-json\/wp\/v2\/product"}],"about":[{"href":"https:\/\/www.nota.it\/en\/wp-json\/wp\/v2\/types\/product"}],"replies":[{"embeddable":true,"href":"https:\/\/www.nota.it\/en\/wp-json\/wp\/v2\/comments?post=16010"}],"wp:featuredmedia":[{"embeddable":true,"href":"https:\/\/www.nota.it\/en\/wp-json\/wp\/v2\/media\/15067"}],"wp:attachment":[{"href":"https:\/\/www.nota.it\/en\/wp-json\/wp\/v2\/media?parent=16010"}],"wp:term":[{"taxonomy":"product_brand","embeddable":true,"href":"https:\/\/www.nota.it\/en\/wp-json\/wp\/v2\/product_brand?post=16010"},{"taxonomy":"product_cat","embeddable":true,"href":"https:\/\/www.nota.it\/en\/wp-json\/wp\/v2\/product_cat?post=16010"},{"taxonomy":"product_tag","embeddable":true,"href":"https:\/\/www.nota.it\/en\/wp-json\/wp\/v2\/product_tag?post=16010"}],"curies":[{"name":"wp","href":"https:\/\/api.w.org\/{rel}","templated":true}]}}