{"id":16038,"date":"2019-10-16T10:30:27","date_gmt":"2019-10-16T08:30:27","guid":{"rendered":"https:\/\/www.notamusic.com\/?post_type=product&#038;p=16038"},"modified":"2023-11-30T10:13:24","modified_gmt":"2023-11-30T09:13:24","slug":"a-descriptive-catalogue-of-sanskrit-manuscripts-digital-download","status":"publish","type":"product","link":"https:\/\/www.nota.it\/en\/prodotto\/a-descriptive-catalogue-of-sanskrit-manuscripts-digital-download\/","title":{"rendered":"A descriptive catalogue of Sanskrit manuscripts (digital download)"},"content":{"rendered":"<p class=\"p2\">The Descriptive Catalogue of Sanskrit Manuscripts in the Alain Dani\u00e9lou Collection at the Giorgio Cini Foundation by Nicola Biondi, presents an important collection of over 300 copies of manuscripts, both hand-written and type-written, devoted mainly to Indian music and sound. In the 1950s, a team of scholars led by Alain Dani\u00e9lou searched for Sanskrit manuscripts dealing with music, <i>Sang\u012bta \u015b\u0101stra<\/i>, in the main Indian libraries and private collections. The texts were copied between 1946 and 1955 all around India (V\u0101r\u0101\u1e47asi, Kolkata, Chennai, Baroda, Thanjavur, Thiruvanathapuram, Pune, Bikaner).<\/p>\n<p class=\"p3\">The collection, donated by Dani\u00e9lou to the Giorgio Cini Foundation in 1971, is now thoroughly described in the attempt to offer a useful tool to researchers and all those interested in Indian music history and theory.<\/p>\n","protected":false},"excerpt":{"rendered":"<h4>in the Alain Dani\u00e9lou Collection at the Giorgio Cini Foundation<\/h4>\n<p>Edited by Nicola Biondi<\/p>\n<div class=\"woocommerce-product-details__short-description\">\n<div>\n<p><b> <span style=\"color: black;\">Digital Download (PDF booklet) \u2013 312 pagine \u2013 Ean 9788861631595&lt;\/span style&gt;<\/span><\/b><\/p>\n<\/div>\n<form class=\"cart\" enctype=\"multipart\/form-data\" method=\"post\"><\/form>\n<\/div>\n<p>Sono disponibili 3 download per questo articolo, scaricabili nell\u2019arco di 60gg. dalla data di acquisto. Il download sar\u00e0 disponibile solo dopo il pagamento.<\/p>\n","protected":false},"featured_media":13800,"comment_status":"closed","ping_status":"closed","template":"","meta":[],"product_brand":[],"product_cat":[328],"product_tag":[],"class_list":{"0":"post-16038","1":"product","2":"type-product","3":"status-publish","4":"has-post-thumbnail","6":"product_cat-digitale","8":"first","9":"instock","10":"downloadable","11":"virtual","12":"purchasable","13":"product-type-simple"},"_links":{"self":[{"href":"https:\/\/www.nota.it\/en\/wp-json\/wp\/v2\/product\/16038","targetHints":{"allow":["GET"]}}],"collection":[{"href":"https:\/\/www.nota.it\/en\/wp-json\/wp\/v2\/product"}],"about":[{"href":"https:\/\/www.nota.it\/en\/wp-json\/wp\/v2\/types\/product"}],"replies":[{"embeddable":true,"href":"https:\/\/www.nota.it\/en\/wp-json\/wp\/v2\/comments?post=16038"}],"wp:featuredmedia":[{"embeddable":true,"href":"https:\/\/www.nota.it\/en\/wp-json\/wp\/v2\/media\/13800"}],"wp:attachment":[{"href":"https:\/\/www.nota.it\/en\/wp-json\/wp\/v2\/media?parent=16038"}],"wp:term":[{"taxonomy":"product_brand","embeddable":true,"href":"https:\/\/www.nota.it\/en\/wp-json\/wp\/v2\/product_brand?post=16038"},{"taxonomy":"product_cat","embeddable":true,"href":"https:\/\/www.nota.it\/en\/wp-json\/wp\/v2\/product_cat?post=16038"},{"taxonomy":"product_tag","embeddable":true,"href":"https:\/\/www.nota.it\/en\/wp-json\/wp\/v2\/product_tag?post=16038"}],"curies":[{"name":"wp","href":"https:\/\/api.w.org\/{rel}","templated":true}]}}