{"id":16488,"date":"2020-03-31T11:43:09","date_gmt":"2020-03-31T09:43:09","guid":{"rendered":"https:\/\/www.notamusic.com\/?post_type=product&#038;p=16488"},"modified":"2024-12-13T16:50:07","modified_gmt":"2024-12-13T15:50:07","slug":"i-compositori-greci-del-maqam-ottomano-digital-download","status":"publish","type":"product","link":"https:\/\/www.nota.it\/en\/prodotto\/i-compositori-greci-del-maqam-ottomano-digital-download\/","title":{"rendered":"I compositori greci del maq\u00e2m ottomano (digital download)"},"content":{"rendered":"<p>Opere di Petros Peloponnesios (ca. 1735-1778), Tanb\u00fbr\u00ee Angeli (1610?-1690), Ioannis Zografos Keivelis, Kemen\u00e7ec\u0131 Usta Yianni (XIX century).<\/p>\n<p class=\"p2\">A proposito della musica classica ottomana, Kudsi Erguner, direttore artistico del progetto, scrive: \u201cPurtroppo, per una concezione sbagliata, una simile eredit\u00e0 viene detta ancor oggi \u2018musica classica turca\u2019: per me si tratta invece della musica classica di molte genti che hanno condiviso una storia comune in seno all\u2019impero ottomano. Non \u00e8 quindi una musica fatta per essere apprezzata secondo l\u2019appartenenza nazionale ma secondo il gusto di una cultura comune, esattamente come la musica classica europea.\u201d<\/p>\n<p>&nbsp;<\/p>\n\n<style type=\"text\/css\" data-created_by=\"avia_inline_auto\" id=\"style-css-av-18v0rmm-81667afd5c8ddb00db013dc3203f5792\">\n#top .av-special-heading.av-18v0rmm-81667afd5c8ddb00db013dc3203f5792{\npadding-bottom:10px;\n}\nbody .av-special-heading.av-18v0rmm-81667afd5c8ddb00db013dc3203f5792 .av-special-heading-tag .heading-char{\nfont-size:25px;\n}\n.av-special-heading.av-18v0rmm-81667afd5c8ddb00db013dc3203f5792 .av-subheading{\nfont-size:15px;\n}\n<\/style>\n<div  class='av-special-heading av-18v0rmm-81667afd5c8ddb00db013dc3203f5792 av-special-heading-h4 meta-heading  avia-builder-el-0  el_before_av_blog  avia-builder-el-first '><h4 class='av-special-heading-tag '  itemprop=\"headline\"  >Recensioni<\/h4><div class=\"special-heading-border\"><div class=\"special-heading-inner-border\"><\/div><\/div><\/div>\n<div  class='av-alb-blogposts template-blog  '  itemscope=\"itemscope\" itemtype=\"https:\/\/schema.org\/Blog\" >\t<article class=\"entry\">\n\t\t<header class=\"entry-content-header\" aria-label=\"No Posts Found\" >\n<h1 class='post-title entry-title '>Nothing Found<\/h1>\t\t<\/header>\n\n\t\t<p class=\"entry-content\"  itemprop=\"text\" >Sorry, no posts matched your criteria<\/p>\n\n\t\t<footer class=\"entry-footer\"><\/footer>\n\t<\/article>\n\n<div class='bloglist-compact'><\/div><\/div>\n<p>&nbsp;<\/p>\n<div  class='avia-button-wrap av-uj2igt-fae6a2394f0b55d9ffc164b2f14be7e6-wrap avia-button-left  avia-builder-el-2  el_after_av_blog  avia-builder-el-last '><a href='https:\/\/music.apple.com\/it\/album\/i-compositori-greci-del-maq%C3%A2m-ottomano-greek-composers\/1234701736'  class='avia-button av-uj2igt-fae6a2394f0b55d9ffc164b2f14be7e6 av-link-btn avia-icon_select-yes-left-icon avia-size-small avia-position-left avia-color-grey'  target=\"_blank\"  rel=\"noopener noreferrer\"  aria-label=\"Ascolta o acquista il CD su iTunes\"><span class='avia_button_icon avia_button_icon_left avia-iconfont avia-font-entypo-fontello' data-av_icon='\ue800' data-av_iconfont='entypo-fontello' ><\/span><span class='avia_iconbox_title' >Ascolta o acquista il CD su iTunes<\/span><\/a><\/div>\n<p>&nbsp;<\/p>\n","protected":false},"excerpt":{"rendered":"<p><b><span style=\"color: black;\"><span class=\"s1\">Digital Download (PDF booklet + Brani AAC)<\/span> \u2013 72 pagine \u2013 ISBN 9788861631588<\/span><\/b><\/p>\n<p class=\"p2\">Ensemble B\u00eer\u00fbn,\u00a0Kudsi Erguner (flauto ney, direzione musicale)<\/p>\n<p class=\"p2\">Sono disponibili 3 download per questo articolo, scaricabili nell\u2019arco di 60gg. dalla data di acquisto. Il download sar\u00e0 disponibile solo dopo il pagamento.<\/p>\n","protected":false},"featured_media":13776,"comment_status":"closed","ping_status":"closed","template":"","meta":[],"product_brand":[],"product_cat":[328],"product_tag":[],"class_list":{"0":"post-16488","1":"product","2":"type-product","3":"status-publish","4":"has-post-thumbnail","6":"product_cat-digitale","8":"first","9":"instock","10":"downloadable","11":"virtual","12":"purchasable","13":"product-type-simple"},"_links":{"self":[{"href":"https:\/\/www.nota.it\/en\/wp-json\/wp\/v2\/product\/16488","targetHints":{"allow":["GET"]}}],"collection":[{"href":"https:\/\/www.nota.it\/en\/wp-json\/wp\/v2\/product"}],"about":[{"href":"https:\/\/www.nota.it\/en\/wp-json\/wp\/v2\/types\/product"}],"replies":[{"embeddable":true,"href":"https:\/\/www.nota.it\/en\/wp-json\/wp\/v2\/comments?post=16488"}],"wp:featuredmedia":[{"embeddable":true,"href":"https:\/\/www.nota.it\/en\/wp-json\/wp\/v2\/media\/13776"}],"wp:attachment":[{"href":"https:\/\/www.nota.it\/en\/wp-json\/wp\/v2\/media?parent=16488"}],"wp:term":[{"taxonomy":"product_brand","embeddable":true,"href":"https:\/\/www.nota.it\/en\/wp-json\/wp\/v2\/product_brand?post=16488"},{"taxonomy":"product_cat","embeddable":true,"href":"https:\/\/www.nota.it\/en\/wp-json\/wp\/v2\/product_cat?post=16488"},{"taxonomy":"product_tag","embeddable":true,"href":"https:\/\/www.nota.it\/en\/wp-json\/wp\/v2\/product_tag?post=16488"}],"curies":[{"name":"wp","href":"https:\/\/api.w.org\/{rel}","templated":true}]}}