{"id":16537,"date":"2020-04-02T12:10:09","date_gmt":"2020-04-02T10:10:09","guid":{"rendered":"https:\/\/www.notamusic.com\/?post_type=product&#038;p=16537"},"modified":"2020-04-14T12:56:58","modified_gmt":"2020-04-14T10:56:58","slug":"furclap-digital-download","status":"publish","type":"product","link":"https:\/\/www.nota.it\/en\/prodotto\/furclap-digital-download\/","title":{"rendered":"F\u00fbrcl\u00e0p (digital download)"},"content":{"rendered":"<p>Dopo dieci anni di attivit\u00e0, l&#8217;esordio su Cd per una delle band pi\u00f9 affermate della &#8220;nuova musica friulana&#8221;. Tradizione popolare e colta si fondono grazie anche ad un ensemble di valenti musicisti, senza mai cadere nell&#8217;esercizio di stile, ma con un marchio di fabbrica ormai riconoscibile.<\/p>\n<p>Giulio Venier &#8211; violini, violino elettrico, sintetizzatori, cornamusa e organetto diatonico<\/p>\n<p>Vanni Floreani &#8211; voce e bouzouki<br \/>\nFranco Stocco &#8211; batteria<br \/>\nPaolo Viezzi &#8211; basso elettrico<\/p>\n<p>Ospiti: Mariarosa Pizzo, Marisa Scuntaro, Emma Montanari (coro), Claudia Grimaz (coro e voce solista), U.T.Gandhi (percussioni) e Martina Bertoni (violoncello)<\/p>\n<div  class='avia-button-wrap av-uj2igt-d5808cc256a7ac484b3e2c4646c34411-wrap avia-button-left  avia-builder-el-0  avia-builder-el-no-sibling '><a href='https:\/\/music.apple.com\/it\/album\/f%C3%BBrcl%C3%A0p\/386505693'  class='avia-button av-uj2igt-d5808cc256a7ac484b3e2c4646c34411 av-link-btn avia-icon_select-yes-left-icon avia-size-small avia-position-left avia-color-grey'  target=\"_blank\"  rel=\"noopener noreferrer\"  aria-label=\"Ascolta o acquista il CD su iTunes\"><span class='avia_button_icon avia_button_icon_left avia-iconfont avia-font-entypo-fontello' data-av_icon='\ue800' data-av_iconfont='entypo-fontello' ><\/span><span class='avia_iconbox_title' >Ascolta o acquista il CD su iTunes<\/span><\/a><\/div>\n","protected":false},"excerpt":{"rendered":"<p><b><span style=\"color: black;\"><span class=\"s1\">Digital Download (Brani AAC)<\/span> \u2013 EAN 8033481632486<\/span><\/b><\/p>\n<p>Sono disponibili 3 download per questo articolo, scaricabili nell\u2019arco di 60gg. dalla data di acquisto. Il download sar\u00e0 disponibile solo dopo il pagamento.<\/p>\n","protected":false},"featured_media":14282,"comment_status":"closed","ping_status":"closed","template":"","meta":[],"product_brand":[],"product_cat":[328],"product_tag":[435,433,434,436],"class_list":{"0":"post-16537","1":"product","2":"type-product","3":"status-publish","4":"has-post-thumbnail","6":"product_cat-digitale","7":"product_tag-furclap","8":"product_tag-strepits","9":"product_tag-strepitz","10":"product_tag-suns-cd-248","12":"first","13":"instock","14":"downloadable","15":"virtual","16":"taxable","17":"purchasable","18":"product-type-simple"},"_links":{"self":[{"href":"https:\/\/www.nota.it\/en\/wp-json\/wp\/v2\/product\/16537","targetHints":{"allow":["GET"]}}],"collection":[{"href":"https:\/\/www.nota.it\/en\/wp-json\/wp\/v2\/product"}],"about":[{"href":"https:\/\/www.nota.it\/en\/wp-json\/wp\/v2\/types\/product"}],"replies":[{"embeddable":true,"href":"https:\/\/www.nota.it\/en\/wp-json\/wp\/v2\/comments?post=16537"}],"wp:featuredmedia":[{"embeddable":true,"href":"https:\/\/www.nota.it\/en\/wp-json\/wp\/v2\/media\/14282"}],"wp:attachment":[{"href":"https:\/\/www.nota.it\/en\/wp-json\/wp\/v2\/media?parent=16537"}],"wp:term":[{"taxonomy":"product_brand","embeddable":true,"href":"https:\/\/www.nota.it\/en\/wp-json\/wp\/v2\/product_brand?post=16537"},{"taxonomy":"product_cat","embeddable":true,"href":"https:\/\/www.nota.it\/en\/wp-json\/wp\/v2\/product_cat?post=16537"},{"taxonomy":"product_tag","embeddable":true,"href":"https:\/\/www.nota.it\/en\/wp-json\/wp\/v2\/product_tag?post=16537"}],"curies":[{"name":"wp","href":"https:\/\/api.w.org\/{rel}","templated":true}]}}