{"id":16650,"date":"2020-04-10T12:11:48","date_gmt":"2020-04-10T10:11:48","guid":{"rendered":"https:\/\/www.notamusic.com\/?post_type=product&#038;p=16650"},"modified":"2020-04-10T12:17:23","modified_gmt":"2020-04-10T10:17:23","slug":"la-bela-resciesa-digital-download","status":"publish","type":"product","link":"https:\/\/www.nota.it\/en\/prodotto\/la-bela-resciesa-digital-download\/","title":{"rendered":"La bela Resciesa (digital download)"},"content":{"rendered":"<div class=\"page\" title=\"Page 1\">\n<div class=\"section\">\n<div class=\"layoutArea\">\n<div class=\"column\">\n<p>Una ricerca etnomusicologica svolta in Val Gardena mette in luce una realt\u00e0 musicale singolare che si muove tra tradizione e innovazione, dove la musica assume un ruolo centrale nella vita sociale della comunit\u00e0, dove lingue e culture diverse convivono e interagiscono. I documenti audio contenuti nel compact disc restituiscono il vivace e diversificato paesaggio sonoro gardenese nell\u2019arco di settant\u2019anni.<\/p>\n<div class=\"page\" title=\"Page 1\">\n<div class=\"section\">\n<div class=\"layoutArea\">\n<div class=\"column\">\n<div class=\"page\" title=\"Page 1\">\n<div class=\"section\">\n<div class=\"layoutArea\">\n<div class=\"column\">\n<div class=\"page\" title=\"Page 1\">\n<div class=\"section\">\n<div class=\"layoutArea\">\n<div class=\"column\">\n<p class=\"p1\"><em>Kl\u00e4nge, Stimmen und Musik aus Gr\u00f6den<\/em><\/p>\n<p><span style=\"line-height: 1.5;\">Diese in Gr\u00f6den durchgefu\u0308hrte ethnomusikologische Recherche bringt\u00a0eine einzigartige musikalische Realit\u00e4t zum Vorschein, die sich zwischen\u00a0Tradition und Innovation bewegt, wo die Musik eine zentrale Rolle in\u00a0der Gesellschaft spielt und wo die verschiedenen Sprachen und Kulturen\u00a0zusammenleben und zusammenwirken. Die auf der CD enthaltenen\u00a0Audiodokumente geben die lebendige und vielf\u00e4ltige Musiklandschaft\u00a0w\u00e4hrend 70 Jahren wieder.\u00a0<\/span><\/p>\n<p class=\"p1\"><em>L sonn, la ujes y la mujiga de Gherd\u00ebina<\/em><\/p>\n<p class=\"p1\">Ch\u00ebsta nrescida etnomusicologica fata te Gherd\u00ebina porta a lum n mond dla mujiga particuler che se muev danter tradizion y nuvit\u00e0 ulache la mujiga tol ite n post zentrel tla vita dla cumenanza y ulache la rujenedes y cultures defr\u00ebntes viv deberieda y se nfl uenzea l\u2019una cun l\u2019autra. I docum\u00ebnc audio che ie lepr\u00f2 sun l CD d\u00e0 n cheder pl\u00ebn de vita y da truepa mudazions dl mond di sonns te Gherd\u00ebina te setanta ani.<\/p>\n<\/div>\n<\/div>\n<\/div>\n<\/div>\n<\/div>\n<\/div>\n<\/div>\n<\/div>\n<\/div>\n<\/div>\n<\/div>\n<\/div>\n<\/div>\n<\/div>\n<\/div>\n<\/div>\n","protected":false},"excerpt":{"rendered":"<p><b><span style=\"color: black;\"><span class=\"s1\">Digital Download (PDF book + Brani AAC)<\/span> \u2013 222 pagine \u2013 ISBN 9788861630819<\/span><\/b><\/p>\n<p><em>I suoni, le voci e le musiche della Val Gardena<\/em><\/p>\n<p>Sono disponibili 3 download per questo articolo, scaricabili nell&#8217;arco di 60gg. dalla data di acquisto. Il download sar\u00e0 disponibile solo dopo il pagamento.<\/p>\n","protected":false},"featured_media":14068,"comment_status":"closed","ping_status":"closed","template":"","meta":[],"product_brand":[],"product_cat":[1952],"product_tag":[531,529,528,530],"class_list":{"0":"post-16650","1":"product","2":"type-product","3":"status-publish","4":"has-post-thumbnail","6":"product_cat-digitale","7":"product_tag-geos-cdb-572","8":"product_tag-i-suoni-le-voci-e-le-musiche-della-val-gardena","9":"product_tag-la-bela-resciesa","10":"product_tag-paolo-vinati","12":"first","13":"instock","14":"downloadable","15":"virtual","16":"purchasable","17":"product-type-simple"},"_links":{"self":[{"href":"https:\/\/www.nota.it\/en\/wp-json\/wp\/v2\/product\/16650","targetHints":{"allow":["GET"]}}],"collection":[{"href":"https:\/\/www.nota.it\/en\/wp-json\/wp\/v2\/product"}],"about":[{"href":"https:\/\/www.nota.it\/en\/wp-json\/wp\/v2\/types\/product"}],"replies":[{"embeddable":true,"href":"https:\/\/www.nota.it\/en\/wp-json\/wp\/v2\/comments?post=16650"}],"wp:featuredmedia":[{"embeddable":true,"href":"https:\/\/www.nota.it\/en\/wp-json\/wp\/v2\/media\/14068"}],"wp:attachment":[{"href":"https:\/\/www.nota.it\/en\/wp-json\/wp\/v2\/media?parent=16650"}],"wp:term":[{"taxonomy":"product_brand","embeddable":true,"href":"https:\/\/www.nota.it\/en\/wp-json\/wp\/v2\/product_brand?post=16650"},{"taxonomy":"product_cat","embeddable":true,"href":"https:\/\/www.nota.it\/en\/wp-json\/wp\/v2\/product_cat?post=16650"},{"taxonomy":"product_tag","embeddable":true,"href":"https:\/\/www.nota.it\/en\/wp-json\/wp\/v2\/product_tag?post=16650"}],"curies":[{"name":"wp","href":"https:\/\/api.w.org\/{rel}","templated":true}]}}