{"id":16674,"date":"2020-04-14T11:32:47","date_gmt":"2020-04-14T09:32:47","guid":{"rendered":"https:\/\/www.notamusic.com\/?post_type=product&#038;p=16674"},"modified":"2020-04-14T11:37:49","modified_gmt":"2020-04-14T09:37:49","slug":"cantors-di-plef-digital-download","status":"publish","type":"product","link":"https:\/\/www.nota.it\/en\/prodotto\/cantors-di-plef-digital-download\/","title":{"rendered":"Cant\u00f4rs di Pl\u00eaf (digital download)"},"content":{"rendered":"<p class=\"p2\">La Chiesa di Santa Maria di Gorto (Ovaro, provincia di Udine) \u00e8 una delle pi\u00f9 antiche pievi della Carnia. Circondata da luoghi di suggestiva bellezza e impreziosita da numerose opere d\u2019arte, essa \u00e8 sede di un\u2019antica tradizione liturgico-musicale. I Cant\u00f4rs di Pl\u00eaf costituiscono il gruppo vocale deputato ad accompagnare col canto le liturgie parrocchiali pi\u00f9 solenni; un tempo composto da sole voci maschili, il sodalizio \u00e8 oggi allargato alla partecipazione delle voci femminili che hanno anche la funzione di guidare e sostenere la partecipazione dell\u2019intera assemblea. Il repertorio impiegato si inquadra nel cosiddetto \u201ccanto patriarchino di tradizione orale\u201d, comune a una vasta area alto-adriatica che nel Medioevo costituiva il territorio della diocesi metropolitica aquileiese e a parte delle diocesi suffraganee della relativa provincia ecclesiastica.<\/p>\n<div  class='avia-button-wrap av-uj2igt-18adca695bd32f6c3bd712222ba55cad-wrap avia-button-left  avia-builder-el-0  el_before_av_heading  avia-builder-el-first '><a href='https:\/\/music.apple.com\/it\/album\/canto-liturgico-di-tradizione-orale-nella-pieve-di\/1347593820'  class='avia-button av-uj2igt-18adca695bd32f6c3bd712222ba55cad av-link-btn avia-icon_select-yes-left-icon avia-size-small avia-position-left avia-color-grey'  target=\"_blank\"  rel=\"noopener noreferrer\"  aria-label=\"Ascolta o acquista il CD su iTunes\"><span class='avia_button_icon avia_button_icon_left avia-iconfont avia-font-entypo-fontello' data-av_icon='\ue800' data-av_iconfont='entypo-fontello' ><\/span><span class='avia_iconbox_title' >Ascolta o acquista il CD su iTunes<\/span><\/a><\/div>\n\n<style type=\"text\/css\" data-created_by=\"avia_inline_auto\" id=\"style-css-av-18v0rmm-81667afd5c8ddb00db013dc3203f5792\">\n#top .av-special-heading.av-18v0rmm-81667afd5c8ddb00db013dc3203f5792{\npadding-bottom:10px;\n}\nbody .av-special-heading.av-18v0rmm-81667afd5c8ddb00db013dc3203f5792 .av-special-heading-tag .heading-char{\nfont-size:25px;\n}\n.av-special-heading.av-18v0rmm-81667afd5c8ddb00db013dc3203f5792 .av-subheading{\nfont-size:15px;\n}\n<\/style>\n<div  class='av-special-heading av-18v0rmm-81667afd5c8ddb00db013dc3203f5792 av-special-heading-h4 meta-heading  avia-builder-el-1  el_after_av_button  el_before_av_blog '><h4 class='av-special-heading-tag '  itemprop=\"headline\"  >Recensioni<\/h4><div class=\"special-heading-border\"><div class=\"special-heading-inner-border\"><\/div><\/div><\/div>\n<div  class='av-alb-blogposts template-blog  '  itemscope=\"itemscope\" itemtype=\"https:\/\/schema.org\/Blog\" >\t<article class=\"entry\">\n\t\t<header class=\"entry-content-header\" aria-label=\"No Posts Found\" >\n<h1 class='post-title entry-title '>Nothing Found<\/h1>\t\t<\/header>\n\n\t\t<p class=\"entry-content\"  itemprop=\"text\" >Sorry, no posts matched your criteria<\/p>\n\n\t\t<footer class=\"entry-footer\"><\/footer>\n\t<\/article>\n\n<div class='bloglist-compact'><\/div><\/div>\n","protected":false},"excerpt":{"rendered":"<div class=\"woocommerce-product-details__short-description\">\n<p><b><span style=\"color: black;\"><span class=\"s1\">Digital Download (PDF book + Brani AAC)<\/span> \u2013 80 pagine \u2013 ISBN 9788861631564<\/span><\/b><\/p>\n<p><em>Il canto liturgico di tradizione orale nella Pieve di Santa Maria di Gorto<br \/>\n<\/em>a cura di Roberto Frisano<\/p>\n<\/div>\n<div class=\"page\" title=\"Page 1\">\n<div class=\"section\">\n<div class=\"layoutArea\">\n<div class=\"column\">\n<p>Sono disponibili 3 download per questo articolo, scaricabili nell&#8217;arco di 60gg. dalla data di acquisto. Il download sar\u00e0 disponibile solo dopo il pagamento.<\/p>\n<\/div>\n<\/div>\n<\/div>\n<\/div>\n","protected":false},"featured_media":14806,"comment_status":"closed","ping_status":"closed","template":"","meta":[],"product_brand":[],"product_cat":[328],"product_tag":[541,542,543,544,523],"class_list":{"0":"post-16674","1":"product","2":"type-product","3":"status-publish","4":"has-post-thumbnail","6":"product_cat-digitale","7":"product_tag-cantors-di-plef","8":"product_tag-geos-2cd-book-429","9":"product_tag-ovaro","10":"product_tag-pieve-di-santa-maria-di-gorto","11":"product_tag-roberto-frisano","13":"first","14":"instock","15":"downloadable","16":"virtual","17":"purchasable","18":"product-type-simple"},"_links":{"self":[{"href":"https:\/\/www.nota.it\/en\/wp-json\/wp\/v2\/product\/16674","targetHints":{"allow":["GET"]}}],"collection":[{"href":"https:\/\/www.nota.it\/en\/wp-json\/wp\/v2\/product"}],"about":[{"href":"https:\/\/www.nota.it\/en\/wp-json\/wp\/v2\/types\/product"}],"replies":[{"embeddable":true,"href":"https:\/\/www.nota.it\/en\/wp-json\/wp\/v2\/comments?post=16674"}],"wp:featuredmedia":[{"embeddable":true,"href":"https:\/\/www.nota.it\/en\/wp-json\/wp\/v2\/media\/14806"}],"wp:attachment":[{"href":"https:\/\/www.nota.it\/en\/wp-json\/wp\/v2\/media?parent=16674"}],"wp:term":[{"taxonomy":"product_brand","embeddable":true,"href":"https:\/\/www.nota.it\/en\/wp-json\/wp\/v2\/product_brand?post=16674"},{"taxonomy":"product_cat","embeddable":true,"href":"https:\/\/www.nota.it\/en\/wp-json\/wp\/v2\/product_cat?post=16674"},{"taxonomy":"product_tag","embeddable":true,"href":"https:\/\/www.nota.it\/en\/wp-json\/wp\/v2\/product_tag?post=16674"}],"curies":[{"name":"wp","href":"https:\/\/api.w.org\/{rel}","templated":true}]}}