{"id":16816,"date":"2020-04-23T10:44:50","date_gmt":"2020-04-23T08:44:50","guid":{"rendered":"https:\/\/www.notamusic.com\/?post_type=product&#038;p=16816"},"modified":"2020-04-23T10:48:04","modified_gmt":"2020-04-23T08:48:04","slug":"formicus-1999-digital-download","status":"publish","type":"product","link":"https:\/\/www.nota.it\/en\/prodotto\/formicus-1999-digital-download\/","title":{"rendered":"Formicus 1999 (digital download)"},"content":{"rendered":"<p><i>Un convincente progetto pop anglo-friulano fra chitarre addolcite, tastiere vintage, inserti di fiati e delicate armonie vocali. Il friulano che finisce docile fra le seducenti spire albioniche, ma quando la scrittura \u00e8 cos\u00ec ispirata e di prim&#8217;ordine e l&#8217;equilibrio sonoro \u00e8 perfetto, ci si ritrova a fischiettare le serafiche melodie dei Prorastar. <\/i>(Il Mucchio Selvaggio)<\/p>\n<p>Simone &#8211; voce, chitarra brasiliana, G-fuzz, G-e-bow, altre chitarre<br \/>\nPierre &#8211; G-popstar, G-echo, G-flanged, G-spaziale<br \/>\nCoquito &#8211; sinusoid, piano, trombasynt, silon, hammond, percussioni<br \/>\nAlexia &#8211; basso, miss maracas<br \/>\nTano -batteria, mister cembalo<br \/>\nospiti: susi (flauto e voce); Piel (tromba); Ursus jr. (chitarra hawai); Libertin (muezzin)<\/p>\n<div  class='avia-button-wrap av-uj2igt-1a24d028c74f9617b473127be51927b4-wrap avia-button-left  avia-builder-el-0  avia-builder-el-no-sibling '><a href='https:\/\/music.apple.com\/it\/album\/formicus-1999\/1342621337'  class='avia-button av-uj2igt-1a24d028c74f9617b473127be51927b4 av-link-btn avia-icon_select-yes-left-icon avia-size-small avia-position-left avia-color-grey'  target=\"_blank\"  rel=\"noopener noreferrer\"  aria-label=\"Ascolta o acquista il CD su iTunes\"><span class='avia_button_icon avia_button_icon_left avia-iconfont avia-font-entypo-fontello' data-av_icon='\ue800' data-av_iconfont='entypo-fontello' ><\/span><span class='avia_iconbox_title' >Ascolta o acquista il CD su iTunes<\/span><\/a><\/div>\n","protected":false},"excerpt":{"rendered":"<p><strong><b><span style=\"color: black;\"><span class=\"s1\">Digital Download (Brani AAC)<\/span> \u2013 EAN 8033481633353<\/span><\/b><\/strong><\/p>\n<p><em>Prorastar<\/em><\/p>\n<p>Sono disponibili 3 download per questo articolo, scaricabili nell&#8217;arco di 60gg. dalla data di acquisto. Il download sar\u00e0 disponibile solo dopo il pagamento.<\/p>\n","protected":false},"featured_media":13972,"comment_status":"closed","ping_status":"closed","template":"","meta":[],"product_brand":[],"product_cat":[328],"product_tag":[731,732,730],"class_list":{"0":"post-16816","1":"product","2":"type-product","3":"status-publish","4":"has-post-thumbnail","6":"product_cat-digitale","7":"product_tag-formicus-1999","8":"product_tag-nota-cd-335","9":"product_tag-prorastar","11":"first","12":"instock","13":"downloadable","14":"virtual","15":"taxable","16":"purchasable","17":"product-type-simple"},"_links":{"self":[{"href":"https:\/\/www.nota.it\/en\/wp-json\/wp\/v2\/product\/16816","targetHints":{"allow":["GET"]}}],"collection":[{"href":"https:\/\/www.nota.it\/en\/wp-json\/wp\/v2\/product"}],"about":[{"href":"https:\/\/www.nota.it\/en\/wp-json\/wp\/v2\/types\/product"}],"replies":[{"embeddable":true,"href":"https:\/\/www.nota.it\/en\/wp-json\/wp\/v2\/comments?post=16816"}],"wp:featuredmedia":[{"embeddable":true,"href":"https:\/\/www.nota.it\/en\/wp-json\/wp\/v2\/media\/13972"}],"wp:attachment":[{"href":"https:\/\/www.nota.it\/en\/wp-json\/wp\/v2\/media?parent=16816"}],"wp:term":[{"taxonomy":"product_brand","embeddable":true,"href":"https:\/\/www.nota.it\/en\/wp-json\/wp\/v2\/product_brand?post=16816"},{"taxonomy":"product_cat","embeddable":true,"href":"https:\/\/www.nota.it\/en\/wp-json\/wp\/v2\/product_cat?post=16816"},{"taxonomy":"product_tag","embeddable":true,"href":"https:\/\/www.nota.it\/en\/wp-json\/wp\/v2\/product_tag?post=16816"}],"curies":[{"name":"wp","href":"https:\/\/api.w.org\/{rel}","templated":true}]}}