{"id":16965,"date":"2020-05-08T10:53:52","date_gmt":"2020-05-08T08:53:52","guid":{"rendered":"https:\/\/www.notamusic.com\/?post_type=product&#038;p=16965"},"modified":"2020-05-08T10:58:30","modified_gmt":"2020-05-08T08:58:30","slug":"bar-italia-digital-download","status":"publish","type":"product","link":"https:\/\/www.nota.it\/en\/prodotto\/bar-italia-digital-download\/","title":{"rendered":"Bar Italia (digital download)"},"content":{"rendered":"<p>Dall&#8217;archivio della memoria personale di Lino Straulino vengono fissate per la prima volta su CD le pi\u00f9 vecchie ed inedite canzoni composte in lingua italiana dal cantautore carnico. Significativamente riecheggiano in gran parte del CD atmosfere e sonorit\u00e0 degli anni 80, ci\u00f2 non toglie freschezza, immediatezza e attualit\u00e0 ai compact disc, anche grazie all&#8217;integrazione di alcuni brani pi\u00f9 recenti, compreso un inedito scritto a quattromani con Maurizio Mattiuzza.<\/p>\n<p class=\"p1\"><span class=\"s1\"><div  class='avia-button-wrap av-uj2igt-b384e52375ab454bcc73fd56d7b5359d-wrap avia-button-left  avia-builder-el-0  avia-builder-el-no-sibling '><a href='https:\/\/music.apple.com\/it\/album\/bar-italia\/1142416221'  class='avia-button av-uj2igt-b384e52375ab454bcc73fd56d7b5359d av-link-btn avia-icon_select-yes-left-icon avia-size-small avia-position-left avia-color-grey'  target=\"_blank\"  rel=\"noopener noreferrer\"  aria-label=\"Ascolta o acquista il CD su iTunes\"><span class='avia_button_icon avia_button_icon_left avia-iconfont avia-font-entypo-fontello' data-av_icon='\ue800' data-av_iconfont='entypo-fontello' ><\/span><span class='avia_iconbox_title' >Ascolta o acquista il CD su iTunes<\/span><\/a><\/div><\/span><\/p>\n","protected":false},"excerpt":{"rendered":"<p><strong><b><span style=\"color: black;\"><span class=\"s1\">Digital Download (Brani AAC)<\/span> \u2013 EAN 8033481634848<\/span><\/b><\/strong><\/p>\n<p>Sono disponibili 3 download per questo articolo, scaricabili nell&#8217;arco di 60gg. dalla data di acquisto. Il download sar\u00e0 disponibile solo dopo il pagamento.<\/p>\n","protected":false},"featured_media":13994,"comment_status":"closed","ping_status":"closed","template":"","meta":[],"product_brand":[],"product_cat":[328],"product_tag":[866,394,867,64],"class_list":{"0":"post-16965","1":"product","2":"type-product","3":"status-publish","4":"has-post-thumbnail","6":"product_cat-digitale","7":"product_tag-bar-italia","8":"product_tag-lino-straulino","9":"product_tag-nota-cd-484","10":"product_tag-straulino-it","12":"first","13":"instock","14":"downloadable","15":"virtual","16":"taxable","17":"purchasable","18":"product-type-simple"},"_links":{"self":[{"href":"https:\/\/www.nota.it\/en\/wp-json\/wp\/v2\/product\/16965","targetHints":{"allow":["GET"]}}],"collection":[{"href":"https:\/\/www.nota.it\/en\/wp-json\/wp\/v2\/product"}],"about":[{"href":"https:\/\/www.nota.it\/en\/wp-json\/wp\/v2\/types\/product"}],"replies":[{"embeddable":true,"href":"https:\/\/www.nota.it\/en\/wp-json\/wp\/v2\/comments?post=16965"}],"wp:featuredmedia":[{"embeddable":true,"href":"https:\/\/www.nota.it\/en\/wp-json\/wp\/v2\/media\/13994"}],"wp:attachment":[{"href":"https:\/\/www.nota.it\/en\/wp-json\/wp\/v2\/media?parent=16965"}],"wp:term":[{"taxonomy":"product_brand","embeddable":true,"href":"https:\/\/www.nota.it\/en\/wp-json\/wp\/v2\/product_brand?post=16965"},{"taxonomy":"product_cat","embeddable":true,"href":"https:\/\/www.nota.it\/en\/wp-json\/wp\/v2\/product_cat?post=16965"},{"taxonomy":"product_tag","embeddable":true,"href":"https:\/\/www.nota.it\/en\/wp-json\/wp\/v2\/product_tag?post=16965"}],"curies":[{"name":"wp","href":"https:\/\/api.w.org\/{rel}","templated":true}]}}