{"id":17065,"date":"2020-05-19T12:37:06","date_gmt":"2020-05-19T10:37:06","guid":{"rendered":"https:\/\/www.notamusic.com\/?post_type=product&#038;p=17065"},"modified":"2021-10-20T11:14:06","modified_gmt":"2021-10-20T09:14:06","slug":"benvenuto-un-taspettavo-digital-download","status":"publish","type":"product","link":"https:\/\/www.nota.it\/en\/prodotto\/benvenuto-un-taspettavo-digital-download\/","title":{"rendered":"Toscana: Benvenuto &#8216;un t&#8217;aspettavo (digital download)"},"content":{"rendered":"<p>PASQUALINA RONCONI: canterina,\u00a0pastora, mezzadra e casalinga nella Valle del Sasso<\/p>\n<p>Il canto di Pasqualina, per quanto oggi possa apparire frammentario e marginale rispetto alla contemporaneit\u00e0, \u00e8 la testimonianza resistente di una modalit\u00e0 di pensiero che considera le persone come coloro che portano, tramandano, elaborano e creano cultura anzich\u00e9 esserne solo semplici fruitori.<\/p>\n<p><span class=\"s1\"><div  class='avia-button-wrap av-uj2igt-cb38dbb8ad9de9a05f25463b8f4adda1-wrap avia-button-left  avia-builder-el-0  avia-builder-el-no-sibling '><a href='https:\/\/music.apple.com\/it\/album\/toscana-benvenuto-taspettavo-pasqualina-ronconi-canterina\/1178832671'  class='avia-button av-uj2igt-cb38dbb8ad9de9a05f25463b8f4adda1 av-link-btn avia-icon_select-yes-left-icon avia-size-small avia-position-left avia-color-grey'  target=\"_blank\"  rel=\"noopener noreferrer\"  aria-label=\"Ascolta o acquista il CD su iTunes\"><span class='avia_button_icon avia_button_icon_left avia-iconfont avia-font-entypo-fontello' data-av_icon='\ue800' data-av_iconfont='entypo-fontello' ><\/span><span class='avia_iconbox_title' >Ascolta o acquista il CD su iTunes<\/span><\/a><\/div><\/span><\/p>\n","protected":false},"excerpt":{"rendered":"<p><b><span style=\"color: black;\"><span class=\"s1\">Digital Download (PDF booklet + Brani AAC)<\/span> \u2013 36 pagine \u2013 ISBN 9788861630529<\/span><\/b><\/p>\n<p>Sono disponibili 3 download per questo articolo, scaricabili nell&#8217;arco di 60gg. dalla data di acquisto. Il download sar\u00e0 disponibile solo dopo il pagamento.<\/p>\n","protected":false},"featured_media":13700,"comment_status":"closed","ping_status":"closed","template":"","meta":[],"product_brand":[],"product_cat":[1952],"product_tag":[946,945],"class_list":{"0":"post-17065","1":"product","2":"type-product","3":"status-publish","4":"has-post-thumbnail","6":"product_cat-digitale","7":"product_tag-geos-bn-cd-646","8":"product_tag-toscana-benvenuto-un-taspettavo","10":"first","11":"instock","12":"downloadable","13":"virtual","14":"purchasable","15":"product-type-simple"},"_links":{"self":[{"href":"https:\/\/www.nota.it\/en\/wp-json\/wp\/v2\/product\/17065","targetHints":{"allow":["GET"]}}],"collection":[{"href":"https:\/\/www.nota.it\/en\/wp-json\/wp\/v2\/product"}],"about":[{"href":"https:\/\/www.nota.it\/en\/wp-json\/wp\/v2\/types\/product"}],"replies":[{"embeddable":true,"href":"https:\/\/www.nota.it\/en\/wp-json\/wp\/v2\/comments?post=17065"}],"wp:featuredmedia":[{"embeddable":true,"href":"https:\/\/www.nota.it\/en\/wp-json\/wp\/v2\/media\/13700"}],"wp:attachment":[{"href":"https:\/\/www.nota.it\/en\/wp-json\/wp\/v2\/media?parent=17065"}],"wp:term":[{"taxonomy":"product_brand","embeddable":true,"href":"https:\/\/www.nota.it\/en\/wp-json\/wp\/v2\/product_brand?post=17065"},{"taxonomy":"product_cat","embeddable":true,"href":"https:\/\/www.nota.it\/en\/wp-json\/wp\/v2\/product_cat?post=17065"},{"taxonomy":"product_tag","embeddable":true,"href":"https:\/\/www.nota.it\/en\/wp-json\/wp\/v2\/product_tag?post=17065"}],"curies":[{"name":"wp","href":"https:\/\/api.w.org\/{rel}","templated":true}]}}