{"id":17072,"date":"2020-05-19T12:53:02","date_gmt":"2020-05-19T10:53:02","guid":{"rendered":"https:\/\/www.notamusic.com\/?post_type=product&#038;p=17072"},"modified":"2021-10-19T12:22:10","modified_gmt":"2021-10-19T10:22:10","slug":"cantacronache-vol-1-digital-download","status":"publish","type":"product","link":"https:\/\/www.nota.it\/en\/prodotto\/cantacronache-vol-1-digital-download\/","title":{"rendered":"Cantacronache vol. 1 (digital download)"},"content":{"rendered":"<p>Il primo volume di Cantacronache \u00e8 senza dubbio quello pi\u00f9famoso, non solo perch\u00e9 contiene alcuni dei brani pi\u00f9 famosi del\u00a0gruppo, come Oltre Il Ponte, scritta da Calvino e Liberovici, ma anche per la presenza di alcuni piccoli gioielli come La Zolfara di\u00a0Straniero e Amodei, e Polesine cantata da Margot e La Ruota\u00a0scritta ed interpretata da Pogliotti. Si tratta di brani che catturano\u00a0con grande forza quella che era l\u2019atmosfera sociale e politica\u00a0dell\u2019Italia tra la fine degli anni Cinquanta e l\u2019inizio degli anni\u00a0Sessanta, e che allo stesso tempo riaprono una profonda riflessione sulla Resistenza.<br \/>\nSebbene il successo commerciale sia nelle prime stampe per Italia Canta, sia nella versione lp di Albatros fu molto limitato, questo disco ancora oggi ha un importante significato sociale e\u00a0culturale perch\u00e9 apr\u00ec la strada ad una generazione di cantautori \u201cimpegnati\u201d, partendo da un fortissimo legame con le radici della tradizione popolare. Ad arricchire il disco troviamo anche\u00a0l\u2019intensa Nel Mondo Dei Beati di Duilio Del Prete, che sebbene risalente al periodo appena successivo allo scioglimento del gruppo, ne conserva lo spirito originario.<\/p>\n<p><span class=\"s1\"><div  class='avia-button-wrap av-uj2igt-50dd47d012c533f84ed5f043f0af2f9f-wrap avia-button-left  avia-builder-el-0  avia-builder-el-no-sibling '><a href='https:\/\/music.apple.com\/it\/album\/cantacronache-1\/366618656'  class='avia-button av-uj2igt-50dd47d012c533f84ed5f043f0af2f9f av-link-btn avia-icon_select-yes-left-icon avia-size-small avia-position-left avia-color-grey'  target=\"_blank\"  rel=\"noopener noreferrer\"  aria-label=\"Ascolta o acquista il CD su iTunes\"><span class='avia_button_icon avia_button_icon_left avia-iconfont avia-font-entypo-fontello' data-av_icon='\ue800' data-av_iconfont='entypo-fontello' ><\/span><span class='avia_iconbox_title' >Ascolta o acquista il CD su iTunes<\/span><\/a><\/div><\/span><\/p>\n","protected":false},"excerpt":{"rendered":"<p><strong><b><span style=\"color: black;\"><span class=\"s1\">Digital Download (Brani AAC)<\/span> \u2013 EAN 80033481636545<\/span><\/b><\/strong><\/p>\n<p><em>Canzoni di Fausto Amodei, Italo Calvino, duilio Del Prete, Franco Fortini, Emilio Jona, Sergio Liberovici, Mario Pogliotti, Michele Straniero<\/em><\/p>\n<p class=\"p1\"><span class=\"s1\">Sono disponibili 3 download per questo articolo, scaricabili nell&#8217;arco di 60gg. dalla data di acquisto. Il download sar\u00e0 disponibile solo dopo il pagamento.<\/span><\/p>\n","protected":false},"featured_media":13598,"comment_status":"closed","ping_status":"closed","template":"","meta":[],"product_brand":[],"product_cat":[328],"product_tag":[131,147,148,149,135,150,100,143,145,146],"class_list":{"0":"post-17072","1":"product","2":"type-product","3":"status-publish","4":"has-post-thumbnail","6":"product_cat-digitale","7":"product_tag-albatros","8":"product_tag-cantacronache-1","9":"product_tag-duilio-del-prete","10":"product_tag-emilio-jona","11":"product_tag-fausto-amodei","12":"product_tag-franco-fortini","13":"product_tag-italo-calvino","14":"product_tag-mario-pogliotti","15":"product_tag-michele-straniero","16":"product_tag-sergio-liberovici","18":"first","19":"instock","20":"downloadable","21":"virtual","22":"taxable","23":"purchasable","24":"product-type-simple"},"_links":{"self":[{"href":"https:\/\/www.nota.it\/en\/wp-json\/wp\/v2\/product\/17072","targetHints":{"allow":["GET"]}}],"collection":[{"href":"https:\/\/www.nota.it\/en\/wp-json\/wp\/v2\/product"}],"about":[{"href":"https:\/\/www.nota.it\/en\/wp-json\/wp\/v2\/types\/product"}],"replies":[{"embeddable":true,"href":"https:\/\/www.nota.it\/en\/wp-json\/wp\/v2\/comments?post=17072"}],"wp:featuredmedia":[{"embeddable":true,"href":"https:\/\/www.nota.it\/en\/wp-json\/wp\/v2\/media\/13598"}],"wp:attachment":[{"href":"https:\/\/www.nota.it\/en\/wp-json\/wp\/v2\/media?parent=17072"}],"wp:term":[{"taxonomy":"product_brand","embeddable":true,"href":"https:\/\/www.nota.it\/en\/wp-json\/wp\/v2\/product_brand?post=17072"},{"taxonomy":"product_cat","embeddable":true,"href":"https:\/\/www.nota.it\/en\/wp-json\/wp\/v2\/product_cat?post=17072"},{"taxonomy":"product_tag","embeddable":true,"href":"https:\/\/www.nota.it\/en\/wp-json\/wp\/v2\/product_tag?post=17072"}],"curies":[{"name":"wp","href":"https:\/\/api.w.org\/{rel}","templated":true}]}}