{"id":17074,"date":"2020-05-19T12:56:17","date_gmt":"2020-05-19T10:56:17","guid":{"rendered":"https:\/\/www.notamusic.com\/?post_type=product&#038;p=17074"},"modified":"2021-10-19T10:31:23","modified_gmt":"2021-10-19T08:31:23","slug":"cantacronache-vol-3-digital-download","status":"publish","type":"product","link":"https:\/\/www.nota.it\/en\/prodotto\/cantacronache-vol-3-digital-download\/","title":{"rendered":"Cantacronache vol. 3 (digital download)"},"content":{"rendered":"<p>A differenza dei due precedenti che focalizzavano la loro\u00a0attenzione sul gruppo come collettivo, il terzo volume di\u00a0Cantacronache si concentra solo sulla figura di Fausto Amodei,\u00a0ed in particolare su dodici brani pubblicati nel 1960 e nella\u00a0primavera del 1963, allorch\u00e9 il gruppo era ormai sciolto. Si tratta\u00a0di un documento importante perch\u00e9 testimonia il momento di\u00a0passaggio di Amodei dalla produzione satirica con brani come Il\u00a0Ratto della Chitarra, Il Gallo, e Una Carriera alla canzone\u00a0didascali de Il Tarlo, fino a toccare le storiche canzoni corali come Per I Morti di Reggio Emilia e Ballata Ai Dittatori. In particolare Per I Morti Di Reggio Emilia, divenne la canzone simbolo non solo dei Cantacronache ma anche della canzone di protesta in generale. Scritta all&#8217;indomani della strage di Reggio Emilia del 7 luglio 1960, questa canzone raccoglieva il disagio politico verso il ritorno ad un governo filofascista come quello di Tambroni, eletto con il sostegno del MSI e che al momento della sua formazione, nell\u2019aprile di quell\u2019anno provoc\u00f2 violenti scontri e vittime. La scrittura di Amodei vibra di grande passione politica, ma ci\u00f2 che risalta \u00e8 la sua capacit\u00e0 di unire il linguaggio \u201cpoetico\u201d con quello quotidiano, il tutto caratterizzando ogni suo testo con la sua ironia. Fuori dagli schemi metrici, dalle rime baciate, troviamo testi profondi ed intensi, che sebbene non immediati lasciano trasparire la sua grande perizia compositiva. Scrive Roberto Leydi, nella presentazione originale: \u201cRiproporre le canzoni di Amodei significa quindi riproporre alcuni dei documenti di base della canzone\u00a0italiana. Non soltanto documenti per la cronaca (o magari la storia) ma voci ancora vive, pungenti, stimolanti, in alcuni cas incalzanti, anche in rapporto alla dura situazione che stiamo<br \/>\nvivendo\u201d.<\/p>\n<p><span class=\"s1\"><div  class='avia-button-wrap av-uj2igt-152b221b155588f2167b7b62704e2ce3-wrap avia-button-left  avia-builder-el-0  avia-builder-el-no-sibling '><a href='https:\/\/music.apple.com\/it\/album\/cantacronache-3\/364911331'  class='avia-button av-uj2igt-152b221b155588f2167b7b62704e2ce3 av-link-btn avia-icon_select-yes-left-icon avia-size-small avia-position-left avia-color-grey'  target=\"_blank\"  rel=\"noopener noreferrer\"  aria-label=\"Ascolta o acquista il CD su iTunes\"><span class='avia_button_icon avia_button_icon_left avia-iconfont avia-font-entypo-fontello' data-av_icon='\ue800' data-av_iconfont='entypo-fontello' ><\/span><span class='avia_iconbox_title' >Ascolta o acquista il CD su iTunes<\/span><\/a><\/div><\/span><\/p>\n","protected":false},"excerpt":{"rendered":"<p><strong><b><span style=\"color: black;\"><span class=\"s1\">Digital Download (Brani AAC)<\/span> \u2013 EAN 8033481636569<\/span><\/b><\/strong><\/p>\n<p><em>Fausto Amodei<\/em><\/p>\n<p class=\"p1\"><span class=\"s1\">Sono disponibili 3 download per questo articolo, scaricabili nell&#8217;arco di 60gg. dalla data di acquisto. Il download sar\u00e0 disponibile solo dopo il pagamento.<\/span><\/p>\n","protected":false},"featured_media":13602,"comment_status":"closed","ping_status":"closed","template":"","meta":[],"product_brand":[],"product_cat":[328],"product_tag":[131,139,135],"class_list":{"0":"post-17074","1":"product","2":"type-product","3":"status-publish","4":"has-post-thumbnail","6":"product_cat-digitale","7":"product_tag-albatros","8":"product_tag-cantacronache-3","9":"product_tag-fausto-amodei","11":"first","12":"instock","13":"downloadable","14":"virtual","15":"taxable","16":"purchasable","17":"product-type-simple"},"_links":{"self":[{"href":"https:\/\/www.nota.it\/en\/wp-json\/wp\/v2\/product\/17074","targetHints":{"allow":["GET"]}}],"collection":[{"href":"https:\/\/www.nota.it\/en\/wp-json\/wp\/v2\/product"}],"about":[{"href":"https:\/\/www.nota.it\/en\/wp-json\/wp\/v2\/types\/product"}],"replies":[{"embeddable":true,"href":"https:\/\/www.nota.it\/en\/wp-json\/wp\/v2\/comments?post=17074"}],"wp:featuredmedia":[{"embeddable":true,"href":"https:\/\/www.nota.it\/en\/wp-json\/wp\/v2\/media\/13602"}],"wp:attachment":[{"href":"https:\/\/www.nota.it\/en\/wp-json\/wp\/v2\/media?parent=17074"}],"wp:term":[{"taxonomy":"product_brand","embeddable":true,"href":"https:\/\/www.nota.it\/en\/wp-json\/wp\/v2\/product_brand?post=17074"},{"taxonomy":"product_cat","embeddable":true,"href":"https:\/\/www.nota.it\/en\/wp-json\/wp\/v2\/product_cat?post=17074"},{"taxonomy":"product_tag","embeddable":true,"href":"https:\/\/www.nota.it\/en\/wp-json\/wp\/v2\/product_tag?post=17074"}],"curies":[{"name":"wp","href":"https:\/\/api.w.org\/{rel}","templated":true}]}}