{"id":17261,"date":"2020-08-20T15:43:44","date_gmt":"2020-08-20T13:43:44","guid":{"rendered":"https:\/\/nota.it\/?post_type=product&#038;p=17261"},"modified":"2025-04-03T16:33:30","modified_gmt":"2025-04-03T14:33:30","slug":"confraternite-santi-e-spiriti-digital-download","status":"publish","type":"product","link":"https:\/\/www.nota.it\/en\/prodotto\/confraternite-santi-e-spiriti-digital-download\/","title":{"rendered":"Confraternite, santi e spiriti (digital download)"},"content":{"rendered":"<p>Questo studio \u00e8 parte di un\u2019indagine pi\u00f9 vasta che esplora i il rapporto tra rito, musica e genere in Marocco, e che si articola in due libri complementari. Questo primo libro si occupa del pi\u00f9 ampio contesto sociale e culturale in<br \/>\ncui si situano le pratiche rituali maschili e femminili. Coniugando ricerca storica ed etnografifica, il testo offffre una panoramica del culto dei santi in Marocco. Illustra inoltre le caratteristiche, le cerimonie e le attivit\u00e0 musicali<br \/>\ndelle confraternite religiose di Meknes, in particolare: j\u012bl\u0101la, gnawa, \u1e25amadsha,\u02bfis\u0101wa, tuh\u0101ma e ahl-Tuw\u0101t. Una parte di questo lavoro delinea i tratti salienti dei principali spiriti maschili e femminili evocati nei riti delle<br \/>\nconfraternite, e dedica una specififica attenzione ai riti di possessione e al ruolo delle donne al loro interno.<\/p>\n<p><strong>Silvia Bruni<\/strong> \u00e8 assegnista di ricerca presso il Dipartimento delle Arti, Universit\u00e0 di Bologna. La sua ricerca, che coniuga antropologia, etnomusicologia e studi di genere, si \u00e8 finora concentrata sulle tradizioni rituali e musicali femminili. Ha svolto ricerche etnografiche in Marocco, sia sulle confraternite religiose, che sui riti e sui repertori musicali e poetici femminili di Meknes. Ha inoltre condotto ricerche sul campo e documentazioni audiovisive tra le donne rom nel Kosovo occidentale.<\/p>\n<p>&nbsp;<\/p>\n<p><em>This study is part of a more extensive research exploring the relationship between ritual, <\/em><em>music and gender in Morocco, and which is articulated in two complementary books. <\/em><em>This fifirst book deals with the wider social and cultural context in which both male <\/em><em>and female ritual practices are situated. Combining historical and ethnographic research, <\/em><em>the text offffers an overview of the cult of saints in Morocco. It also sets out the main<\/em><br \/>\n<em>characteristics, ceremonies, and musical activities of the j\u012bl\u0101la, gnawa, h\u0323h\u0323amadsha,<\/em><em>\u02bfis\u0101wa, tuh\u0101ma and ahl-Tuw\u0101t religious brotherhoods in Meknes. Part of this work <\/em><em>outlines salient features of the most important male and female spirits, evoked in the rites <\/em><em>of the brotherhoods. Moreover, it devotes specifific attention to spirit possession ceremonies <\/em><em>and the role women play within them.<\/em><\/p>\n<p><em><strong>Silvia Bruni<\/strong> is a research fellow at the Department of Arts, University of <\/em><em>Bologna. Bringing together anthropology, ethnomusicology and gender <\/em><em>studies, her research to date has focused on women\u2019s rites and musical <\/em><em>traditions. She has carried out ethnographic research in Morocco, both on <\/em><em>religious brotherhoods and on rituals and musical and poetic repertoires <\/em><em>of Meknes\u2019 women. She has also conducted fieldwork and audiovisual <\/em><em>documentations among Roma women in western Kosovo.<\/em><\/p>\n","protected":false},"excerpt":{"rendered":"<p><b><span style=\"color: black;\"><span class=\"s1\">Digital Download (PDF book)<\/span> \u2013 128 pagine \u2013 ISBN 9788861632110<\/span><\/b><\/p>\n<p>Indagini in Marocco &#8211; Parte I<\/p>\n<p>di Silvia Bruni<\/p>\n<p>Sono disponibili 3 download per questo articolo, scaricabili nell&#8217;arco di 60gg. dalla data di acquisto. Il download sar\u00e0 disponibile solo dopo il pagamento.<\/p>\n","protected":false},"featured_media":24306,"comment_status":"closed","ping_status":"closed","template":"","meta":[],"product_brand":[],"product_cat":[328],"product_tag":[967,969,968,971,970],"class_list":{"0":"post-17261","1":"product","2":"type-product","3":"status-publish","4":"has-post-thumbnail","6":"product_cat-digitale","7":"product_tag-confraternite-santi-e-spiriti","8":"product_tag-indagini-in-marocco-parte-i","9":"product_tag-silvia-bruni","10":"product_tag-vesta","11":"product_tag-vs01","13":"first","14":"instock","15":"downloadable","16":"virtual","17":"purchasable","18":"product-type-simple"},"_links":{"self":[{"href":"https:\/\/www.nota.it\/en\/wp-json\/wp\/v2\/product\/17261","targetHints":{"allow":["GET"]}}],"collection":[{"href":"https:\/\/www.nota.it\/en\/wp-json\/wp\/v2\/product"}],"about":[{"href":"https:\/\/www.nota.it\/en\/wp-json\/wp\/v2\/types\/product"}],"replies":[{"embeddable":true,"href":"https:\/\/www.nota.it\/en\/wp-json\/wp\/v2\/comments?post=17261"}],"wp:featuredmedia":[{"embeddable":true,"href":"https:\/\/www.nota.it\/en\/wp-json\/wp\/v2\/media\/24306"}],"wp:attachment":[{"href":"https:\/\/www.nota.it\/en\/wp-json\/wp\/v2\/media?parent=17261"}],"wp:term":[{"taxonomy":"product_brand","embeddable":true,"href":"https:\/\/www.nota.it\/en\/wp-json\/wp\/v2\/product_brand?post=17261"},{"taxonomy":"product_cat","embeddable":true,"href":"https:\/\/www.nota.it\/en\/wp-json\/wp\/v2\/product_cat?post=17261"},{"taxonomy":"product_tag","embeddable":true,"href":"https:\/\/www.nota.it\/en\/wp-json\/wp\/v2\/product_tag?post=17261"}],"curies":[{"name":"wp","href":"https:\/\/api.w.org\/{rel}","templated":true}]}}