{"id":17335,"date":"2020-09-07T15:40:51","date_gmt":"2020-09-07T13:40:51","guid":{"rendered":"https:\/\/nota.it\/?post_type=product&#038;p=17335"},"modified":"2021-09-28T09:13:59","modified_gmt":"2021-09-28T07:13:59","slug":"il-princip-felic","status":"publish","type":"product","link":"https:\/\/www.nota.it\/en\/prodotto\/il-princip-felic\/","title":{"rendered":"Il Princip Feli\u00e7"},"content":{"rendered":"<p><span class=\"s1\">Il Principe Felice \u00e8 una fiaba per adulti e bambini di tutte le et\u00e0 che Oscar Wilde scrisse nel 1888 per i suoi figli.<\/span><\/p>\n<p><span class=\"s1\">Dall&#8217;alto della sua posizione, la statua del Principe Felice vede tutti i mali e le miserie della citt\u00e0. Quando una rondine che stava migrando si posa su di lui, il Principe le racconta la sua storia e le chiede di aiutarlo a soccorrere i poveri e di guarire le ingiustizie che ogni giorno \u00e8 costretto a vedere.<\/span><\/p>\n<p>\u00c8 una storia di amore, di solidariet\u00e0, di lealt\u00e0, di compassione e di generosit\u00e0. \u00c8 una storia senza tempo che non si pu\u00f2 dimenticare.<\/p>\n<p><div  class='avia-button-wrap av-uj2igt-99e674f7b45eb46143389ff93213b960-wrap avia-button-left  avia-builder-el-0  el_before_av_button  avia-builder-el-first '><a href='https:\/\/www.nota.it\/prodotto\/il-princip-felic-digital-download\/'  class='avia-button av-uj2igt-99e674f7b45eb46143389ff93213b960 av-link-btn avia-icon_select-yes-left-icon avia-size-small avia-position-left avia-color-theme-color'   aria-label=\"Acquista il formato digitale\"><span class='avia_button_icon avia_button_icon_left avia-iconfont avia-font-entypo-fontello' data-av_icon='\ue82d' data-av_iconfont='entypo-fontello' ><\/span><span class='avia_iconbox_title' >Acquista il formato digitale<\/span><\/a><\/div> <div  class='avia-button-wrap av-uj2igt-be972b9e41c2610fbfcadcab637c0b99-wrap avia-button-left  avia-builder-el-1  el_after_av_button  avia-builder-el-last '><a href='https:\/\/music.apple.com\/it\/album\/princip-feli%C3%A7-happy-prince-di-oscar-wilde-tradotta\/1560377039'  class='avia-button av-uj2igt-be972b9e41c2610fbfcadcab637c0b99 av-link-btn avia-icon_select-yes-left-icon avia-size-small avia-position-left avia-color-grey'  target=\"_blank\"  rel=\"noopener noreferrer\"  aria-label=\"Ascolta o acquista il CD su iTunes\"><span class='avia_button_icon avia_button_icon_left avia-iconfont avia-font-entypo-fontello' data-av_icon='\ue800' data-av_iconfont='entypo-fontello' ><\/span><span class='avia_iconbox_title' >Ascolta o acquista il CD su iTunes<\/span><\/a><\/div><\/p>\n","protected":false},"excerpt":{"rendered":"<div class=\"woocommerce-product-details__short-description\">\n<p><strong>Libro\u00a0 \u2013 64 pagine \u2013 ISBN <span class=\"s1\">9788861632011<\/span><\/strong><\/p>\n<\/div>\n<p><b>Oscar Wilde<\/b><\/p>\n<p><span class=\"s1\">Traduzione integrale in lingua friulana di Alessandra Kersevan<br \/>\n<\/span><span class=\"s1\">Disegni di Anna Pontel<br \/>\nAudiolibro con la voce di Aida Talliente<br \/>\n<\/span><span class=\"s1\">Musiche di Massimo Gatti<\/span><\/p>\n","protected":false},"featured_media":17338,"comment_status":"closed","ping_status":"closed","template":"","meta":[],"product_brand":[],"product_cat":[232],"product_tag":[1086,1085,1087],"class_list":{"0":"post-17335","1":"product","2":"type-product","3":"status-publish","4":"has-post-thumbnail","6":"product_cat-logo","7":"product_tag-il-princip-felic","8":"product_tag-logo04","9":"product_tag-oscar-wilde","11":"first","12":"instock","13":"purchasable","14":"product-type-simple"},"_links":{"self":[{"href":"https:\/\/www.nota.it\/en\/wp-json\/wp\/v2\/product\/17335","targetHints":{"allow":["GET"]}}],"collection":[{"href":"https:\/\/www.nota.it\/en\/wp-json\/wp\/v2\/product"}],"about":[{"href":"https:\/\/www.nota.it\/en\/wp-json\/wp\/v2\/types\/product"}],"replies":[{"embeddable":true,"href":"https:\/\/www.nota.it\/en\/wp-json\/wp\/v2\/comments?post=17335"}],"wp:featuredmedia":[{"embeddable":true,"href":"https:\/\/www.nota.it\/en\/wp-json\/wp\/v2\/media\/17338"}],"wp:attachment":[{"href":"https:\/\/www.nota.it\/en\/wp-json\/wp\/v2\/media?parent=17335"}],"wp:term":[{"taxonomy":"product_brand","embeddable":true,"href":"https:\/\/www.nota.it\/en\/wp-json\/wp\/v2\/product_brand?post=17335"},{"taxonomy":"product_cat","embeddable":true,"href":"https:\/\/www.nota.it\/en\/wp-json\/wp\/v2\/product_cat?post=17335"},{"taxonomy":"product_tag","embeddable":true,"href":"https:\/\/www.nota.it\/en\/wp-json\/wp\/v2\/product_tag?post=17335"}],"curies":[{"name":"wp","href":"https:\/\/api.w.org\/{rel}","templated":true}]}}