{"id":17340,"date":"2020-09-07T15:45:20","date_gmt":"2020-09-07T13:45:20","guid":{"rendered":"https:\/\/nota.it\/?post_type=product&#038;p=17340"},"modified":"2021-09-28T09:18:10","modified_gmt":"2021-09-28T07:18:10","slug":"il-picul-princip-digital-download","status":"publish","type":"product","link":"https:\/\/www.nota.it\/en\/prodotto\/il-picul-princip-digital-download\/","title":{"rendered":"Il Pi\u00e7ul Princip (digital download)"},"content":{"rendered":"<p class=\"p1\"><span class=\"s1\">Un classico della letteratura per ragazzi, <b>tradotto in friulano<\/b> e qui supportato per la prima volta dal racconto integrale interpretato in lingua friulana da Andrea Zuccolo (audiolibro di oltre 2 ore contenuto in 2 CD allegati).<br \/>\n<\/span><span class=\"s1\">Un viaggio per cercare il senso della vita,\u00a0\u00a0<\/span><span class=\"s1\">il significato dell\u2019amore e dell\u2019amicizia.<br \/>\n<\/span><span class=\"s1\">Una storia poetica considerata universalmente una delle pi\u00f9 grandi opere letterarie del XX secolo gi\u00e0 tradotta in pi\u00f9 di trecento lingue.<\/span><\/p>\n<p class=\"p1\"><span class=\"s1\"><b>Antoine de Saint-Exup\u00e9ry <\/b>(1900-1944) scrittore francese, grande appassionato di aviazione a cui ha dedicato molti scritti. Universalmente riconosciuto fra i grandi letterati del 900 soprattutto per questa opera (Il Piccolo Pincipe, prima ediizone del 1943).<br \/>\n<\/span><b>Andrea Zuccolo<\/b> (1955) attore, doppiatore, regista e poeta friulano con una vasta esperienza teatrale internazionale.<br \/>\n<b>Vittorio Vella<\/b> (1960) editore musicale e compositore. Le sue competenze spaziano dalle colonne sonore alla musica contemporanea.<\/p>\n<p class=\"p1\"><span class=\"s1\">I 2 CD contengono la lettura integrale dell\u2019opera tradotta in friulano dall\u2019originale francese da un grupo di traduttori composto da Fiorella Angeli, Saverio Boezio, Renata Di Giusto, Giovanni e Maria Ermacora, Mariangela Forgiarini, Gjulio Ziraldo.<\/span><\/p>\n<p class=\"p3\"><span class=\"s1\">La regia e l\u2019interpretazione di Andrea Zuccolo e il commento di musicale di Vittorio Vella restituiscono\u00a0<\/span><span class=\"s1\">all\u2019ascolto il massimo valore poetico e letterario del testo. Viene valorizzata al meglio anche la lingua friulana completando cos\u00ec un\u2019opera dedicata un pubblico di ascoltatori e lettori di ogni et\u00e0.<\/span><\/p>\n<p>Progetto finanziato da ARLeF &#8211; Agjenzie Regjon\u00e2l pe Lenghe Furlane<\/p>\n<div id=\"product_tag\" class=\"tagsdiv\">\n<div  class='avia-button-wrap av-uj2igt-e806a6f9f841b373037f151d2cd4985c-wrap avia-button-left  avia-builder-el-0  avia-builder-el-no-sibling '><a href='https:\/\/music.apple.com\/it\/album\/il-pi%C3%A7ul-princip-de-antoine-de-saint-exupery\/1474137591'  class='avia-button av-uj2igt-e806a6f9f841b373037f151d2cd4985c av-link-btn avia-icon_select-yes-left-icon avia-size-small avia-position-left avia-color-grey'  target=\"_blank\"  rel=\"noopener noreferrer\"  aria-label=\"Ascolta o acquista il CD su iTunes\"><span class='avia_button_icon avia_button_icon_left avia-iconfont avia-font-entypo-fontello' data-av_icon='\ue800' data-av_iconfont='entypo-fontello' ><\/span><span class='avia_iconbox_title' >Ascolta o acquista il CD su iTunes<\/span><\/a><\/div>\n<\/div>\n","protected":false},"excerpt":{"rendered":"<div class=\"woocommerce-product-details__short-description\">\n<p><strong><b><span style=\"color: #000000;\"><span class=\"s1\">Digital Download (PDF booklet + Brani AAC) Libro \u2013 100 pagine \u2013 ISBN 9788861631601<\/span><\/span><\/b><\/strong><\/p>\n<p><strong>Antoine de Saint-Exup\u00e9ry<\/strong><\/p>\n<\/div>\n<p class=\"p1\"><span class=\"s1\">Traduzione integrale in lingua friulana<br \/>\n<\/span><span class=\"s1\">Disegni dell&#8217;autore<br \/>\nAudiolibro di Andrea Zuccolo<\/span><\/p>\n<p>Sono disponibili 3 download per questo articolo, scaricabili nell\u2019arco di 60gg. dalla data di acquisto. Il download sar\u00e0 disponibile solo dopo il pagamento.<\/p>\n","protected":false},"featured_media":15463,"comment_status":"closed","ping_status":"closed","template":"","meta":[],"product_brand":[],"product_cat":[328],"product_tag":[1272,1290,1289,1292,1291],"class_list":{"0":"post-17340","1":"product","2":"type-product","3":"status-publish","4":"has-post-thumbnail","6":"product_cat-digitale","7":"product_tag-andrea-zuccolo","8":"product_tag-antoine-de-saint-exupery","9":"product_tag-il-picul-princip","10":"product_tag-logo02","11":"product_tag-vittorio-vella","13":"first","14":"instock","15":"downloadable","16":"virtual","17":"purchasable","18":"product-type-simple"},"_links":{"self":[{"href":"https:\/\/www.nota.it\/en\/wp-json\/wp\/v2\/product\/17340","targetHints":{"allow":["GET"]}}],"collection":[{"href":"https:\/\/www.nota.it\/en\/wp-json\/wp\/v2\/product"}],"about":[{"href":"https:\/\/www.nota.it\/en\/wp-json\/wp\/v2\/types\/product"}],"replies":[{"embeddable":true,"href":"https:\/\/www.nota.it\/en\/wp-json\/wp\/v2\/comments?post=17340"}],"wp:featuredmedia":[{"embeddable":true,"href":"https:\/\/www.nota.it\/en\/wp-json\/wp\/v2\/media\/15463"}],"wp:attachment":[{"href":"https:\/\/www.nota.it\/en\/wp-json\/wp\/v2\/media?parent=17340"}],"wp:term":[{"taxonomy":"product_brand","embeddable":true,"href":"https:\/\/www.nota.it\/en\/wp-json\/wp\/v2\/product_brand?post=17340"},{"taxonomy":"product_cat","embeddable":true,"href":"https:\/\/www.nota.it\/en\/wp-json\/wp\/v2\/product_cat?post=17340"},{"taxonomy":"product_tag","embeddable":true,"href":"https:\/\/www.nota.it\/en\/wp-json\/wp\/v2\/product_tag?post=17340"}],"curies":[{"name":"wp","href":"https:\/\/api.w.org\/{rel}","templated":true}]}}