{"id":17364,"date":"2020-09-10T10:29:58","date_gmt":"2020-09-10T08:29:58","guid":{"rendered":"https:\/\/nota.it\/?post_type=product&#038;p=17364"},"modified":"2024-01-25T16:33:32","modified_gmt":"2024-01-25T15:33:32","slug":"o-tu-che-viaggi-e-li-ritorni","status":"publish","type":"product","link":"https:\/\/www.nota.it\/en\/prodotto\/o-tu-che-viaggi-e-li-ritorni\/","title":{"rendered":"&#8220;O tu che viaggi e l\u00ec ritorni&#8221;"},"content":{"rendered":"<p class=\"p1\"><span class=\"s1\">Questo libro presenta la seconda parte di un\u2019indagine pi\u00f9 ampia, introdotta in <i>Confraternite, santi e spiriti<\/i>, che esplora la relazione tra musica, rito e genere in Marocco. Questo lavoro si occupa delle pratiche rituali e musicali delle donne di Meknes. Si concentra sui gruppi musicali <i>m\u02bfallm\u0101t<\/i>, nei quali donne \u2013 e talvolta effeminati \u2013 agiscono come musicisti e officianti rituali. Il ruolo principale di questi gruppi \u00e8 di accompagnare con la propria musica i riti di possessione di esclusiva pertinenza femminile.<br \/>\n<\/span>L\u2019analisi dei discorsi e delle pratiche relative alle esperienze di possessione mette in evidenza il modo in cui il legame con gli spiriti rimodella l\u2019identit\u00e0 personale, soddisfa i bisogni individuali e collettivi, costruisce e orienta le relazioni interpersonali e di genere. Inoltre, l\u2019attenzione ai repertori poetici concorre a far luce su aspetti altrimenti inesplorati delle pratiche e delle voci delle donne.<\/p>\n<p class=\"p1\"><b>Silvia Bruni <\/b>\u00e8 assegnista di ricerca presso il Dipartimento delle Arti, Universit\u00e0 di Bologna. La sua ricerca, che coniuga antropologia, etnomusicologia e studi di genere, si \u00e8 finora concentrata sulle tradizioni rituali e musicali femminili. Ha svolto ricerche etnografiche in Marocco, sia sulle confraternite religiose, che sui riti e sui repertori musicali e poetici femminili di Meknes. Ha inoltre condotto ricerche sul campo e documentazioni audiovisive tra le donne rom nel Kosovo occidentale.<\/p>\n<p class=\"p1\"><em>This book is the second part of a more extensive research exploring the relationship between ritual, music and gender in Morocco, and which is introduced in Confraternite, santi e spiriti. This work deals with women\u2019s ritual and musical practices in the city of Meknes. It focuses on the m\u02bfallm\u0101t musical groups, where it is women \u2013 and sometimes effeminate men as well \u2013 who serve as musicians and ritual officiants. The main role of these groups is to play music to accompany the exclusively female possession rites.<\/em><br \/>\n<em>The analysis of discourses and practices related to possession experiences highlights the way in which the bond with the spirits reshapes personal identity, meets individual and collective needs, and builds and steers interpersonal and gender relationships. Furthermore, the focus on poetic repertoires compete to sheds light on otherwise overlooked aspects of the practices and voices of women. <\/em><\/p>\n<p class=\"p1\"><em><b>Silvia Bruni<\/b> is a research fellow at the Department of Arts, University of Bologna. Bringing together anthropology, ethnomusicology and gender studies, her research to date has focused on women\u2019s rites and musical traditions. She has carried out ethnographic research in Morocco, both on religious brotherhoods and on rituals and musical and poetic repertoires of Meknes\u2019 women. She has also conducted fieldwork and audiovisual documentations among Roma women in western Kosovo.<\/em><\/p>\n<div  class='avia-button-wrap av-uj2igt-3f5df380332d490792fffd4146ff7419-wrap avia-button-left  avia-builder-el-0  avia-builder-el-no-sibling '><a href='https:\/\/www.nota.it\/prodotto\/o-tu-che-viaggi-e-li-ritorni-digital-download\/'  class='avia-button av-uj2igt-3f5df380332d490792fffd4146ff7419 av-link-btn avia-icon_select-yes-left-icon avia-size-small avia-position-left avia-color-theme-color'   aria-label=\"Acquista il formato digitale\"><span class='avia_button_icon avia_button_icon_left avia-iconfont avia-font-entypo-fontello' data-av_icon='\ue82d' data-av_iconfont='entypo-fontello' ><\/span><span class='avia_iconbox_title' >Acquista il formato digitale<\/span><\/a><\/div>\n","protected":false},"excerpt":{"rendered":"<p><strong>Libro \u2013 192 pagine \u2013 ISBN 9788861632127<\/strong><\/p>\n<p><em>Indagini in Marocco &#8211; Parte II<\/em><\/p>\n<p>di Silvia Bruni<\/p>\n","protected":false},"featured_media":24304,"comment_status":"closed","ping_status":"closed","template":"","meta":[],"product_brand":[],"product_cat":[2054],"product_tag":[1013,1012,968,2055,1011],"class_list":{"0":"post-17364","1":"product","2":"type-product","3":"status-publish","4":"has-post-thumbnail","6":"product_cat-vesta","7":"product_tag-o-tu-che-viaggi-e-li-ritorni","8":"product_tag-indagini-in-marocco-parte-ii","9":"product_tag-silvia-bruni","10":"product_tag-vesta","11":"product_tag-vs02","13":"first","14":"instock","15":"purchasable","16":"product-type-simple"},"_links":{"self":[{"href":"https:\/\/www.nota.it\/en\/wp-json\/wp\/v2\/product\/17364","targetHints":{"allow":["GET"]}}],"collection":[{"href":"https:\/\/www.nota.it\/en\/wp-json\/wp\/v2\/product"}],"about":[{"href":"https:\/\/www.nota.it\/en\/wp-json\/wp\/v2\/types\/product"}],"replies":[{"embeddable":true,"href":"https:\/\/www.nota.it\/en\/wp-json\/wp\/v2\/comments?post=17364"}],"wp:featuredmedia":[{"embeddable":true,"href":"https:\/\/www.nota.it\/en\/wp-json\/wp\/v2\/media\/24304"}],"wp:attachment":[{"href":"https:\/\/www.nota.it\/en\/wp-json\/wp\/v2\/media?parent=17364"}],"wp:term":[{"taxonomy":"product_brand","embeddable":true,"href":"https:\/\/www.nota.it\/en\/wp-json\/wp\/v2\/product_brand?post=17364"},{"taxonomy":"product_cat","embeddable":true,"href":"https:\/\/www.nota.it\/en\/wp-json\/wp\/v2\/product_cat?post=17364"},{"taxonomy":"product_tag","embeddable":true,"href":"https:\/\/www.nota.it\/en\/wp-json\/wp\/v2\/product_tag?post=17364"}],"curies":[{"name":"wp","href":"https:\/\/api.w.org\/{rel}","templated":true}]}}