{"id":17462,"date":"2020-12-07T11:09:22","date_gmt":"2020-12-07T10:09:22","guid":{"rendered":"https:\/\/nota.it\/?post_type=product&#038;p=17462"},"modified":"2021-04-14T12:28:13","modified_gmt":"2021-04-14T10:28:13","slug":"nufcent-furlan","status":"publish","type":"product","link":"https:\/\/www.nota.it\/en\/prodotto\/nufcent-furlan\/","title":{"rendered":"N\u00fbfcent furlan"},"content":{"rendered":"<div class=\"page\" title=\"Page 1\">\n<div class=\"section\">\n<div class=\"layoutArea\">\n<div class=\"column\">\n<div class=\"page\" title=\"Page 1\">\n<div class=\"section\">\n<div class=\"layoutArea\">\n<div class=\"column\">\n<p class=\"p1\">\u201c<em>Intal Fri\u00fbl rur\u00e2l, la vilote e \u00e0 tocj\u00e2t dutis lis tapis de esistence umane: i z\u00fbcs de infanzie, i am\u00f4rs de zovent\u00fbt, il lav\u00f4r, il matrimoni, la vecjaie, la vuere; e je stade, in maniere cicliche, il fonts che su chel si moveve il sorevivi di ogni d\u00ec.<\/em>\u201d <em>(Daniele Zanettovich)<\/em><\/p>\n<p>Alla morte del padre un uomo rientra in Friuli dopo una vita di fatiche in giro per il mondo. La vendita della casa di famiglia, ultima radice<br \/>\nche lo tiene legato alla sua terra di origine, \u00e8 occasione di ripensamento e memoria. Rivive cos\u00ec lo spaccato di un secolo che ha radicalmente<br \/>\ntrasformato il Friuli contadino di un tempo. Da un\u2019idea originale di Alberto Garlini si svolge un viaggio nella memoria, contrappuntato da frammenti di pensieri letti da Eddi Bortolussi e la colonna sonora del Polifonico di Ruda diretto da Daniele Zanettovich che investiga e ripropone un vasto repertorio di villotte rivisitate.<\/p>\n<\/div>\n<p><div  class='avia-button-wrap av-uj2igt-fa086d20b7fd412d2a6e80397ff2b8d1-wrap avia-button-left  avia-builder-el-0  el_before_av_button  avia-builder-el-first '><a href='https:\/\/music.apple.com\/it\/album\/n%C3%BBfcent-furlan-musichis-su-temis-popol%C3%A2rs-di-fri%C3%BBl\/1559395350'  class='avia-button av-uj2igt-fa086d20b7fd412d2a6e80397ff2b8d1 av-link-btn avia-icon_select-yes-left-icon avia-size-small avia-position-left avia-color-grey'  target=\"_blank\"  rel=\"noopener noreferrer\"  aria-label=\"Ascolta o acquista il CD su iTunes\"><span class='avia_button_icon avia_button_icon_left avia-iconfont avia-font-entypo-fontello' data-av_icon='\ue800' data-av_iconfont='entypo-fontello' ><\/span><span class='avia_iconbox_title' >Ascolta o acquista il CD su iTunes<\/span><\/a><\/div> <div  class='avia-button-wrap av-uj2igt-193f627f55ff1b41f760fc6969b0d1f0-wrap avia-button-left  avia-builder-el-1  el_after_av_button  el_before_av_heading '><a href='https:\/\/www.nota.it\/prodotto\/nufcent-furlan-digital-download\/'  class='avia-button av-uj2igt-193f627f55ff1b41f760fc6969b0d1f0 av-link-btn avia-icon_select-yes-left-icon avia-size-small avia-position-left avia-color-theme-color'  target=\"_blank\"  rel=\"noopener noreferrer\"  aria-label=\"Acquista il formato digitale\"><span class='avia_button_icon avia_button_icon_left avia-iconfont avia-font-entypo-fontello' data-av_icon='\ue82d' data-av_iconfont='entypo-fontello' ><\/span><span class='avia_iconbox_title' >Acquista il formato digitale<\/span><\/a><\/div><\/p>\n<\/div>\n<\/div>\n<\/div>\n<p class=\"p1\">\n<style type=\"text\/css\" data-created_by=\"avia_inline_auto\" id=\"style-css-av-18v0rmm-81667afd5c8ddb00db013dc3203f5792\">\n#top .av-special-heading.av-18v0rmm-81667afd5c8ddb00db013dc3203f5792{\npadding-bottom:10px;\n}\nbody .av-special-heading.av-18v0rmm-81667afd5c8ddb00db013dc3203f5792 .av-special-heading-tag .heading-char{\nfont-size:25px;\n}\n.av-special-heading.av-18v0rmm-81667afd5c8ddb00db013dc3203f5792 .av-subheading{\nfont-size:15px;\n}\n<\/style>\n<div  class='av-special-heading av-18v0rmm-81667afd5c8ddb00db013dc3203f5792 av-special-heading-h4 meta-heading  avia-builder-el-2  el_after_av_button  el_before_av_blog '><h4 class='av-special-heading-tag '  itemprop=\"headline\"  >Recensioni<\/h4><div class=\"special-heading-border\"><div class=\"special-heading-inner-border\"><\/div><\/div><\/div><\/p>\n<div  class='av-alb-blogposts template-blog  '  itemscope=\"itemscope\" itemtype=\"https:\/\/schema.org\/Blog\" >\t<article class=\"entry\">\n\t\t<header class=\"entry-content-header\" aria-label=\"No Posts Found\" >\n<h1 class='post-title entry-title '>Nothing Found<\/h1>\t\t<\/header>\n\n\t\t<p class=\"entry-content\"  itemprop=\"text\" >Sorry, no posts matched your criteria<\/p>\n\n\t\t<footer class=\"entry-footer\"><\/footer>\n\t<\/article>\n\n<div class='bloglist-compact'><\/div><\/div>\n<\/div>\n<\/div>\n<\/div>\n<\/div>\n","protected":false},"excerpt":{"rendered":"<p><strong>Booklet + CD &#8211; 32 pagine &#8211; ISBN 9788861632134<\/strong><\/p>\n<p><em>Musichis su temis popol\u00e2rs di un Fri\u00fbl che nol \u00e8 plui<\/em><\/p>\n<p>Coro Polifonico di Ruda<br \/>\nDirettore Daniele Zanettovich<\/p>\n","protected":false},"featured_media":17463,"comment_status":"closed","ping_status":"closed","template":"","meta":[],"product_brand":[],"product_cat":[213],"product_tag":[1022,830,1077,1021],"class_list":{"0":"post-17462","1":"product","2":"type-product","3":"status-publish","4":"has-post-thumbnail","6":"product_cat-blocknota-en","7":"product_tag-bn-cd-263","8":"product_tag-coro-polifonico-di-ruda","9":"product_tag-daniele-zanettovich","10":"product_tag-nufcent-furlan","12":"first","13":"instock","14":"purchasable","15":"product-type-simple"},"_links":{"self":[{"href":"https:\/\/www.nota.it\/en\/wp-json\/wp\/v2\/product\/17462","targetHints":{"allow":["GET"]}}],"collection":[{"href":"https:\/\/www.nota.it\/en\/wp-json\/wp\/v2\/product"}],"about":[{"href":"https:\/\/www.nota.it\/en\/wp-json\/wp\/v2\/types\/product"}],"replies":[{"embeddable":true,"href":"https:\/\/www.nota.it\/en\/wp-json\/wp\/v2\/comments?post=17462"}],"wp:featuredmedia":[{"embeddable":true,"href":"https:\/\/www.nota.it\/en\/wp-json\/wp\/v2\/media\/17463"}],"wp:attachment":[{"href":"https:\/\/www.nota.it\/en\/wp-json\/wp\/v2\/media?parent=17462"}],"wp:term":[{"taxonomy":"product_brand","embeddable":true,"href":"https:\/\/www.nota.it\/en\/wp-json\/wp\/v2\/product_brand?post=17462"},{"taxonomy":"product_cat","embeddable":true,"href":"https:\/\/www.nota.it\/en\/wp-json\/wp\/v2\/product_cat?post=17462"},{"taxonomy":"product_tag","embeddable":true,"href":"https:\/\/www.nota.it\/en\/wp-json\/wp\/v2\/product_tag?post=17462"}],"curies":[{"name":"wp","href":"https:\/\/api.w.org\/{rel}","templated":true}]}}