{"id":17465,"date":"2020-12-07T11:56:02","date_gmt":"2020-12-07T10:56:02","guid":{"rendered":"https:\/\/nota.it\/?post_type=product&#038;p=17465"},"modified":"2021-04-14T12:35:21","modified_gmt":"2021-04-14T10:35:21","slug":"nufcent-furlan-digital-download","status":"publish","type":"product","link":"https:\/\/www.nota.it\/en\/prodotto\/nufcent-furlan-digital-download\/","title":{"rendered":"N\u00fbfcent furlan (digital download)"},"content":{"rendered":"<div class=\"page\" title=\"Page 1\">\n<div class=\"section\">\n<div class=\"layoutArea\">\n<div class=\"column\">\n<div class=\"page\" title=\"Page 1\">\n<div class=\"section\">\n<div class=\"layoutArea\">\n<div class=\"column\">\n<p class=\"p1\"><em>\u201cIntal Fri\u00fbl rur\u00e2l, la vilote e \u00e0 tocj\u00e2t dutis lis tapis de esistence umane: i z\u00fbcs de <\/em><em>infanzie, i am\u00f4rs de zovent\u00fbt, il lav\u00f4r, il matrimoni, la vecjaie, la vuere; e je <\/em><em>stade, in maniere cicliche, il fonts che su chel si moveve il sorevivi di ogni d\u00ec.\u201d<\/em><br \/>\n<em>(Daniele Zanettovich)<\/em><\/p>\n<p>Alla morte del padre un uomo rientra in Friuli dopo una vita di fatiche in giro per il mondo. La vendita della casa di famiglia, ultima radice che lo tiene legato alla sua terra di origine, \u00e8 occasione di ripensamento e memoria. Rivive cos\u00ec lo spaccato di un secolo che ha radicalmente trasformato il Friuli contadino di un tempo. Da un\u2019idea originale di Alberto Garlini si svolge un viaggio nella memoria, contrappuntato da frammenti di pensieri letti da Eddi Bortolussi e la colonna sonora del Polifonico di Ruda diretto da Daniele Zanettovich che investiga e ripropone un vasto repertorio di villotte rivisitate.<\/p>\n<div  class='avia-button-wrap av-uj2igt-fa086d20b7fd412d2a6e80397ff2b8d1-wrap avia-button-left  avia-builder-el-0  el_before_av_heading  avia-builder-el-first '><a href='https:\/\/music.apple.com\/it\/album\/n%C3%BBfcent-furlan-musichis-su-temis-popol%C3%A2rs-di-fri%C3%BBl\/1559395350'  class='avia-button av-uj2igt-fa086d20b7fd412d2a6e80397ff2b8d1 av-link-btn avia-icon_select-yes-left-icon avia-size-small avia-position-left avia-color-grey'  target=\"_blank\"  rel=\"noopener noreferrer\"  aria-label=\"Ascolta o acquista il CD su iTunes\"><span class='avia_button_icon avia_button_icon_left avia-iconfont avia-font-entypo-fontello' data-av_icon='\ue800' data-av_iconfont='entypo-fontello' ><\/span><span class='avia_iconbox_title' >Ascolta o acquista il CD su iTunes<\/span><\/a><\/div>\n<p class=\"p1\">\n<style type=\"text\/css\" data-created_by=\"avia_inline_auto\" id=\"style-css-av-18v0rmm-81667afd5c8ddb00db013dc3203f5792\">\n#top .av-special-heading.av-18v0rmm-81667afd5c8ddb00db013dc3203f5792{\npadding-bottom:10px;\n}\nbody .av-special-heading.av-18v0rmm-81667afd5c8ddb00db013dc3203f5792 .av-special-heading-tag .heading-char{\nfont-size:25px;\n}\n.av-special-heading.av-18v0rmm-81667afd5c8ddb00db013dc3203f5792 .av-subheading{\nfont-size:15px;\n}\n<\/style>\n<div  class='av-special-heading av-18v0rmm-81667afd5c8ddb00db013dc3203f5792 av-special-heading-h4 meta-heading  avia-builder-el-1  el_after_av_button  el_before_av_blog '><h4 class='av-special-heading-tag '  itemprop=\"headline\"  >Recensioni<\/h4><div class=\"special-heading-border\"><div class=\"special-heading-inner-border\"><\/div><\/div><\/div><\/p>\n<div  class='av-alb-blogposts template-blog  '  itemscope=\"itemscope\" itemtype=\"https:\/\/schema.org\/Blog\" >\t<article class=\"entry\">\n\t\t<header class=\"entry-content-header\" aria-label=\"No Posts Found\" >\n<h1 class='post-title entry-title '>Nothing Found<\/h1>\t\t<\/header>\n\n\t\t<p class=\"entry-content\"  itemprop=\"text\" >Sorry, no posts matched your criteria<\/p>\n\n\t\t<footer class=\"entry-footer\"><\/footer>\n\t<\/article>\n\n<div class='bloglist-compact'><\/div><\/div>\n<\/div>\n<\/div>\n<\/div>\n<\/div>\n<\/div>\n<\/div>\n<\/div>\n<\/div>\n","protected":false},"excerpt":{"rendered":"<p><b><span style=\"color: black;\"><span class=\"s1\">Digital Download (PDF booklet + Brani AAC)<\/span> \u2013 32 pagine \u2013 ISBN 9788861632134<\/span><\/b><\/p>\n<p>Sono disponibili 3 download per questo articolo, scaricabili nell&#8217;arco di 60gg. dalla data di acquisto. Il download sar\u00e0 disponibile solo dopo il pagamento.<\/p>\n","protected":false},"featured_media":17463,"comment_status":"closed","ping_status":"closed","template":"","meta":[],"product_brand":[],"product_cat":[328],"product_tag":[1022,830,1021],"class_list":{"0":"post-17465","1":"product","2":"type-product","3":"status-publish","4":"has-post-thumbnail","6":"product_cat-digitale","7":"product_tag-bn-cd-263","8":"product_tag-coro-polifonico-di-ruda","9":"product_tag-nufcent-furlan","11":"first","12":"instock","13":"downloadable","14":"virtual","15":"purchasable","16":"product-type-simple"},"_links":{"self":[{"href":"https:\/\/www.nota.it\/en\/wp-json\/wp\/v2\/product\/17465","targetHints":{"allow":["GET"]}}],"collection":[{"href":"https:\/\/www.nota.it\/en\/wp-json\/wp\/v2\/product"}],"about":[{"href":"https:\/\/www.nota.it\/en\/wp-json\/wp\/v2\/types\/product"}],"replies":[{"embeddable":true,"href":"https:\/\/www.nota.it\/en\/wp-json\/wp\/v2\/comments?post=17465"}],"wp:featuredmedia":[{"embeddable":true,"href":"https:\/\/www.nota.it\/en\/wp-json\/wp\/v2\/media\/17463"}],"wp:attachment":[{"href":"https:\/\/www.nota.it\/en\/wp-json\/wp\/v2\/media?parent=17465"}],"wp:term":[{"taxonomy":"product_brand","embeddable":true,"href":"https:\/\/www.nota.it\/en\/wp-json\/wp\/v2\/product_brand?post=17465"},{"taxonomy":"product_cat","embeddable":true,"href":"https:\/\/www.nota.it\/en\/wp-json\/wp\/v2\/product_cat?post=17465"},{"taxonomy":"product_tag","embeddable":true,"href":"https:\/\/www.nota.it\/en\/wp-json\/wp\/v2\/product_tag?post=17465"}],"curies":[{"name":"wp","href":"https:\/\/api.w.org\/{rel}","templated":true}]}}