{"id":17656,"date":"2021-02-18T14:20:05","date_gmt":"2021-02-18T13:20:05","guid":{"rendered":"https:\/\/nota.it\/?post_type=product&#038;p=17656"},"modified":"2021-05-06T11:54:24","modified_gmt":"2021-05-06T09:54:24","slug":"lis-cjancons-dal-cormor-2020-digital-download","status":"publish","type":"product","link":"https:\/\/www.nota.it\/en\/prodotto\/lis-cjancons-dal-cormor-2020-digital-download\/","title":{"rendered":"Lis Lotis dal Corm\u00f4r 1950 Lis cjan\u00e7ons dal Corm\u00f4r 2020(digital download)"},"content":{"rendered":"<p class=\"p2\"><em><span class=\"s1\">Giovanna Marini e Coro La Tela \u2022 Jacopo Casadio \u2022 Franco Giordani \u2022<span class=\"Apple-converted-space\">\u00a0 <\/span>Nicole Coceancig \u2022 Alessio Velliscig \u2022 Simone Piva \u2022 Renzo Stefanutti \u2022 Guido Carrara e Lussia di Uanis \u2022 Alvise Nodale \u2022 Prospettiva Rolaz \u2022 Devid Strussiat \u2022 Stefano Montello \u2022 Loris Vescovo \u2022 Lino Straulino \u2022 Laurin Zuan Nardin \u2022 Francesco Indrigo \u2022 Cristina Micelli \u2022 Stefano Moratto \u2022 Maurizio Mattiuzza \u2022 Leo Virgili<\/span><\/em><\/p>\n<p class=\"p2\">Dasp\u00f2 setante agns, musiciscj, poetis, scrit\u00f4rs e artiscj furlans, intune opare coletive a ricrein l\u2019<i>epos <\/i>di une grande storie di lote popol\u00e2r no violente tes campagnis de Basse Furlane. Une colone sonore contemporanie per sti\u00e7\u00e2 sensibilit\u00e2ts e memorie des Lotis dal Corm\u00f4r.<\/p>\n<p class=\"p3\">A settanta anni di distanza, musicisti, poeti, scrittori ed artisti friulani, in una opera collettiva ricreano l\u2019<i>epos <\/i>di una grande storia di lotta popolare non violenta nelle campagne della Bassa Friulana. Una colonna sonora contemporanea per attivare sensi e memoria delle Lotte del Corm\u00f4r.<\/p>\n<div  class='avia-button-wrap av-uj2igt-bb591327392aa0fa0db5629749dbc4b4-wrap avia-button-left  avia-builder-el-0  el_before_av_heading  avia-builder-el-first '><a href='https:\/\/music.apple.com\/it\/album\/lis-lotis-dal-corm%C3%B4r-1950-lis-cjan%C3%A7ons-dal-corm%C3%B4r-2020\/1560376873'  class='avia-button av-uj2igt-bb591327392aa0fa0db5629749dbc4b4 av-link-btn avia-icon_select-yes-left-icon avia-size-small avia-position-left avia-color-grey'  target=\"_blank\"  rel=\"noopener noreferrer\"  aria-label=\"Ascolta o acquista il CD su iTunes\"><span class='avia_button_icon avia_button_icon_left avia-iconfont avia-font-entypo-fontello' data-av_icon='\ue800' data-av_iconfont='entypo-fontello' ><\/span><span class='avia_iconbox_title' >Ascolta o acquista il CD su iTunes<\/span><\/a><\/div>\n<p class=\"p1\">\n<style type=\"text\/css\" data-created_by=\"avia_inline_auto\" id=\"style-css-av-18v0rmm-81667afd5c8ddb00db013dc3203f5792\">\n#top .av-special-heading.av-18v0rmm-81667afd5c8ddb00db013dc3203f5792{\npadding-bottom:10px;\n}\nbody .av-special-heading.av-18v0rmm-81667afd5c8ddb00db013dc3203f5792 .av-special-heading-tag .heading-char{\nfont-size:25px;\n}\n.av-special-heading.av-18v0rmm-81667afd5c8ddb00db013dc3203f5792 .av-subheading{\nfont-size:15px;\n}\n<\/style>\n<div  class='av-special-heading av-18v0rmm-81667afd5c8ddb00db013dc3203f5792 av-special-heading-h4 meta-heading  avia-builder-el-1  el_after_av_button  el_before_av_blog '><h4 class='av-special-heading-tag '  itemprop=\"headline\"  >Recensioni<\/h4><div class=\"special-heading-border\"><div class=\"special-heading-inner-border\"><\/div><\/div><\/div><\/p>\n<div  class='av-alb-blogposts template-blog  '  itemscope=\"itemscope\" itemtype=\"https:\/\/schema.org\/Blog\" >\t<article class=\"entry\">\n\t\t<header class=\"entry-content-header\" aria-label=\"No Posts Found\" >\n<h1 class='post-title entry-title '>Nothing Found<\/h1>\t\t<\/header>\n\n\t\t<p class=\"entry-content\"  itemprop=\"text\" >Sorry, no posts matched your criteria<\/p>\n\n\t\t<footer class=\"entry-footer\"><\/footer>\n\t<\/article>\n\n<div class='bloglist-compact'><\/div><\/div>\n","protected":false},"excerpt":{"rendered":"<p><b><span style=\"color: black;\"><span class=\"s1\">Digital Download (PDF booklet + Brani AAC)<\/span> \u2013 92 pagine \u2013 ISBN 9788861632202<\/span><\/b><\/p>\n<p><em>Le Lotte del Corm\u00f4r 1950<\/em><br \/>\n<em>Le canzoni del Corm\u00f4r 2020<\/em><\/p>\n<p>Sono disponibili 3 download per questo articolo, scaricabili nell&#8217;arco di 60gg. dalla data di acquisto. Il download sar\u00e0 disponibile solo dopo il pagamento.<\/p>\n","protected":false},"featured_media":18245,"comment_status":"closed","ping_status":"closed","template":"","meta":[],"product_brand":[],"product_cat":[1952],"product_tag":[1045,1046,1047],"class_list":{"0":"post-17656","1":"product","2":"type-product","3":"status-publish","4":"has-post-thumbnail","6":"product_cat-digitale","7":"product_tag-bn-cd-686","8":"product_tag-lis-cjancons-dal-cormor-2020","9":"product_tag-lis-lotis-dal-cormor-1950","11":"first","12":"instock","13":"downloadable","14":"virtual","15":"purchasable","16":"product-type-simple"},"_links":{"self":[{"href":"https:\/\/www.nota.it\/en\/wp-json\/wp\/v2\/product\/17656","targetHints":{"allow":["GET"]}}],"collection":[{"href":"https:\/\/www.nota.it\/en\/wp-json\/wp\/v2\/product"}],"about":[{"href":"https:\/\/www.nota.it\/en\/wp-json\/wp\/v2\/types\/product"}],"replies":[{"embeddable":true,"href":"https:\/\/www.nota.it\/en\/wp-json\/wp\/v2\/comments?post=17656"}],"wp:featuredmedia":[{"embeddable":true,"href":"https:\/\/www.nota.it\/en\/wp-json\/wp\/v2\/media\/18245"}],"wp:attachment":[{"href":"https:\/\/www.nota.it\/en\/wp-json\/wp\/v2\/media?parent=17656"}],"wp:term":[{"taxonomy":"product_brand","embeddable":true,"href":"https:\/\/www.nota.it\/en\/wp-json\/wp\/v2\/product_brand?post=17656"},{"taxonomy":"product_cat","embeddable":true,"href":"https:\/\/www.nota.it\/en\/wp-json\/wp\/v2\/product_cat?post=17656"},{"taxonomy":"product_tag","embeddable":true,"href":"https:\/\/www.nota.it\/en\/wp-json\/wp\/v2\/product_tag?post=17656"}],"curies":[{"name":"wp","href":"https:\/\/api.w.org\/{rel}","templated":true}]}}