{"id":18237,"date":"2021-05-06T11:19:54","date_gmt":"2021-05-06T09:19:54","guid":{"rendered":"https:\/\/nota.it\/?post_type=product&#038;p=18237"},"modified":"2021-05-06T12:03:07","modified_gmt":"2021-05-06T10:03:07","slug":"ensemble-a-nos-amischantant-des-airs-nouveaux-digital-download","status":"publish","type":"product","link":"https:\/\/www.nota.it\/en\/prodotto\/ensemble-a-nos-amischantant-des-airs-nouveaux-digital-download\/","title":{"rendered":"Ensemble \u00e0 nos amis\u2026chantant des airs nouveaux (digital download)"},"content":{"rendered":"<p class=\"p1\">Otto cantori riuniti sotto il nome di <i>Lou Tchot di rapp\u00e8leur\u00a0<\/i>(che nel francoprovenzale locale vuol dire, \u201cil piccolo gruppo di quelli che si ricordano\u201d) interpretano un antico repertorio di canti tradizionali raccolto a Cogne, grazie soprattutto alla salda memoria del pi\u00f9 anziano di loro, Lucien <i>Tchi\u00e8n <\/i>Ruffier. Mauro Balma e Carlo A. Rossi curano un volume ricco di informazioni teso a ricostruire ed illustrare, nel proprio contesto storico, una raccolta di antichi testi eseguiti con rigore stilistico nel pieno rispetto della ricca tradizione di cui \u00e8 depositaria la localit\u00e0 Valdostana. I testi di commento in italiano e francese provano ancor di pi\u00f9 la particolare realt\u00e0 plurale della cultura di un territorio veramente \u201cspeciale\u201d.<\/p>\n<div  class='avia-button-wrap av-uj2igt-835d93b937d682f1fa0b89b270020f02-wrap avia-button-left  avia-builder-el-0  el_before_av_heading  avia-builder-el-first '><a href='https:\/\/music.apple.com\/it\/album\/ensemble-%C3%A0-nos-amis-chantant-des-airs-nouveaux\/1189773091'  class='avia-button av-uj2igt-835d93b937d682f1fa0b89b270020f02 av-link-btn avia-icon_select-yes-left-icon avia-size-small avia-position-left avia-color-grey'  target=\"_blank\"  rel=\"noopener noreferrer\"  aria-label=\"Ascolta o acquista il CD su iTunes\"><span class='avia_button_icon avia_button_icon_left avia-iconfont avia-font-entypo-fontello' data-av_icon='\ue800' data-av_iconfont='entypo-fontello' ><\/span><span class='avia_iconbox_title' >Ascolta o acquista il CD su iTunes<\/span><\/a><\/div>\n\n<style type=\"text\/css\" data-created_by=\"avia_inline_auto\" id=\"style-css-av-18v0rmm-81667afd5c8ddb00db013dc3203f5792\">\n#top .av-special-heading.av-18v0rmm-81667afd5c8ddb00db013dc3203f5792{\npadding-bottom:10px;\n}\nbody .av-special-heading.av-18v0rmm-81667afd5c8ddb00db013dc3203f5792 .av-special-heading-tag .heading-char{\nfont-size:25px;\n}\n.av-special-heading.av-18v0rmm-81667afd5c8ddb00db013dc3203f5792 .av-subheading{\nfont-size:15px;\n}\n<\/style>\n<div  class='av-special-heading av-18v0rmm-81667afd5c8ddb00db013dc3203f5792 av-special-heading-h4 meta-heading  avia-builder-el-1  el_after_av_button  el_before_av_blog '><h4 class='av-special-heading-tag '  itemprop=\"headline\"  >Recensioni<\/h4><div class=\"special-heading-border\"><div class=\"special-heading-inner-border\"><\/div><\/div><\/div>\n<div  class='av-alb-blogposts template-blog  '  itemscope=\"itemscope\" itemtype=\"https:\/\/schema.org\/Blog\" >\t<article class=\"entry\">\n\t\t<header class=\"entry-content-header\" aria-label=\"No Posts Found\" >\n<h1 class='post-title entry-title '>Nothing Found<\/h1>\t\t<\/header>\n\n\t\t<p class=\"entry-content\"  itemprop=\"text\" >Sorry, no posts matched your criteria<\/p>\n\n\t\t<footer class=\"entry-footer\"><\/footer>\n\t<\/article>\n\n<div class='bloglist-compact'><\/div><\/div>\n","protected":false},"excerpt":{"rendered":"<p><strong><b><span style=\"color: #000000;\"><span class=\"s1\">Digital Download (PDF book + Brani AAC)<\/span> \u2013 60 pagine \u2013 ISBN 9788861631472<\/span><\/b><\/strong><\/p>\n<p>Sono disponibili 3 download per questo articolo, scaricabili nell\u2019arco di 60gg. dalla data di acquisto. Il download sar\u00e0 disponibile solo dopo il pagamento.<\/p>\n","protected":false},"featured_media":13784,"comment_status":"closed","ping_status":"closed","template":"","meta":[],"product_brand":[],"product_cat":[1952],"product_tag":[75,1125,196,197,198,199,200,201,202],"class_list":{"0":"post-18237","1":"product","2":"type-product","3":"status-publish","4":"has-post-thumbnail","6":"product_cat-digitale","7":"product_tag-block-nota","8":"product_tag-bn-cd-630","9":"product_tag-carlo-a-rossi","10":"product_tag-cogne","11":"product_tag-ensemble-a-nos-amischantant-des-airs-nouveaux","12":"product_tag-lou-tchot-di-rappeleur","13":"product_tag-lucien-tchien-ruffier","14":"product_tag-mauro-balma","15":"product_tag-valle-daosta","17":"first","18":"instock","19":"downloadable","20":"virtual","21":"purchasable","22":"product-type-simple"},"_links":{"self":[{"href":"https:\/\/www.nota.it\/en\/wp-json\/wp\/v2\/product\/18237","targetHints":{"allow":["GET"]}}],"collection":[{"href":"https:\/\/www.nota.it\/en\/wp-json\/wp\/v2\/product"}],"about":[{"href":"https:\/\/www.nota.it\/en\/wp-json\/wp\/v2\/types\/product"}],"replies":[{"embeddable":true,"href":"https:\/\/www.nota.it\/en\/wp-json\/wp\/v2\/comments?post=18237"}],"wp:featuredmedia":[{"embeddable":true,"href":"https:\/\/www.nota.it\/en\/wp-json\/wp\/v2\/media\/13784"}],"wp:attachment":[{"href":"https:\/\/www.nota.it\/en\/wp-json\/wp\/v2\/media?parent=18237"}],"wp:term":[{"taxonomy":"product_brand","embeddable":true,"href":"https:\/\/www.nota.it\/en\/wp-json\/wp\/v2\/product_brand?post=18237"},{"taxonomy":"product_cat","embeddable":true,"href":"https:\/\/www.nota.it\/en\/wp-json\/wp\/v2\/product_cat?post=18237"},{"taxonomy":"product_tag","embeddable":true,"href":"https:\/\/www.nota.it\/en\/wp-json\/wp\/v2\/product_tag?post=18237"}],"curies":[{"name":"wp","href":"https:\/\/api.w.org\/{rel}","templated":true}]}}