{"id":18274,"date":"2021-05-06T15:11:37","date_gmt":"2021-05-06T13:11:37","guid":{"rendered":"https:\/\/nota.it\/?post_type=product&#038;p=18274"},"modified":"2021-05-06T15:18:25","modified_gmt":"2021-05-06T13:18:25","slug":"bundi-bundi-deme-na-streina-a-mi-digital-download","status":"publish","type":"product","link":"https:\/\/www.nota.it\/en\/prodotto\/bundi-bundi-deme-na-streina-a-mi-digital-download\/","title":{"rendered":"Bund\u00ec Bund\u00ec deme na str\u00e8ina a mi (digital download)"},"content":{"rendered":"<p><em>Tradizioni musicali in Alta Langa<\/em><\/p>\n<div class=\"page\" title=\"Page 1\">\n<div class=\"section\">\n<div class=\"layoutArea\">\n<div class=\"column\">\n<p>Una capillare e sistematica ricerca sul campo in un territorio fino ad oggi scarsamente investigato,\u00a0fanno di questo volume (con doppio compact disc allegato) un utile riferimento documentale per l\u2019approccio e la conoscenza delle tradizioni musicali in Alta Langa.<\/p>\n<p>Pi\u00f9 di 50 esempi sonori,\u00a0testi, trascrizioni e documenti scritti rendono giustizia della variet\u00e0 e ricchezza dei repertori di tradizione orale sopravvissuti alla trasformazione globale della cultura contadina di questa parte del Piemonte.<\/p>\n<div  class='avia-button-wrap av-uj2igt-5893fc77a5b80637f32de82502010f3d-wrap avia-button-left  avia-builder-el-0  avia-builder-el-no-sibling '><a href='https:\/\/music.apple.com\/it\/album\/piemonte-bund%C3%AC-bund%C3%AC-deme-na-streina-mi-tradizioni\/1142929379'  class='avia-button av-uj2igt-5893fc77a5b80637f32de82502010f3d av-link-btn avia-icon_select-yes-left-icon avia-size-small avia-position-left avia-color-grey'  target=\"_blank\"  rel=\"noopener noreferrer\"  aria-label=\"Ascolta o acquista il CD su iTunes\"><span class='avia_button_icon avia_button_icon_left avia-iconfont avia-font-entypo-fontello' data-av_icon='\ue800' data-av_iconfont='entypo-fontello' ><\/span><span class='avia_iconbox_title' >Ascolta o acquista il CD su iTunes<\/span><\/a><\/div>\n<\/div>\n<\/div>\n<\/div>\n<\/div>\n","protected":false},"excerpt":{"rendered":"<p><strong><b><span style=\"color: #000000;\"><span class=\"s1\">Digital Download (PDF book + Brani AAC)<\/span> \u2013 160 pagine \u2013 ISBN 9788861630307<\/span><\/b><\/strong><\/p>\n<div class=\"page\" title=\"Page 1\">\n<div class=\"section\">\n<div class=\"layoutArea\">\n<div class=\"column\">\n<p>Sono disponibili 3 download per questo articolo, scaricabili nell\u2019arco di 60gg. dalla data di acquisto. Il download sar\u00e0 disponibile solo dopo il pagamento.<\/p>\n<\/div>\n<\/div>\n<\/div>\n<\/div>\n","protected":false},"featured_media":14086,"comment_status":"closed","ping_status":"closed","template":"","meta":[],"product_brand":[],"product_cat":[1952],"product_tag":[1129,1131,1130],"class_list":{"0":"post-18274","1":"product","2":"type-product","3":"status-publish","4":"has-post-thumbnail","6":"product_cat-digitale","7":"product_tag-bundi-bundi-deme-na-streina-a-mi","8":"product_tag-francesca-borgarello","9":"product_tag-geos-cdb-609","11":"first","12":"instock","13":"downloadable","14":"virtual","15":"purchasable","16":"product-type-simple"},"_links":{"self":[{"href":"https:\/\/www.nota.it\/en\/wp-json\/wp\/v2\/product\/18274","targetHints":{"allow":["GET"]}}],"collection":[{"href":"https:\/\/www.nota.it\/en\/wp-json\/wp\/v2\/product"}],"about":[{"href":"https:\/\/www.nota.it\/en\/wp-json\/wp\/v2\/types\/product"}],"replies":[{"embeddable":true,"href":"https:\/\/www.nota.it\/en\/wp-json\/wp\/v2\/comments?post=18274"}],"wp:featuredmedia":[{"embeddable":true,"href":"https:\/\/www.nota.it\/en\/wp-json\/wp\/v2\/media\/14086"}],"wp:attachment":[{"href":"https:\/\/www.nota.it\/en\/wp-json\/wp\/v2\/media?parent=18274"}],"wp:term":[{"taxonomy":"product_brand","embeddable":true,"href":"https:\/\/www.nota.it\/en\/wp-json\/wp\/v2\/product_brand?post=18274"},{"taxonomy":"product_cat","embeddable":true,"href":"https:\/\/www.nota.it\/en\/wp-json\/wp\/v2\/product_cat?post=18274"},{"taxonomy":"product_tag","embeddable":true,"href":"https:\/\/www.nota.it\/en\/wp-json\/wp\/v2\/product_tag?post=18274"}],"curies":[{"name":"wp","href":"https:\/\/api.w.org\/{rel}","templated":true}]}}