{"id":18337,"date":"2021-05-06T16:59:35","date_gmt":"2021-05-06T14:59:35","guid":{"rendered":"https:\/\/nota.it\/?post_type=product&#038;p=18337"},"modified":"2021-05-06T17:06:50","modified_gmt":"2021-05-06T15:06:50","slug":"kistale-digital-download","status":"publish","type":"product","link":"https:\/\/www.nota.it\/en\/prodotto\/kistale-digital-download\/","title":{"rendered":"Kistal\u00e9 (digital download)"},"content":{"rendered":"<div class=\"page\" title=\"Page 1\">\n<div class=\"section\">\n<div class=\"layoutArea\">\n<div class=\"column\">\n<p class=\"p1\">Kist-al-\u00e8 il gn\u00fbf disc dai Pantan, nuie di plui ma soredut nuie di\u00a0mancul; al pol same\u00e2 paradoss\u00e2l ma propit cuant che i Pantan a vevin\u00a0un studi di regjistrazion a complete disposizion, cence nissun limit\u00a0o imposizion, a \u00e0n decid\u00fbt di f\u00e2 un lav\u00f4r assoludementri essenzi\u00e2l:\u00a0bas, ghitare, batarie, v\u00f4s, zero soreincisions, zero artificis tecnologjics\u00a0de ere digjit\u00e2l, zero meracui, zero f\u00fbcs artifici\u00e2i, zero justaments\u00a0e corezions, dut al \u00e8 come che al \u00e8 st\u00e2t sun\u00e2t e cjant\u00e2t, tal ben e tal m\u00e2l.\u00a0Il parc\u00e8? Probabilmentri par la stufe di viodi che al conte simpri plui\u00a0chel che al \u00e8 par di f\u00fbr che no chel che al \u00e8 par dentri, par la stufe\u00a0dal ec\u00e8s di aparence dal d\u00ec di vu\u00ea e la bramosie di viodi almancul\u00a0un tic di chel che e dovar\u00e8s jessi la \u201cveret\u00e2t\u201d.<\/p>\n<p class=\"p1\"><i>\u201cQuesto \u00e8\u201d il nuovo disco dei Pantan, niente di pi\u00f9 ma soprattutto niente\u00a0<\/i><i>di meno; pu\u00f2 sembrare paradossale ma proprio quando i Pantan avevano\u00a0<\/i><i>uno studio di registrazione a completa disposizione, senza nessun limite\u00a0<\/i><i>o imposizione, hanno deciso per un lavoro assolutamente essenziale:\u00a0<\/i><i>basso, chitarra, batteria, voce, zero sovraincisioni, zero artifici tecnologici\u00a0<\/i><i>da era digitale, zero miracoli, zero fuochi artificiali, zero aggiustamenti\u00a0<\/i><i>e correzioni, tutto \u00e8 come \u00e8 stato suonato e cantato, nel bene e nel male.\u00a0<\/i><i>Il perch\u00e9? Probabilmente per la stanchezza nel vedere che conta sempre\u00a0<\/i><i>pi\u00f9 quello che si vede dal di fuori che non quello che c\u2019\u00e8 dentro,\u00a0<\/i><i>per la stanchezza dell\u2019eccesso di apparenza del giorno d\u2019oggi e la bramosi\u00a0<\/i><i>di vedere almeno un pezzetto di quello che dovrebbe essere la \u201cverit\u00e0\u201d .<\/i><\/p>\n<div  class='avia-button-wrap av-uj2igt-85a9a32512e061c0a702dcb6d567bb6f-wrap avia-button-left  avia-builder-el-0  avia-builder-el-no-sibling '><a href='https:\/\/music.apple.com\/it\/album\/kistal%C3%A8\/572574315'  class='avia-button av-uj2igt-85a9a32512e061c0a702dcb6d567bb6f av-link-btn avia-icon_select-yes-left-icon avia-size-small avia-position-left avia-color-grey'  target=\"_blank\"  rel=\"noopener noreferrer\"  aria-label=\"Ascolta o acquista il CD su iTunes\"><span class='avia_button_icon avia_button_icon_left avia-iconfont avia-font-entypo-fontello' data-av_icon='\ue800' data-av_iconfont='entypo-fontello' ><\/span><span class='avia_iconbox_title' >Ascolta o acquista il CD su iTunes<\/span><\/a><\/div>\n<\/div>\n<\/div>\n<\/div>\n<\/div>\n","protected":false},"excerpt":{"rendered":"<p><strong><b><span style=\"color: #000000;\"><span class=\"s1\">Digital Download (PDF book + Brani AAC)<\/span> \u2013 28 pagine \u2013 ISBN 8788861630963<\/span><\/b><\/strong><\/p>\n<p>Sono disponibili 3 download per questo articolo, scaricabili nell\u2019arco di 60gg. dalla data di acquisto. Il download sar\u00e0 disponibile solo dopo il pagamento.<\/p>\n","protected":false},"featured_media":13670,"comment_status":"closed","ping_status":"closed","template":"","meta":[],"product_brand":[],"product_cat":[1952],"product_tag":[1146,1145,796],"class_list":{"0":"post-18337","1":"product","2":"type-product","3":"status-publish","4":"has-post-thumbnail","6":"product_cat-digitale","7":"product_tag-bn-cd-578","8":"product_tag-kistale","9":"product_tag-pantan","11":"first","12":"instock","13":"downloadable","14":"virtual","15":"purchasable","16":"product-type-simple"},"_links":{"self":[{"href":"https:\/\/www.nota.it\/en\/wp-json\/wp\/v2\/product\/18337","targetHints":{"allow":["GET"]}}],"collection":[{"href":"https:\/\/www.nota.it\/en\/wp-json\/wp\/v2\/product"}],"about":[{"href":"https:\/\/www.nota.it\/en\/wp-json\/wp\/v2\/types\/product"}],"replies":[{"embeddable":true,"href":"https:\/\/www.nota.it\/en\/wp-json\/wp\/v2\/comments?post=18337"}],"wp:featuredmedia":[{"embeddable":true,"href":"https:\/\/www.nota.it\/en\/wp-json\/wp\/v2\/media\/13670"}],"wp:attachment":[{"href":"https:\/\/www.nota.it\/en\/wp-json\/wp\/v2\/media?parent=18337"}],"wp:term":[{"taxonomy":"product_brand","embeddable":true,"href":"https:\/\/www.nota.it\/en\/wp-json\/wp\/v2\/product_brand?post=18337"},{"taxonomy":"product_cat","embeddable":true,"href":"https:\/\/www.nota.it\/en\/wp-json\/wp\/v2\/product_cat?post=18337"},{"taxonomy":"product_tag","embeddable":true,"href":"https:\/\/www.nota.it\/en\/wp-json\/wp\/v2\/product_tag?post=18337"}],"curies":[{"name":"wp","href":"https:\/\/api.w.org\/{rel}","templated":true}]}}