{"id":18348,"date":"2021-05-07T11:55:09","date_gmt":"2021-05-07T09:55:09","guid":{"rendered":"https:\/\/nota.it\/?post_type=product&#038;p=18348"},"modified":"2021-05-10T12:28:00","modified_gmt":"2021-05-10T10:28:00","slug":"suns-vol-1-digital-download","status":"publish","type":"product","link":"https:\/\/www.nota.it\/en\/prodotto\/suns-vol-1-digital-download\/","title":{"rendered":"SUNS vol.1 -> \u201998 (digital download)"},"content":{"rendered":"<p>La gnove musiche furlane: un fenomen che dai prins agns Novante al \u00e0 cjap\u00e2t dentri cetancj musiciscj impegn\u00e2ts a meti dongje la lenghe furlane cui diviers gjenars music\u00e2i, de tradizion ae sperimentazion, te suaze de inovazion de culture, dal costum, de editorie (no dome loc\u00e2l) e dal marcj\u00e2t (no dome discogra\ufb01c). Une pi\u00e7ule Antologjie che e cjape dentri lis primis ideis (\ufb01n a dut il 1998) che za a mostrin i trats fondament\u00e2i dal moviment che vu\u00ea al \u00e0 cjat\u00e2t une s\u00f4 consistence e continuit\u00e2t. La sielte di dodis esemplis music\u00e2i (tal compact disc in zonte), i tescj, lis traduzions e la introduzion critiche che i v\u00fbl, a fasin di cheste \u201cpi\u00e7ule antologjie\u201d un imprest par cap\u00ee ce che si \u00e8 davuelt in Fri\u00fbl tai ultins doi decenis tal rapuart jenfri musiche e lenghe.<\/p>\n<p>La nuova musica friulana: un fenomeno che dagli inizi degli anni novanta ha coinvolto molti musicisti impegnati a coniugare la lingua friulana con vari generi musicali, dalla tradizione alla sperimentazione, nel solco dell\u2019innovazione della cultura, del costume, dell\u2019editoria (non solo locale) e del mercato (non solo discogra\ufb01co). Una piccola antologia ne raccoglie i primi spunti (\ufb01no a tutto il 1998) in cui gi\u00e0 si individuano le linee guida del movimento che oggi ha trovato una sua consistenza<br \/>\ne continuit\u00e0. La scelta di dodici esempi musicali (nel compact disc allegato), i testi, le traduzioni e una doverosa introduzione critica fanno di questa \u201cpiccola antologia\u201d uno strumento per capire quanto si \u00e8 svolto in Friuli negli ultimi due decenni nel rapporto fra musica e lingua.<\/p>\n<p>L U I G I G R E G O R I S &#8211; Universit\u00e2t dal Fri\u00fbl &#8211; Universit\u00e0 degli Studi di Udine<\/p>\n<div  class='avia-button-wrap av-uj2igt-bc7232866c4dce980d5e9505d4ef1502-wrap avia-button-left  avia-builder-el-0  avia-builder-el-no-sibling '><a href='https:\/\/music.apple.com\/it\/album\/suns-antologjie-de-gnove-musiche-furlane-vol-1\/1180711776'  class='avia-button av-uj2igt-bc7232866c4dce980d5e9505d4ef1502 av-link-btn avia-icon_select-yes-left-icon avia-size-small avia-position-left avia-color-grey'  target=\"_blank\"  rel=\"noopener noreferrer\"  aria-label=\"Ascolta o acquista il CD su iTunes\"><span class='avia_button_icon avia_button_icon_left avia-iconfont avia-font-entypo-fontello' data-av_icon='\ue800' data-av_iconfont='entypo-fontello' ><\/span><span class='avia_iconbox_title' >Ascolta o acquista il CD su iTunes<\/span><\/a><\/div>\n<p>&nbsp;<\/p>\n","protected":false},"excerpt":{"rendered":"<p><strong><b><span style=\"color: #000000;\"><span class=\"s1\">Digital Download (PDF book + Brani AAC)<\/span> \u2013 64 pagine \u2013 ISBN 9788861630475<\/span><\/b><\/strong><\/p>\n<p><strong>Antologjie de gnove musiche furlane\u00a0<\/strong><\/p>\n<p>Sono disponibili 3 download per questo articolo, scaricabili nell\u2019arco di 60gg. dalla data di acquisto. Il download sar\u00e0 disponibile solo dopo il pagamento.<\/p>\n","protected":false},"featured_media":18345,"comment_status":"closed","ping_status":"closed","template":"","meta":[],"product_brand":[],"product_cat":[328],"product_tag":[1154,1153,1150,1151,1152],"class_list":{"0":"post-18348","1":"product","2":"type-product","3":"status-publish","4":"has-post-thumbnail","6":"product_cat-digitale","7":"product_tag-antologjie-de-gnove-musiche-furlane","8":"product_tag-bn-cd-641","9":"product_tag-suns","10":"product_tag-suns-vol-1","11":"product_tag-vol-1","13":"first","14":"instock","15":"downloadable","16":"virtual","17":"purchasable","18":"product-type-simple"},"_links":{"self":[{"href":"https:\/\/www.nota.it\/en\/wp-json\/wp\/v2\/product\/18348","targetHints":{"allow":["GET"]}}],"collection":[{"href":"https:\/\/www.nota.it\/en\/wp-json\/wp\/v2\/product"}],"about":[{"href":"https:\/\/www.nota.it\/en\/wp-json\/wp\/v2\/types\/product"}],"replies":[{"embeddable":true,"href":"https:\/\/www.nota.it\/en\/wp-json\/wp\/v2\/comments?post=18348"}],"wp:featuredmedia":[{"embeddable":true,"href":"https:\/\/www.nota.it\/en\/wp-json\/wp\/v2\/media\/18345"}],"wp:attachment":[{"href":"https:\/\/www.nota.it\/en\/wp-json\/wp\/v2\/media?parent=18348"}],"wp:term":[{"taxonomy":"product_brand","embeddable":true,"href":"https:\/\/www.nota.it\/en\/wp-json\/wp\/v2\/product_brand?post=18348"},{"taxonomy":"product_cat","embeddable":true,"href":"https:\/\/www.nota.it\/en\/wp-json\/wp\/v2\/product_cat?post=18348"},{"taxonomy":"product_tag","embeddable":true,"href":"https:\/\/www.nota.it\/en\/wp-json\/wp\/v2\/product_tag?post=18348"}],"curies":[{"name":"wp","href":"https:\/\/api.w.org\/{rel}","templated":true}]}}