{"id":18361,"date":"2021-05-10T12:19:27","date_gmt":"2021-05-10T10:19:27","guid":{"rendered":"https:\/\/nota.it\/?post_type=product&#038;p=18361"},"modified":"2021-10-11T15:04:33","modified_gmt":"2021-10-11T13:04:33","slug":"suns-vol-3","status":"publish","type":"product","link":"https:\/\/www.nota.it\/en\/prodotto\/suns-vol-3\/","title":{"rendered":"SUNS vol. 3 \u201904 -> \u201910 \/ Sclesis"},"content":{"rendered":"<p class=\"p1\">Arbe Garbe, Jonokogn\u00f2s, Pantan, Priska, Ba kan, Madrac, Dek Ill Ceesa , Luigi Maieron, Loris Vescovo, Lino Straulino, Resistence in Dub, Francis and the Phantoms , Bande Tzingare, Orchestra cortile<\/p>\n<p class=\"p2\">I agns Zero dal tier\u00e7 mileni a son pe gnove musiche furlane un moment di frantumazion: no in tiermins negat\u00eefs, tant a d\u00ee disgregazion e anulament, ma ben cuntune tindince positive ae moltiplicazion di progjets e di prodots, di sclesis che si movin in direzions diferentis plui o mancul par so cont e cence contr\u00f4l, cuss\u00ec che un via\u00e7 magari si sfantin daurman e chel altri a vierzin stradis gnovis.<\/p>\n<p class=\"p3\">Gli anni Zero del terzo millennio sono per la nuova musica friulana un momento di frantumazione: non necessariamente in termini negativi, cio\u00e8 come disgregazione e all\u2019annullamento, ma in senso pi\u00f9 compiuto di moltiplicazione di progetti e prodotti, di schegge pi\u00f9 o meno impazzite che autonomamente e in maniera anche incontrollata prendono diverse direzioni, alle volte spegnendosi, altre volte aprendo nuove vie.<\/p>\n<p><div  class='avia-button-wrap av-uj2igt-77eb2115932246d1b54d4e5407f44d47-wrap avia-button-left  avia-builder-el-0  el_before_av_button  avia-builder-el-first '><a href='https:\/\/www.nota.it\/prodotto\/suns-vol-3-digital-download\/'  class='avia-button av-uj2igt-77eb2115932246d1b54d4e5407f44d47 av-link-btn avia-icon_select-yes-left-icon avia-size-small avia-position-left avia-color-theme-color'  target=\"_blank\"  rel=\"noopener noreferrer\"  aria-label=\"Acquista il formato digitale\"><span class='avia_button_icon avia_button_icon_left avia-iconfont avia-font-entypo-fontello' data-av_icon='\ue82d' data-av_iconfont='entypo-fontello' ><\/span><span class='avia_iconbox_title' >Acquista il formato digitale<\/span><\/a><\/div> <div  class='avia-button-wrap av-uj2igt-549954ffa57340bac867326fdd1054b8-wrap avia-button-left  avia-builder-el-1  el_after_av_button  avia-builder-el-last '><a href='https:\/\/music.apple.com\/it\/album\/suns-sclesis-antologjie-de-gnove-musiche-furlane-04-10-vol-3\/1586124736'  class='avia-button av-uj2igt-549954ffa57340bac867326fdd1054b8 av-link-btn avia-icon_select-yes-left-icon avia-size-small avia-position-left avia-color-grey'  target=\"_blank\"  rel=\"noopener noreferrer\"  aria-label=\"Ascolta o acquista il CD su iTunes\"><span class='avia_button_icon avia_button_icon_left avia-iconfont avia-font-entypo-fontello' data-av_icon='\ue800' data-av_iconfont='entypo-fontello' ><\/span><span class='avia_iconbox_title' >Ascolta o acquista il CD su iTunes<\/span><\/a><\/div><\/p>\n","protected":false},"excerpt":{"rendered":"<p><strong>Booklet + CD &#8211; 64 pagine &#8211; ISBN 9788861630918<\/strong><\/p>\n<p><strong>Antologjie de gnove musiche furlane\u00a0<\/strong><\/p>\n<p>par cure \/ a cura di Marco Stolfo<\/p>\n<p>&nbsp;<\/p>\n","protected":false},"featured_media":18353,"comment_status":"closed","ping_status":"closed","template":"","meta":[],"product_brand":[],"product_cat":[213],"product_tag":[1154,1158,1156,1150,1155,1157],"class_list":{"0":"post-18361","1":"product","2":"type-product","3":"status-publish","4":"has-post-thumbnail","6":"product_cat-blocknota-en","7":"product_tag-antologjie-de-gnove-musiche-furlane","8":"product_tag-bn-cd-662","9":"product_tag-marco-stolfo","10":"product_tag-suns","11":"product_tag-suns-vol-3","12":"product_tag-vol-3","14":"first","15":"instock","16":"purchasable","17":"product-type-simple"},"_links":{"self":[{"href":"https:\/\/www.nota.it\/en\/wp-json\/wp\/v2\/product\/18361","targetHints":{"allow":["GET"]}}],"collection":[{"href":"https:\/\/www.nota.it\/en\/wp-json\/wp\/v2\/product"}],"about":[{"href":"https:\/\/www.nota.it\/en\/wp-json\/wp\/v2\/types\/product"}],"replies":[{"embeddable":true,"href":"https:\/\/www.nota.it\/en\/wp-json\/wp\/v2\/comments?post=18361"}],"wp:featuredmedia":[{"embeddable":true,"href":"https:\/\/www.nota.it\/en\/wp-json\/wp\/v2\/media\/18353"}],"wp:attachment":[{"href":"https:\/\/www.nota.it\/en\/wp-json\/wp\/v2\/media?parent=18361"}],"wp:term":[{"taxonomy":"product_brand","embeddable":true,"href":"https:\/\/www.nota.it\/en\/wp-json\/wp\/v2\/product_brand?post=18361"},{"taxonomy":"product_cat","embeddable":true,"href":"https:\/\/www.nota.it\/en\/wp-json\/wp\/v2\/product_cat?post=18361"},{"taxonomy":"product_tag","embeddable":true,"href":"https:\/\/www.nota.it\/en\/wp-json\/wp\/v2\/product_tag?post=18361"}],"curies":[{"name":"wp","href":"https:\/\/api.w.org\/{rel}","templated":true}]}}