{"id":18363,"date":"2021-05-10T12:24:51","date_gmt":"2021-05-10T10:24:51","guid":{"rendered":"https:\/\/nota.it\/?post_type=product&#038;p=18363"},"modified":"2021-10-11T15:04:03","modified_gmt":"2021-10-11T13:04:03","slug":"suns-vol-2","status":"publish","type":"product","link":"https:\/\/www.nota.it\/en\/prodotto\/suns-vol-2\/","title":{"rendered":"SUNS vol. 2  \u201999 -> \u201903 \/ Bab\u00eal"},"content":{"rendered":"<p class=\"p2\">Inzirli, Croz Sclizz\u00e2z, Madrac, Arbe Garbe, Straulino &amp; Montello, Renzo Stefanutti, Prorastar, Bande Tzingare, DLH POSSE, Zuf di Arbe, Loris Vesc ovo, Luigi Maieron, Silvi a Mich elotti, Kosovni Odpadki , Pantan<\/p>\n<p class=\"p2\">Al \u00e8 dificil meti dongje intun <span class=\"s1\">cd <\/span>s\u00f4l dut ce che al \u00e8 salt\u00e2t f\u00fbr a cjaval dai doi secui, soredut parc\u00e8 che al \u00e8 st\u00e2t un moment si\u00f4r, di grancj mudaments, magari ancje confusion\u00e2t, ma par sig\u00fbr di grande creativit\u00e2t e di crescite pal moviment de gnove musiche furlane. Il rock e la cjan\u00e7on di aut\u00f4r a incrosin lis l\u00f4r stradis cul punk e l\u2019hip hop, e si vierzin colaborazions simpri gnovis, contaminazions tra gjenars e tra grups\u2026 e il moviment al madr\u00e8s.<\/p>\n<p class=\"p2\">\u00c8 difficile raccogliere in un solo <span class=\"s1\">cd <\/span>quanto accaduto a cavallo fra i due secoli, soprattutto perch\u00e9 \u00e8 stato un momento ricco, di grandi trasformazioni, per certi versi confuso, ma sicuramente di grande creativit\u00e0 e crescita per il movimento della nuova musica friulana. Il rock e la canzone d\u2019autore incrociano le loro vicende con il punk e l\u2019hip hop, si aprono collaborazioni sempre nuove, contaminazioni di generi, fra i gruppi&#8230; e il movimento matura.<\/p>\n<p><div  class='avia-button-wrap av-uj2igt-42be8b5a222890e861576e392bd6e24b-wrap avia-button-left  avia-builder-el-0  el_before_av_button  avia-builder-el-first '><a href='https:\/\/www.nota.it\/prodotto\/suns-vol-2-digital-download\/'  class='avia-button av-uj2igt-42be8b5a222890e861576e392bd6e24b av-link-btn avia-icon_select-yes-left-icon avia-size-small avia-position-left avia-color-theme-color'  target=\"_blank\"  rel=\"noopener noreferrer\"  aria-label=\"Acquista il formato digitale\"><span class='avia_button_icon avia_button_icon_left avia-iconfont avia-font-entypo-fontello' data-av_icon='\ue82d' data-av_iconfont='entypo-fontello' ><\/span><span class='avia_iconbox_title' >Acquista il formato digitale<\/span><\/a><\/div> <div  class='avia-button-wrap av-uj2igt-81e562d4829c75b6123bed0664c290d4-wrap avia-button-left  avia-builder-el-1  el_after_av_button  avia-builder-el-last '><a href='https:\/\/music.apple.com\/it\/album\/suns-vol-2-bab%C3%AAl-antologjie-de-gnove-musiche-furlane-99-03\/1586125245'  class='avia-button av-uj2igt-81e562d4829c75b6123bed0664c290d4 av-link-btn avia-icon_select-yes-left-icon avia-size-small avia-position-left avia-color-grey'  target=\"_blank\"  rel=\"noopener noreferrer\"  aria-label=\"Ascolta o acquista il CD su iTunes\"><span class='avia_button_icon avia_button_icon_left avia-iconfont avia-font-entypo-fontello' data-av_icon='\ue800' data-av_iconfont='entypo-fontello' ><\/span><span class='avia_iconbox_title' >Ascolta o acquista il CD su iTunes<\/span><\/a><\/div><\/p>\n","protected":false},"excerpt":{"rendered":"<p><strong>Booklet + CD &#8211; 64 pagine &#8211; ISBN 9788861630901<\/strong><\/p>\n<p><strong>Antologjie de gnove musiche furlane\u00a0<\/strong><\/p>\n<p>par cure \/ a cura di Marco Stolfo<\/p>\n<p>&nbsp;<\/p>\n","protected":false},"featured_media":18355,"comment_status":"closed","ping_status":"closed","template":"","meta":[],"product_brand":[],"product_cat":[71],"product_tag":[1154,1160,1150,1161,1159],"class_list":{"0":"post-18363","1":"product","2":"type-product","3":"status-publish","4":"has-post-thumbnail","6":"product_cat-block-nota","7":"product_tag-antologjie-de-gnove-musiche-furlane","8":"product_tag-babel","9":"product_tag-suns","10":"product_tag-suns-vol-2","11":"product_tag-vol-2","13":"first","14":"instock","15":"purchasable","16":"product-type-simple"},"_links":{"self":[{"href":"https:\/\/www.nota.it\/en\/wp-json\/wp\/v2\/product\/18363","targetHints":{"allow":["GET"]}}],"collection":[{"href":"https:\/\/www.nota.it\/en\/wp-json\/wp\/v2\/product"}],"about":[{"href":"https:\/\/www.nota.it\/en\/wp-json\/wp\/v2\/types\/product"}],"replies":[{"embeddable":true,"href":"https:\/\/www.nota.it\/en\/wp-json\/wp\/v2\/comments?post=18363"}],"wp:featuredmedia":[{"embeddable":true,"href":"https:\/\/www.nota.it\/en\/wp-json\/wp\/v2\/media\/18355"}],"wp:attachment":[{"href":"https:\/\/www.nota.it\/en\/wp-json\/wp\/v2\/media?parent=18363"}],"wp:term":[{"taxonomy":"product_brand","embeddable":true,"href":"https:\/\/www.nota.it\/en\/wp-json\/wp\/v2\/product_brand?post=18363"},{"taxonomy":"product_cat","embeddable":true,"href":"https:\/\/www.nota.it\/en\/wp-json\/wp\/v2\/product_cat?post=18363"},{"taxonomy":"product_tag","embeddable":true,"href":"https:\/\/www.nota.it\/en\/wp-json\/wp\/v2\/product_tag?post=18363"}],"curies":[{"name":"wp","href":"https:\/\/api.w.org\/{rel}","templated":true}]}}