{"id":19329,"date":"2021-08-25T15:17:15","date_gmt":"2021-08-25T13:17:15","guid":{"rendered":"https:\/\/www.nota.it\/?post_type=product&#038;p=19329"},"modified":"2021-08-25T15:20:08","modified_gmt":"2021-08-25T13:20:08","slug":"carmine-salamone-e-la-surdulina-in-val-sarmento-digital-download","status":"publish","type":"product","link":"https:\/\/www.nota.it\/en\/prodotto\/carmine-salamone-e-la-surdulina-in-val-sarmento-digital-download\/","title":{"rendered":"Carmine Salamone e la surdulina in Val Sarmento (digital download)"},"content":{"rendered":"<p>Questa pubblicazione contiene un excursus sonoro in uno degli aspetti musicali pi\u00f9 singolari della Val Sarmento. Grazie alla surdulina, una piccola zampogna, e alle sue sonorit\u00e0 legate al mondo della cultura pastorale \u00e8 possibile cogliere aspetti significativi di un territorio e di una cultura ricchi di interesse. Il CD contiene le esecuzioni di Carmine Salamone, uno dei maestri di surdulina pi\u00f9 famosi del territorio lucano.<\/p>\n<div  class='avia-button-wrap av-uj2igt-72012f26a7b8980106f55d5060ff6b57-wrap avia-button-left  avia-builder-el-0  avia-builder-el-no-sibling '><a href='https:\/\/music.apple.com\/it\/album\/carmine-salamone-e-la-surdulina-in-val-sarmento-a\/1153592647'  class='avia-button av-uj2igt-72012f26a7b8980106f55d5060ff6b57 av-link-btn avia-icon_select-yes-left-icon avia-size-small avia-position-left avia-color-grey'  target=\"_blank\"  rel=\"noopener noreferrer\"  aria-label=\"Ascolta o acquista il CD su iTunes\"><span class='avia_button_icon avia_button_icon_left avia-iconfont avia-font-entypo-fontello' data-av_icon='\ue800' data-av_iconfont='entypo-fontello' ><\/span><span class='avia_iconbox_title' >Ascolta o acquista il CD su iTunes<\/span><\/a><\/div>\n","protected":false},"excerpt":{"rendered":"<p><b><span style=\"color: #000000;\"><span class=\"s1\">Digital Download (PDF booklet + Brani AAC)<\/span> \u2013 48 pagine \u2013 ISBN 9788861630147<\/span><\/b><\/p>\n<p>Sono disponibili 3 download per questo articolo, scaricabili nell\u2019arco di 60gg. dalla data di acquisto. Il download sar\u00e0 disponibile solo dopo il pagamento.<\/p>\n<p>a cura di Nicola Scaldaferri<\/p>\n","protected":false},"featured_media":14042,"comment_status":"closed","ping_status":"closed","template":"","meta":[],"product_brand":[],"product_cat":[328],"product_tag":[126,127,1248,189,128,129,130],"class_list":{"0":"post-19329","1":"product","2":"type-product","3":"status-publish","4":"has-post-thumbnail","6":"product_cat-digitale","7":"product_tag-carmine-salomone","8":"product_tag-geos-cd-book","9":"product_tag-geos-cdb-503","10":"product_tag-nicola-scaldaferri","11":"product_tag-surdulina","12":"product_tag-val-sarmento","13":"product_tag-zampogna","15":"first","16":"instock","17":"downloadable","18":"virtual","19":"purchasable","20":"product-type-simple"},"_links":{"self":[{"href":"https:\/\/www.nota.it\/en\/wp-json\/wp\/v2\/product\/19329","targetHints":{"allow":["GET"]}}],"collection":[{"href":"https:\/\/www.nota.it\/en\/wp-json\/wp\/v2\/product"}],"about":[{"href":"https:\/\/www.nota.it\/en\/wp-json\/wp\/v2\/types\/product"}],"replies":[{"embeddable":true,"href":"https:\/\/www.nota.it\/en\/wp-json\/wp\/v2\/comments?post=19329"}],"wp:featuredmedia":[{"embeddable":true,"href":"https:\/\/www.nota.it\/en\/wp-json\/wp\/v2\/media\/14042"}],"wp:attachment":[{"href":"https:\/\/www.nota.it\/en\/wp-json\/wp\/v2\/media?parent=19329"}],"wp:term":[{"taxonomy":"product_brand","embeddable":true,"href":"https:\/\/www.nota.it\/en\/wp-json\/wp\/v2\/product_brand?post=19329"},{"taxonomy":"product_cat","embeddable":true,"href":"https:\/\/www.nota.it\/en\/wp-json\/wp\/v2\/product_cat?post=19329"},{"taxonomy":"product_tag","embeddable":true,"href":"https:\/\/www.nota.it\/en\/wp-json\/wp\/v2\/product_tag?post=19329"}],"curies":[{"name":"wp","href":"https:\/\/api.w.org\/{rel}","templated":true}]}}