{"id":19574,"date":"2021-09-02T12:20:23","date_gmt":"2021-09-02T10:20:23","guid":{"rendered":"https:\/\/www.nota.it\/?post_type=product&#038;p=19574"},"modified":"2021-10-12T10:16:39","modified_gmt":"2021-10-12T08:16:39","slug":"lis-baronadis-di-pinochio","status":"publish","type":"product","link":"https:\/\/www.nota.it\/en\/prodotto\/lis-baronadis-di-pinochio\/","title":{"rendered":"Lis baronadis di Pinochio"},"content":{"rendered":"<p class=\"p1\">\u201cLis baronadis di Pinochio\u201d e je la traduzion par furlan di pre Antoni Beline de innomenade opare di Carlo Collodi, \u201cLe avventure di Pinocchio. Storia di un burattino\u201d.<\/p>\n<p class=\"p1\">Opare mestre de leterature mondi\u00e2l pai fruts, e je une storie di grande umanit\u00e2t che e conte lis aventuris dal buratin e lis s\u00f4s scuviertis, i er\u00f4rs, lis injustiziis e lis sperancis che infin lu fasaran devent\u00e2 pardabon uman.<\/p>\n<p class=\"p1\"><strong>Carlo Collodi<\/strong>, pseudonim di Carlo Lorenzini, (Florence 1826 \u2013 1890) al \u00e8 st\u00e2t scrit\u00f4r e gjornalist di grande innomine par v\u00ea scrit \u201cLe avventure di Pinocchio. Storia di un burattino\u201d (1883), roman\u00e7 pai fruts vend\u00fbt in passe 80 milions di copiis in dut il mont, che al \u00e0 fat devent\u00e2 Collodi l\u2019aut\u00f4r talian plui let a nivel internazion\u00e2l.<\/p>\n<p class=\"p1\"><strong>Antoni Beline<\/strong>, Pietrantonio Bellina (Ven\u00e7on 1941 &#8211; Visepente 2007) al \u00e8 st\u00e2t predi, scrit\u00f4r e inteletu\u00e2l. Al \u00e8 st\u00e2t plevan a Val, Rualp e Treli in Cjargne e a Visepente, e al \u00e0 fat ancje l\u2019insegnant di religjon e po il mestri element\u00e2r. Scrit\u00f4r che al \u00e0 public\u00e2t passe 45 oparis, al \u00e0 volt\u00e2t par furlan tescj tant che \u201cLis flabis di Fedro\u201d, \u201cLis flabis di Esopo\u201d, \u201cLis baronadis di Pinochio\u201d e po \u201cLa Bibie\u201d (adun cun pre Checo Placerean), che i \u00e0 dedic\u00e2t plui di 13 agns, e il \u201cMess\u00e2l Roman\u201d, d\u00f4s oparis fondament\u00e2ls par puart\u00e2 la liturgjie par furlan in glesie.<\/p>\n<p class=\"p1\"><strong>Andrea Zuccolo<\/strong> (Buri, 1955) at\u00f4r, poete, al \u00e0 lavor\u00e2t cun compagniis di prose privadis e teatris stabii, cun regjiscj tant che Luca Ronconi e Carmelo Bene. Al \u00e0 partecip\u00e2t a edizions dal Festival Mittelfest a Civid\u00e2t, sedi come interprete sedi come aut\u00f4r. Te golaine \u201cLogo &#8211; suns, peraulis e scrituris\u201d, al \u00e8 la v\u00f4s dal audiolibri \u201cIl Pi\u00e7ul Princip\u201d.<\/p>\n<p class=\"p1\"><strong>Laura Torrico<\/strong> (Lecco, 1974) e je a st\u00e2 e e lavore in Fri\u00fbl. Une artiste pluridissiplin\u00e2r che si m\u00f4f tra piture e dissen cui lapis e tecnichis miscli\u00e7adis. E je ilustradore di libris pe infanzie e di narative. Une vore di s\u00f4s oparis a son deventadis cuviertinis di libris e di albums music\u00e2i.<\/p>\n<p class=\"p1\"><strong>Massimo Gatti<\/strong> (Milan, 1957) musicist, composit\u00f4r, tecnic audio, al \u00e8 consider\u00e2t un dai mi\u00f4r mandoliniscj in Europe. Al \u00e0 colabor\u00e2t cun Fabrizio De Andr\u00e8 in \u201cAnime salve\u201d. Il so toc \u201cFrangenti\u201d, regjistr\u00e2t dal pianist George Winston in \u201cPlains\u201d, al \u00e0 vin\u00e7\u00fbt un Grammy Award tal 1999.<\/p>\n<div  class='avia-button-wrap av-n3g9ee-27a79db899112bf5a3c0e5531a061935-wrap avia-button-left  avia-builder-el-0  el_before_av_button  avia-builder-el-first '>\n<style type=\"text\/css\" data-created_by=\"avia_inline_auto\" id=\"style-css-av-n3g9ee-27a79db899112bf5a3c0e5531a061935\">\n#top #wrap_all .avia-button.av-n3g9ee-27a79db899112bf5a3c0e5531a061935{\nbackground-color:#ff8533;\nborder-color:#ff8533;\ntransition:all 0.4s ease-in-out;\n}\n#top #wrap_all .avia-button.av-n3g9ee-27a79db899112bf5a3c0e5531a061935:hover{\ncolor:#ffffff;\ntransition:all 0.4s ease-in-out;\n}\n#top #wrap_all .avia-button.av-n3g9ee-27a79db899112bf5a3c0e5531a061935:hover .avia-svg-icon svg:first-child{\nfill:#ffffff;\nstroke:#ffffff;\n}\n<\/style>\n<a href='https:\/\/www.nota.it\/lis-baronadis-di-pinochio\/'  class='avia-button av-n3g9ee-27a79db899112bf5a3c0e5531a061935 av-link-btn avia-icon_select-yes-right-icon avia-size-medium avia-position-left avia-font-color-theme-color'   aria-label=\"Ascolta qui la versione integrale\"><span class='avia_iconbox_title' >Ascolta qui la versione integrale<\/span><span class='avia_button_icon avia_button_icon_right avia-iconfont avia-font-entypo-fontello' data-av_icon='\ue84f' data-av_iconfont='entypo-fontello' ><\/span><span class='avia_button_background avia-button avia-color-theme-color-highlight' ><\/span><\/a><\/div>\n<p>&nbsp;<\/p>\n<p><div  class='avia-button-wrap av-uj2igt-b6a2394cd55b2239cf14ad56e602cbe6-wrap avia-button-left  avia-builder-el-1  el_after_av_button  el_before_av_button '><a href='https:\/\/www.nota.it\/prodotto\/lis-baronadis-di-pinochio-digital-download\/'  class='avia-button av-uj2igt-b6a2394cd55b2239cf14ad56e602cbe6 av-link-btn avia-icon_select-yes-left-icon avia-size-small avia-position-left avia-color-theme-color'  target=\"_blank\"  rel=\"noopener noreferrer\"  aria-label=\"Acquista il formato digitale\"><span class='avia_button_icon avia_button_icon_left avia-iconfont avia-font-entypo-fontello' data-av_icon='\ue82d' data-av_iconfont='entypo-fontello' ><\/span><span class='avia_iconbox_title' >Acquista il formato digitale<\/span><\/a><\/div> <div  class='avia-button-wrap av-uj2igt-d3e5b5b04cf76d84b2b834dcbac7477f-wrap avia-button-left  avia-builder-el-2  el_after_av_button  avia-builder-el-last '><a href='https:\/\/music.apple.com\/it\/album\/lis-baronadis-di-pinochio-le-avventure-di-pinocchio\/1588264910'  class='avia-button av-uj2igt-d3e5b5b04cf76d84b2b834dcbac7477f av-link-btn avia-icon_select-yes-left-icon avia-size-small avia-position-left avia-color-grey'  target=\"_blank\"  rel=\"noopener noreferrer\"  aria-label=\"Ascolta o acquista il CD su iTunes\"><span class='avia_button_icon avia_button_icon_left avia-iconfont avia-font-entypo-fontello' data-av_icon='\ue800' data-av_iconfont='entypo-fontello' ><\/span><span class='avia_iconbox_title' >Ascolta o acquista il CD su iTunes<\/span><\/a><\/div><\/p>\n","protected":false},"excerpt":{"rendered":"<p><strong>Libro + CD\u00a0 &#8211; 176 pagine &#8211; ISBN 9788861632240<\/strong><\/p>\n<p class=\"p1\"><span class=\"s1\">Traduzion di <strong>Antoni Beline<\/strong><\/span><br \/>\nAudiolibri cu la v\u00f4s di <strong>Andrea Zuccolo<\/strong><br \/>\nComents son\u00f4rs di <strong>Massimo Gatti<\/strong><span class=\"s2\"><br \/>\n<\/span><span class=\"s1\">Dissens di <strong>Laura Torrico<\/strong><\/span><\/p>\n","protected":false},"featured_media":19577,"comment_status":"closed","ping_status":"closed","template":"","meta":[],"product_brand":[],"product_cat":[232],"product_tag":[1272,1270,1269,1273,1268,1275,1274,1271],"class_list":{"0":"post-19574","1":"product","2":"type-product","3":"status-publish","4":"has-post-thumbnail","6":"product_cat-logo","7":"product_tag-andrea-zuccolo","8":"product_tag-antoni-beline","9":"product_tag-carlo-collodi","10":"product_tag-laura-torrico","11":"product_tag-lis-baronadis-di-pinochio","12":"product_tag-logo05","13":"product_tag-massimo-gatti","14":"product_tag-pietrantonio-bellina","16":"first","17":"instock","18":"purchasable","19":"product-type-simple"},"_links":{"self":[{"href":"https:\/\/www.nota.it\/en\/wp-json\/wp\/v2\/product\/19574","targetHints":{"allow":["GET"]}}],"collection":[{"href":"https:\/\/www.nota.it\/en\/wp-json\/wp\/v2\/product"}],"about":[{"href":"https:\/\/www.nota.it\/en\/wp-json\/wp\/v2\/types\/product"}],"replies":[{"embeddable":true,"href":"https:\/\/www.nota.it\/en\/wp-json\/wp\/v2\/comments?post=19574"}],"wp:featuredmedia":[{"embeddable":true,"href":"https:\/\/www.nota.it\/en\/wp-json\/wp\/v2\/media\/19577"}],"wp:attachment":[{"href":"https:\/\/www.nota.it\/en\/wp-json\/wp\/v2\/media?parent=19574"}],"wp:term":[{"taxonomy":"product_brand","embeddable":true,"href":"https:\/\/www.nota.it\/en\/wp-json\/wp\/v2\/product_brand?post=19574"},{"taxonomy":"product_cat","embeddable":true,"href":"https:\/\/www.nota.it\/en\/wp-json\/wp\/v2\/product_cat?post=19574"},{"taxonomy":"product_tag","embeddable":true,"href":"https:\/\/www.nota.it\/en\/wp-json\/wp\/v2\/product_tag?post=19574"}],"curies":[{"name":"wp","href":"https:\/\/api.w.org\/{rel}","templated":true}]}}