{"id":22225,"date":"2022-06-24T11:11:53","date_gmt":"2022-06-24T09:11:53","guid":{"rendered":"https:\/\/www.nota.it\/?post_type=product&#038;p=22225"},"modified":"2022-11-07T10:25:14","modified_gmt":"2022-11-07T09:25:14","slug":"ressenal","status":"publish","type":"product","link":"https:\/\/www.nota.it\/en\/prodotto\/ressenal\/","title":{"rendered":"Ressen\u00e0l"},"content":{"rendered":"<p class=\"p2\">Un arsenale in piena attivit\u00e0, questo \u00e8 il terzo capitolo nel viaggio musicale di Franco Giordani. Ci si pu\u00f2 trovare nel caos apparente una quantit\u00e0 di cose inaspettate: poesia, protesta, dolore, memoria, amore, ironia\u2026 condite nelle storie che si intrecciano senza soluzione in un alternarsi di lingue, di suoni e immagini.<\/p>\n<p class=\"p2\">Franco Giordani, oltre ai suoi brani, mette in musica testi di <i>Federico Tavan<\/i>, <i>Barbara Floreancig<\/i>, <i>Giuseppe Malattia<\/i>, <i>Aldo Polesel <\/i>e <i>Rosanna Paroni Bertoja<\/i>.<\/p>\n<p class=\"p3\">Il volume \u00e8 contrappuntato da un viaggio parallelo nelle immagini del pittore <i>Giordano Floreancig <\/i>presentato da <i>Toni Capuozzo<\/i>, e due testi di <i>Maurizio Mattiuzza <\/i>e <i>Giorgio Olmoti<\/i>.<\/p>\n<p><div  class='avia-button-wrap av-uj2igt-f2e56728e94e6aa4b096cb7ffa2b46f3-wrap avia-button-left  avia-builder-el-0  el_before_av_button  avia-builder-el-first '><a href='https:\/\/www.nota.it\/prodotto\/ressenal-digital-download\/'  class='avia-button av-uj2igt-f2e56728e94e6aa4b096cb7ffa2b46f3 av-link-btn avia-icon_select-yes-left-icon avia-size-small avia-position-left avia-color-theme-color'  target=\"_blank\"  rel=\"noopener noreferrer\"  aria-label=\"Acquista il formato digitale\"><span class='avia_button_icon avia_button_icon_left avia-iconfont avia-font-entypo-fontello' data-av_icon='\ue82d' data-av_iconfont='entypo-fontello' ><\/span><span class='avia_iconbox_title' >Acquista il formato digitale<\/span><\/a><\/div> <div  class='avia-button-wrap av-uj2igt-1-fbba6bd8281973eafdf4b2fd43bb78de-wrap avia-button-left  avia-builder-el-1  el_after_av_button  el_before_av_heading '><a href='https:\/\/music.apple.com\/it\/album\/ressen%C3%A0l\/1633678960'  class='avia-button av-uj2igt-1-fbba6bd8281973eafdf4b2fd43bb78de av-link-btn avia-icon_select-yes-left-icon avia-size-small avia-position-left avia-color-grey'  target=\"_blank\"  rel=\"noopener noreferrer\"  aria-label=\"Ascolta o acquista il CD su iTunes\"><span class='avia_button_icon avia_button_icon_left avia-iconfont avia-font-entypo-fontello' data-av_icon='\ue800' data-av_iconfont='entypo-fontello' ><\/span><span class='avia_iconbox_title' >Ascolta o acquista il CD su iTunes<\/span><\/a><\/div><\/p>\n<p>&nbsp;<\/p>\n<p class=\"p1\">\n<style type=\"text\/css\" data-created_by=\"avia_inline_auto\" id=\"style-css-av-18v0rmm-81667afd5c8ddb00db013dc3203f5792\">\n#top .av-special-heading.av-18v0rmm-81667afd5c8ddb00db013dc3203f5792{\npadding-bottom:10px;\n}\nbody .av-special-heading.av-18v0rmm-81667afd5c8ddb00db013dc3203f5792 .av-special-heading-tag .heading-char{\nfont-size:25px;\n}\n.av-special-heading.av-18v0rmm-81667afd5c8ddb00db013dc3203f5792 .av-subheading{\nfont-size:15px;\n}\n<\/style>\n<div  class='av-special-heading av-18v0rmm-81667afd5c8ddb00db013dc3203f5792 av-special-heading-h4 meta-heading  avia-builder-el-2  el_after_av_button  el_before_av_blog '><h4 class='av-special-heading-tag '  itemprop=\"headline\"  >Recensioni<\/h4><div class=\"special-heading-border\"><div class=\"special-heading-inner-border\"><\/div><\/div><\/div><\/p>\n<div  class='av-alb-blogposts template-blog  '  itemscope=\"itemscope\" itemtype=\"https:\/\/schema.org\/Blog\" ><article class=\"post-entry post-entry-type-standard post-entry-27030 post-loop-1 post-parity-odd post-entry-last bloglist-compact with-slider post-27030 post type-post status-publish format-standard has-post-thumbnail hentry category-reviews tag-bn-cd-025 tag-ressenal\"  itemscope=\"itemscope\" itemtype=\"https:\/\/schema.org\/BlogPosting\" ><div class=\"blog-meta\"><\/div><div class='entry-content-wrapper clearfix standard-content'><header class=\"entry-content-header\" aria-label=\"Post: Franco Giordani \u2013 Ressen\u00e0l (Nota, 2023)\"><span class='fallback-post-type-icon avia-svg-icon avia-font-svg_entypo-fontello' data-av_svg_icon='pencil' data-av_iconset='svg_entypo-fontello'><svg version=\"1.1\" xmlns=\"http:\/\/www.w3.org\/2000\/svg\" width=\"25\" height=\"32\" viewBox=\"0 0 25 32\" preserveAspectRatio=\"xMidYMid meet\" role=\"graphics-symbol\" aria-hidden=\"true\">\n<path d=\"M22.976 5.44q1.024 1.024 1.504 2.048t0.48 1.536v0.512l-8.064 8.064-9.28 9.216-7.616 1.664 1.6-7.68 9.28-9.216 8.064-8.064q1.728-0.384 4.032 1.92zM7.168 25.92l0.768-0.768q-0.064-1.408-1.664-3.008-0.704-0.704-1.44-1.12t-1.12-0.416l-0.448-0.064-0.704 0.768-0.576 2.56q0.896 0.512 1.472 1.088 0.768 0.768 1.152 1.536z\"><\/path>\n<\/svg><\/span><h2 class='post-title entry-title '  itemprop=\"headline\" ><a href=\"https:\/\/www.nota.it\/en\/franco-giordani-ressenal-nota-2023\/\" rel=\"bookmark\" title=\"Permanent Link: Franco Giordani \u2013 Ressen\u00e0l (Nota, 2023)\">Franco Giordani \u2013 Ressen\u00e0l (Nota, 2023)<span class=\"post-format-icon minor-meta\"><\/span><\/a><\/h2><\/header><footer class=\"entry-footer\"><\/footer><div class='post_delimiter'><\/div><\/div><div class=\"post_author_timeline\"><\/div><span class='hidden'>\n\t\t\t\t<span class='av-structured-data'  itemprop=\"image\" itemscope=\"itemscope\" itemtype=\"https:\/\/schema.org\/ImageObject\" >\n\t\t\t\t\t\t<span itemprop='url'>https:\/\/www.nota.it\/wp-content\/uploads\/2022\/11\/RESSENAL-esempio-foto-Barbara-Floreancig.jpg<\/span>\n\t\t\t\t\t\t<span itemprop='height'>1320<\/span>\n\t\t\t\t\t\t<span itemprop='width'>1308<\/span>\n\t\t\t\t<\/span>\n\t\t\t\t<span class='av-structured-data'  itemprop=\"publisher\" itemtype=\"https:\/\/schema.org\/Organization\" itemscope=\"itemscope\" >\n\t\t\t\t\t\t<span itemprop='name'>Linda Fierro<\/span>\n\t\t\t\t\t\t<span itemprop='logo' itemscope itemtype='https:\/\/schema.org\/ImageObject'>\n\t\t\t\t\t\t\t<span itemprop='url'>https:\/\/www.nota.it\/wp-content\/uploads\/2017\/07\/Nota-header-1.png<\/span>\n\t\t\t\t\t\t<\/span>\n\t\t\t\t<\/span><span class='av-structured-data'  itemprop=\"author\" itemscope=\"itemscope\" itemtype=\"https:\/\/schema.org\/Person\" ><span itemprop='name'>Linda Fierro<\/span><\/span><span class='av-structured-data'  itemprop=\"datePublished\" datetime=\"2024-06-21T10:55:02+02:00\" >2024-06-21 10:55:02<\/span><span class='av-structured-data'  itemprop=\"dateModified\" itemtype=\"https:\/\/schema.org\/dateModified\" >2025-10-31 11:24:16<\/span><span class='av-structured-data'  itemprop=\"mainEntityOfPage\" itemtype=\"https:\/\/schema.org\/mainEntityOfPage\" ><span itemprop='name'>Franco Giordani \u2013 Ressen\u00e0l (Nota, 2023)<\/span><\/span><\/span><\/article><div class='bloglist-compact'><\/div><\/div>\n","protected":false},"excerpt":{"rendered":"<p><strong>Booklet + CD &#8211; 48 pagine &#8211; ISBN 9788861632646<\/strong><\/p>\n","protected":false},"featured_media":22198,"comment_status":"closed","ping_status":"closed","template":"","meta":[],"product_brand":[],"product_cat":[213],"product_tag":[1451,1963,1450],"class_list":{"0":"post-22225","1":"product","2":"type-product","3":"status-publish","4":"has-post-thumbnail","6":"product_cat-blocknota-en","7":"product_tag-bn-cd-025","8":"product_tag-franco-giordani","9":"product_tag-ressenal","11":"first","12":"instock","13":"purchasable","14":"product-type-simple"},"_links":{"self":[{"href":"https:\/\/www.nota.it\/en\/wp-json\/wp\/v2\/product\/22225","targetHints":{"allow":["GET"]}}],"collection":[{"href":"https:\/\/www.nota.it\/en\/wp-json\/wp\/v2\/product"}],"about":[{"href":"https:\/\/www.nota.it\/en\/wp-json\/wp\/v2\/types\/product"}],"replies":[{"embeddable":true,"href":"https:\/\/www.nota.it\/en\/wp-json\/wp\/v2\/comments?post=22225"}],"wp:featuredmedia":[{"embeddable":true,"href":"https:\/\/www.nota.it\/en\/wp-json\/wp\/v2\/media\/22198"}],"wp:attachment":[{"href":"https:\/\/www.nota.it\/en\/wp-json\/wp\/v2\/media?parent=22225"}],"wp:term":[{"taxonomy":"product_brand","embeddable":true,"href":"https:\/\/www.nota.it\/en\/wp-json\/wp\/v2\/product_brand?post=22225"},{"taxonomy":"product_cat","embeddable":true,"href":"https:\/\/www.nota.it\/en\/wp-json\/wp\/v2\/product_cat?post=22225"},{"taxonomy":"product_tag","embeddable":true,"href":"https:\/\/www.nota.it\/en\/wp-json\/wp\/v2\/product_tag?post=22225"}],"curies":[{"name":"wp","href":"https:\/\/api.w.org\/{rel}","templated":true}]}}