{"id":22244,"date":"2022-06-27T10:33:05","date_gmt":"2022-06-27T08:33:05","guid":{"rendered":"https:\/\/www.nota.it\/?post_type=product&#038;p=22244"},"modified":"2022-07-19T11:13:25","modified_gmt":"2022-07-19T09:13:25","slug":"gnawa-rumi-digital-download","status":"publish","type":"product","link":"https:\/\/www.nota.it\/en\/prodotto\/gnawa-rumi-digital-download\/","title":{"rendered":"Gnawa Rumi (digital download)"},"content":{"rendered":"<div class=\"\">\n<div class=\"\">\n<div>La Gnawa \u00e8 uno stile musicale rituale marocchino che dagli anni Sessanta si \u00e8 diffuso in Europa, Italia compresa. Gnawa Rumi \u00e8 il primo disco di Gnawa italiana, frutto dell&#8217;incontro tra cinque musicisti marocchini che vivono in Italia e che hanno elaborato il loro repertorio insieme ad altri ricercatori e musicisti italiani.<\/div>\n<div><\/div>\n<div>E&#8217; il quinto capitolo di Crossroads\/Crocevia, raccolte di documenti sonori che testimoniano la presenza in Italia di storiche e, pi\u00f9 o meno, recenti culture migranti. Gnawa Rumi celebra il continuo lavoro di appaesamento e radicamento dei migranti e delle migranti in Italia, come contributo a un futuro prossimo in cui attraversare deserti e mari per crearsi una vita altrove non sar\u00e0 pi\u00f9 un obbligo o un privilegio di pochi, ma una scelta e un diritto di tutte e tutti.<\/div>\n<div><\/div>\n<div><div  class='avia-button-wrap av-uj2igt-1-025c28052d896ff9c1a507f2903a3164-wrap avia-button-left  avia-builder-el-0  avia-builder-el-no-sibling '><a href='https:\/\/music.apple.com\/it\/album\/gnawa-rumi-musica-diasporica-marocchina-in-italia\/1633681411'  class='avia-button av-uj2igt-1-025c28052d896ff9c1a507f2903a3164 av-link-btn avia-icon_select-yes-left-icon avia-size-small avia-position-left avia-color-grey'  target=\"_blank\"  rel=\"noopener noreferrer\"  aria-label=\"Ascolta o acquista il CD su iTunes\"><span class='avia_button_icon avia_button_icon_left avia-iconfont avia-font-entypo-fontello' data-av_icon='\ue800' data-av_iconfont='entypo-fontello' ><\/span><span class='avia_iconbox_title' >Ascolta o acquista il CD su iTunes<\/span><\/a><\/div><\/div>\n<\/div>\n<\/div>\n","protected":false},"excerpt":{"rendered":"<p><b><span style=\"color: #000000;\"><span class=\"s1\">Digital Download (PDF booklet + Brani AAC)<\/span> \u2013 72 pagine \u2013 ISBN 9788861632554<\/span><\/b><\/p>\n<p>Sono disponibili 3 download per questo articolo, scaricabili nell\u2019arco di 60gg. dalla data di acquisto. Il download sar\u00e0 disponibile solo dopo il pagamento.<\/p>\n<p><em>Musica diasporica marocchina in Italia<\/em><\/p>\n<p>a cura di Stefano Portelli e H\u00e9l\u00e8ne Sechehaye<\/p>\n","protected":false},"featured_media":22196,"comment_status":"closed","ping_status":"closed","template":"","meta":[],"product_brand":[],"product_cat":[328],"product_tag":[203,1457,1452,1453,1456,1455,1454],"class_list":{"0":"post-22244","1":"product","2":"type-product","3":"status-publish","4":"has-post-thumbnail","6":"product_cat-digitale","7":"product_tag-crossroads","8":"product_tag-diasporica","9":"product_tag-gnawa","10":"product_tag-gnawa-rumi","11":"product_tag-marocchina","12":"product_tag-marocco","13":"product_tag-portelli","15":"first","16":"instock","17":"downloadable","18":"virtual","19":"purchasable","20":"product-type-simple"},"_links":{"self":[{"href":"https:\/\/www.nota.it\/en\/wp-json\/wp\/v2\/product\/22244","targetHints":{"allow":["GET"]}}],"collection":[{"href":"https:\/\/www.nota.it\/en\/wp-json\/wp\/v2\/product"}],"about":[{"href":"https:\/\/www.nota.it\/en\/wp-json\/wp\/v2\/types\/product"}],"replies":[{"embeddable":true,"href":"https:\/\/www.nota.it\/en\/wp-json\/wp\/v2\/comments?post=22244"}],"wp:featuredmedia":[{"embeddable":true,"href":"https:\/\/www.nota.it\/en\/wp-json\/wp\/v2\/media\/22196"}],"wp:attachment":[{"href":"https:\/\/www.nota.it\/en\/wp-json\/wp\/v2\/media?parent=22244"}],"wp:term":[{"taxonomy":"product_brand","embeddable":true,"href":"https:\/\/www.nota.it\/en\/wp-json\/wp\/v2\/product_brand?post=22244"},{"taxonomy":"product_cat","embeddable":true,"href":"https:\/\/www.nota.it\/en\/wp-json\/wp\/v2\/product_cat?post=22244"},{"taxonomy":"product_tag","embeddable":true,"href":"https:\/\/www.nota.it\/en\/wp-json\/wp\/v2\/product_tag?post=22244"}],"curies":[{"name":"wp","href":"https:\/\/api.w.org\/{rel}","templated":true}]}}