{"id":22251,"date":"2022-06-27T10:54:12","date_gmt":"2022-06-27T08:54:12","guid":{"rendered":"https:\/\/www.nota.it\/?post_type=product&#038;p=22251"},"modified":"2023-02-14T12:40:25","modified_gmt":"2023-02-14T11:40:25","slug":"qifti-digital-download","status":"publish","type":"product","link":"https:\/\/www.nota.it\/en\/prodotto\/qifti-digital-download\/","title":{"rendered":"Qifti (digital download)"},"content":{"rendered":"<p class=\"p2\">Angela Dell\u2019Aquila, una delle voci arb\u00ebresh\u00eb pi\u00f9 belle e rappresentative della Puglia, \u00e8 di Chieuti (Qifti \u2013 in arb\u00ebresh\u00eb), una piccola comunit\u00e0 in terra di Capitanata ai confini con il Molise. Salvatore Villani l\u2019ha conosciuta nel 2004, durante una ricognizione etnomusicale sui canti e le musiche alloglotte della provincia di Foggia. Come afferma l\u2019etnomusicologo garganico: \u00abNel nostro primo incontro mi colp\u00ec la sua versatilit\u00e0, il suo amore profondo per la cultura del suo paese, la padronanza della sua tecnica vocale, acquisita empiricamente, eppure cos\u00ec vicina agli stilemi del canto \u2018colto\u2019 della scuola italiana\u00bb.All\u2019et\u00e0 di settantotto anni, Angela interpreta ancora magistralmente i canti della tradizione arb\u00ebresh\u00eb della sua terra natia e i canti albanesi acquisiti nel corso degli anni, sotto la spinta del suo mentore Roberto Ruberto. La sua voce \u00e8 accompagnata dalla chitarra e dagli arrangiamenti di Salvatore Villani. La tradizione musicale di Chieuti ha suscitato l\u2019attenzione di Giovanna Marini che ha rielaborato il canto Rine, Rine, ti ku vajte? per il coro della Scuola Popolare di Musica di Testaccio di Roma \u2013 nel libretto \u00e8 contenuta la partitura originale inedita \u2013.<\/p>\n<div  class='avia-button-wrap av-uj2igt-1-370aa2c4aabd2a79872bfed748525b48-wrap avia-button-left  avia-builder-el-0  el_before_av_heading  avia-builder-el-first '><a href='https:\/\/music.apple.com\/it\/album\/qifti-canti-arb%C3%ABresh%C3%AB-di-chieuti-a-cura-di\/1633679412'  class='avia-button av-uj2igt-1-370aa2c4aabd2a79872bfed748525b48 av-link-btn avia-icon_select-yes-left-icon avia-size-small avia-position-left avia-color-grey'  target=\"_blank\"  rel=\"noopener noreferrer\"  aria-label=\"Ascolta o acquista il CD su iTunes\"><span class='avia_button_icon avia_button_icon_left avia-iconfont avia-font-entypo-fontello' data-av_icon='\ue800' data-av_iconfont='entypo-fontello' ><\/span><span class='avia_iconbox_title' >Ascolta o acquista il CD su iTunes<\/span><\/a><\/div>\n<p>&nbsp;<\/p>\n<p class=\"p1\">\n<style type=\"text\/css\" data-created_by=\"avia_inline_auto\" id=\"style-css-av-18v0rmm-81667afd5c8ddb00db013dc3203f5792\">\n#top .av-special-heading.av-18v0rmm-81667afd5c8ddb00db013dc3203f5792{\npadding-bottom:10px;\n}\nbody .av-special-heading.av-18v0rmm-81667afd5c8ddb00db013dc3203f5792 .av-special-heading-tag .heading-char{\nfont-size:25px;\n}\n.av-special-heading.av-18v0rmm-81667afd5c8ddb00db013dc3203f5792 .av-subheading{\nfont-size:15px;\n}\n<\/style>\n<div  class='av-special-heading av-18v0rmm-81667afd5c8ddb00db013dc3203f5792 av-special-heading-h4 meta-heading  avia-builder-el-1  el_after_av_button  el_before_av_blog '><h4 class='av-special-heading-tag '  itemprop=\"headline\"  >Recensioni<\/h4><div class=\"special-heading-border\"><div class=\"special-heading-inner-border\"><\/div><\/div><\/div><\/p>\n<div  class='av-alb-blogposts template-blog  '  itemscope=\"itemscope\" itemtype=\"https:\/\/schema.org\/Blog\" >\t<article class=\"entry\">\n\t\t<header class=\"entry-content-header\" aria-label=\"No Posts Found\" >\n<h1 class='post-title entry-title '>Nothing Found<\/h1>\t\t<\/header>\n\n\t\t<p class=\"entry-content\"  itemprop=\"text\" >Sorry, no posts matched your criteria<\/p>\n\n\t\t<footer class=\"entry-footer\"><\/footer>\n\t<\/article>\n\n<div class='bloglist-compact'><\/div><\/div>\n<p>&nbsp;<\/p>\n","protected":false},"excerpt":{"rendered":"<p><b><span style=\"color: #000000;\"><span class=\"s1\">Digital Download (PDF booklet + Brani AAC)<\/span> \u2013 32 pagine \u2013 ISBN 9788861632639<\/span><\/b><\/p>\n<p>Sono disponibili 3 download per questo articolo, scaricabili nell\u2019arco di 60gg. dalla data di acquisto. Il download sar\u00e0 disponibile solo dopo il pagamento.<\/p>\n<p>&nbsp;<\/p>\n<p><em>Canti arb\u00ebresh\u00eb di Chieuti<\/em><\/p>\n<p>a cura di Salvatore Villani<\/p>\n","protected":false},"featured_media":21679,"comment_status":"closed","ping_status":"closed","template":"","meta":[],"product_brand":[],"product_cat":[328],"product_tag":[1420,1424,1425,1421,1423,1422,378],"class_list":{"0":"post-22251","1":"product","2":"type-product","3":"status-publish","4":"has-post-thumbnail","6":"product_cat-digitale","7":"product_tag-angela-dellaquila","8":"product_tag-arbereshe","9":"product_tag-bn-cd-024","10":"product_tag-canti-arbereshe-di-chieuti","11":"product_tag-chieuti","12":"product_tag-qifti","13":"product_tag-salvatore-villani","15":"first","16":"instock","17":"downloadable","18":"virtual","19":"purchasable","20":"product-type-simple"},"_links":{"self":[{"href":"https:\/\/www.nota.it\/en\/wp-json\/wp\/v2\/product\/22251","targetHints":{"allow":["GET"]}}],"collection":[{"href":"https:\/\/www.nota.it\/en\/wp-json\/wp\/v2\/product"}],"about":[{"href":"https:\/\/www.nota.it\/en\/wp-json\/wp\/v2\/types\/product"}],"replies":[{"embeddable":true,"href":"https:\/\/www.nota.it\/en\/wp-json\/wp\/v2\/comments?post=22251"}],"wp:featuredmedia":[{"embeddable":true,"href":"https:\/\/www.nota.it\/en\/wp-json\/wp\/v2\/media\/21679"}],"wp:attachment":[{"href":"https:\/\/www.nota.it\/en\/wp-json\/wp\/v2\/media?parent=22251"}],"wp:term":[{"taxonomy":"product_brand","embeddable":true,"href":"https:\/\/www.nota.it\/en\/wp-json\/wp\/v2\/product_brand?post=22251"},{"taxonomy":"product_cat","embeddable":true,"href":"https:\/\/www.nota.it\/en\/wp-json\/wp\/v2\/product_cat?post=22251"},{"taxonomy":"product_tag","embeddable":true,"href":"https:\/\/www.nota.it\/en\/wp-json\/wp\/v2\/product_tag?post=22251"}],"curies":[{"name":"wp","href":"https:\/\/api.w.org\/{rel}","templated":true}]}}