{"id":22584,"date":"2022-08-30T12:14:01","date_gmt":"2022-08-30T10:14:01","guid":{"rendered":"https:\/\/www.nota.it\/?post_type=product&#038;p=22584"},"modified":"2024-05-28T12:09:46","modified_gmt":"2024-05-28T10:09:46","slug":"la-musine-dai-cjants-digital-download","status":"publish","type":"product","link":"https:\/\/www.nota.it\/en\/prodotto\/la-musine-dai-cjants-digital-download\/","title":{"rendered":"La musine dai cjants (digital download)"},"content":{"rendered":"<p class=\"p1\">Esistie la musiche furlane? O ben ise dome musiche par furlan.<br \/>\nLino Straulino, musicist cjargnel, aut\u00f4r di desinis di discs e di simpri apassion\u00e2t de musiche tradizion\u00e2l al f\u00e2s un via\u00e7 ae ricercje des peculiarit\u00e2ts de musiche furlane, scuvierzint formulis e modei che a rivin di un pass\u00e2t lontan ma che inm\u00f2 in d\u00ec di vu\u00ea a puedin jessi dopr\u00e2ts par scrivi, sun\u00e2 e cjant\u00e2 musiche propite furlane.<br \/>\nNol \u00e8 un sa\u00e7, al \u00e8 scuasit un manu\u00e2l ma forsit, mi\u00f4r, ancje il diari di une ricercje person\u00e2l fate sul cjamp e te storie de musiche in Fri\u00fbl.<br \/>\nIl risult\u00e2t e je une propueste par rignuv\u00ee i repertoris dal cjant furlan cun 15 moments cont\u00e2ts e 101 gn\u00fbfs cjants di lei, scolt\u00e2 e esegu\u00ee.<\/p>\n<p class=\"p1\">Esiste la musica friulana? Oppure \u00e8 solo musica in friulano.<br \/>\nLino Straulino, musicista carnico, autore di decine di dischi e da sempre cultore della musica tradizionale, fa un viaggio alla ricerca delle peculiarit\u00e0 della musica friulana, scoprendo formule e modelli che vengono da un passato remoto ma che ancora oggi possono essere usati per scrivere, suonare e cantare musica propriamente friulana.<br \/>\nNon \u00e8 un saggio, \u00e8 quasi un manuale ma forse, meglio, anche il diario di una personale ricerca fatta sul campo e nella storia della musica in Friuli.<br \/>\nIl risultato \u00e8 una proposta per rinnovare i repertori del canto friulano con 15 tappe raccontate e 101 nuovi canti da leggere, ascoltare ed eseguire.<\/p>\n","protected":false},"excerpt":{"rendered":"<p><b><span style=\"color: #000000;\"><span class=\"s1\">Digital Download (PDF booklet)<\/span> \u2013 120 pagine \u2013 ISBN 9788861632523<\/span><\/b><\/p>\n<p>Sono disponibili 3 download per questo articolo, scaricabili nell\u2019arco di 60gg. dalla data di acquisto. Il download sar\u00e0 disponibile solo dopo il pagamento.<\/p>\n","protected":false},"featured_media":22537,"comment_status":"closed","ping_status":"closed","template":"","meta":[],"product_brand":[],"product_cat":[328],"product_tag":[1490,394,1491,1489],"class_list":{"0":"post-22584","1":"product","2":"type-product","3":"status-publish","4":"has-post-thumbnail","6":"product_cat-digitale","7":"product_tag-la-musine-dai-cjants","8":"product_tag-lino-straulino","9":"product_tag-musine","10":"product_tag-q-book-014","12":"first","13":"instock","14":"downloadable","15":"virtual","16":"purchasable","17":"product-type-simple"},"_links":{"self":[{"href":"https:\/\/www.nota.it\/en\/wp-json\/wp\/v2\/product\/22584","targetHints":{"allow":["GET"]}}],"collection":[{"href":"https:\/\/www.nota.it\/en\/wp-json\/wp\/v2\/product"}],"about":[{"href":"https:\/\/www.nota.it\/en\/wp-json\/wp\/v2\/types\/product"}],"replies":[{"embeddable":true,"href":"https:\/\/www.nota.it\/en\/wp-json\/wp\/v2\/comments?post=22584"}],"wp:featuredmedia":[{"embeddable":true,"href":"https:\/\/www.nota.it\/en\/wp-json\/wp\/v2\/media\/22537"}],"wp:attachment":[{"href":"https:\/\/www.nota.it\/en\/wp-json\/wp\/v2\/media?parent=22584"}],"wp:term":[{"taxonomy":"product_brand","embeddable":true,"href":"https:\/\/www.nota.it\/en\/wp-json\/wp\/v2\/product_brand?post=22584"},{"taxonomy":"product_cat","embeddable":true,"href":"https:\/\/www.nota.it\/en\/wp-json\/wp\/v2\/product_cat?post=22584"},{"taxonomy":"product_tag","embeddable":true,"href":"https:\/\/www.nota.it\/en\/wp-json\/wp\/v2\/product_tag?post=22584"}],"curies":[{"name":"wp","href":"https:\/\/api.w.org\/{rel}","templated":true}]}}