{"id":27184,"date":"2025-05-26T14:48:09","date_gmt":"2025-05-26T12:48:09","guid":{"rendered":"https:\/\/www.nota.it\/prodotto\/truois-e-gotes\/"},"modified":"2025-11-04T10:19:52","modified_gmt":"2025-11-04T09:19:52","slug":"truois-e-gotes","status":"publish","type":"product","link":"https:\/\/www.nota.it\/en\/prodotto\/truois-e-gotes\/","title":{"rendered":"Tru\u00f3is e g\u00f2tes"},"content":{"rendered":"<p>Tru\u00f2is e g\u00f2tes, a title derived from two significant albums by Franco Giordani (Tru\u00f2isparis, 2017) and Alvise Nodale (G\u00f2tes, 2024). &#8216;Gocce e sentieri&#8217; (Drops and Paths) seems to indicate how the twelve tracks, including one unreleased and one traditional, are drops from the musical heritage of the two authors, pointing to an interpretative path for their idea of music. A strictly acoustic concert, recorded in an unusual and evocative historical location such as the cave of San Giovanni d&#8217;Antro in the Natisone Valleys, presents a selection of the best-known tracks from the repertoire of Franco Giordani and Alvise Nodale. The sounds of the natural environment, the mix of linguistic variations in the lyrics, and the great guitar and vocal harmony make this album a delightful introduction to the poetics of two Friulian composers.<div  class='avia-button-wrap av-uj2igt-042e464a482082e374d59948735c401f-wrap avia-button-left  avia-builder-el-0  avia-builder-el-no-sibling '><a href='https:\/\/www.nota.it\/en\/prodotto\/truois-e-gotes-digital-download\/<\/p>\n<p>There are 3 downloads available for this item, which can be downloaded within 60 days of purchase. The download will only be available after payment.'  class='avia-button av-uj2igt-042e464a482082e374d59948735c401f av-link-btn avia-icon_select-yes-left-icon avia-size-small avia-position-left avia-color-theme-color'  target=\"_blank\"  rel=\"noopener noreferrer\"  aria-label=\"Buy it in digital\"><span class='avia_button_icon avia_button_icon_left avia-iconfont avia-font-entypo-fontello' data-av_icon='\ue82d' data-av_iconfont='entypo-fontello' ><\/span><span class='avia_iconbox_title' >Buy it in digital<\/span><\/a><\/div><\/p><\/div>\n<\/div>\n<\/div>\n<\/div>\n<\/div>\n","protected":false},"excerpt":{"rendered":"<p><strong>Ean 8033481630628<\/strong><\/p>\n<p><em>Franco Giordani<\/em><br \/>\n<em>Alvise Nodale<\/em><\/p>\n<p><strong>Dal vivo in San Giovanni D&#8217;Antro<\/strong><\/p>\n","protected":false},"featured_media":25793,"comment_status":"closed","ping_status":"closed","template":"","meta":[],"product_brand":[],"product_cat":[215],"product_tag":[1965,1963,1964,1966],"class_list":{"0":"post-27184","1":"product","2":"type-product","3":"status-publish","4":"has-post-thumbnail","6":"product_cat-nota-en","7":"product_tag-alvise-nodale","8":"product_tag-franco-giordani","9":"product_tag-nota-cd-062","10":"product_tag-truois-e-gotes","12":"first","13":"instock","14":"taxable","15":"shipping-taxable","16":"purchasable","17":"product-type-simple"},"_links":{"self":[{"href":"https:\/\/www.nota.it\/en\/wp-json\/wp\/v2\/product\/27184","targetHints":{"allow":["GET"]}}],"collection":[{"href":"https:\/\/www.nota.it\/en\/wp-json\/wp\/v2\/product"}],"about":[{"href":"https:\/\/www.nota.it\/en\/wp-json\/wp\/v2\/types\/product"}],"replies":[{"embeddable":true,"href":"https:\/\/www.nota.it\/en\/wp-json\/wp\/v2\/comments?post=27184"}],"wp:featuredmedia":[{"embeddable":true,"href":"https:\/\/www.nota.it\/en\/wp-json\/wp\/v2\/media\/25793"}],"wp:attachment":[{"href":"https:\/\/www.nota.it\/en\/wp-json\/wp\/v2\/media?parent=27184"}],"wp:term":[{"taxonomy":"product_brand","embeddable":true,"href":"https:\/\/www.nota.it\/en\/wp-json\/wp\/v2\/product_brand?post=27184"},{"taxonomy":"product_cat","embeddable":true,"href":"https:\/\/www.nota.it\/en\/wp-json\/wp\/v2\/product_cat?post=27184"},{"taxonomy":"product_tag","embeddable":true,"href":"https:\/\/www.nota.it\/en\/wp-json\/wp\/v2\/product_tag?post=27184"}],"curies":[{"name":"wp","href":"https:\/\/api.w.org\/{rel}","templated":true}]}}