{"id":27213,"date":"2024-12-20T14:25:35","date_gmt":"2024-12-20T13:25:35","guid":{"rendered":"https:\/\/www.nota.it\/prodotto\/cjants-dincjaroi-digital-download\/"},"modified":"2024-12-20T14:25:35","modified_gmt":"2024-12-20T13:25:35","slug":"cjants-dincjaroi-digital-download","status":"publish","type":"product","link":"https:\/\/www.nota.it\/en\/prodotto\/cjants-dincjaroi-digital-download\/","title":{"rendered":"Cjants d\u2019Incjaroi (digital download)"},"content":{"rendered":"<p>This anthology brings together a careful selection of folk songs from Val d&#8217;Incarojo, in Carnia, in the upper Friuli region. The <em>cjants<\/em>, performed in the Carnic-Paularina variant of the Friulian language, mostly follow the form of the Friulian villotta and deal with various topics, from lullabies to work and emigration songs, nursery rhymes, religious and epiphanic songs, mocking songs, love songs, work songs and emigration songs.<\/p>\n<p>Alessio Screm holds an international PhD in musicology and a second degree in Culture et m\u00e9diation des arts du spectacle from the Universit\u00e9 Fran\u00e7ois Rabelais de Tours. He is currently working on his thesis for a third master&#8217;s degree in Economics and Management of Arts and Cultural Activities at Ca&#8217; Foscari University in Venice. He is a lecturer, writer, journalist, author and RAI presenter.<\/p>\n","protected":false},"excerpt":{"rendered":"<p><b><span style=\"color: black;\"><span class=\"s1\">Digital Download (PDF book)<\/span> \u2013 304 pages \u2013 ISBN <strong>9788861632967<\/strong><\/span><\/b><\/p>\n<p><em>Cjants d\u2019Incjaroi<\/em><\/p>\n<p>di <span class=\"s1\"><b>Alessio Screm<\/b><\/span><\/p>\n<p>There are 3 downloads available for this item, which can be downloaded within 60 days of purchase. The download will only be available after payment.<\/p>\n","protected":false},"featured_media":24982,"comment_status":"closed","ping_status":"closed","template":"","meta":[],"product_brand":[],"product_cat":[1952],"product_tag":[],"class_list":{"0":"post-27213","1":"product","2":"type-product","3":"status-publish","4":"has-post-thumbnail","6":"product_cat-digitale","8":"first","9":"instock","10":"downloadable","11":"virtual","12":"purchasable","13":"product-type-simple"},"_links":{"self":[{"href":"https:\/\/www.nota.it\/en\/wp-json\/wp\/v2\/product\/27213","targetHints":{"allow":["GET"]}}],"collection":[{"href":"https:\/\/www.nota.it\/en\/wp-json\/wp\/v2\/product"}],"about":[{"href":"https:\/\/www.nota.it\/en\/wp-json\/wp\/v2\/types\/product"}],"replies":[{"embeddable":true,"href":"https:\/\/www.nota.it\/en\/wp-json\/wp\/v2\/comments?post=27213"}],"wp:featuredmedia":[{"embeddable":true,"href":"https:\/\/www.nota.it\/en\/wp-json\/wp\/v2\/media\/24982"}],"wp:attachment":[{"href":"https:\/\/www.nota.it\/en\/wp-json\/wp\/v2\/media?parent=27213"}],"wp:term":[{"taxonomy":"product_brand","embeddable":true,"href":"https:\/\/www.nota.it\/en\/wp-json\/wp\/v2\/product_brand?post=27213"},{"taxonomy":"product_cat","embeddable":true,"href":"https:\/\/www.nota.it\/en\/wp-json\/wp\/v2\/product_cat?post=27213"},{"taxonomy":"product_tag","embeddable":true,"href":"https:\/\/www.nota.it\/en\/wp-json\/wp\/v2\/product_tag?post=27213"}],"curies":[{"name":"wp","href":"https:\/\/api.w.org\/{rel}","templated":true}]}}